{"id":13021,"date":"2025-06-29T14:47:12","date_gmt":"2025-06-29T12:47:12","guid":{"rendered":"https:\/\/uj.adatbank.ro\/lexikon\/termek\/kovacs-killyeni-csalad\/"},"modified":"2025-06-29T14:47:12","modified_gmt":"2025-06-29T12:47:12","slug":"kovacs-killyeni-csalad","status":"publish","type":"product","link":"https:\/\/uj.adatbank.ro\/lexikon\/termek\/kovacs-killyeni-csalad\/","title":{"rendered":"KOV\u00c1CS, killy\u00e9ni csal\u00e1d"},"content":{"rendered":"<p>Ebb\u0151l S\u00e1muel Fels\u0151-Fej\u00e9r v\u00e1rmegy\u00e9ben szolgab\u00edr\u00f3. M\u00e1sik S\u00e1muel kir. t\u00e1blai \u00fcgyv\u00e9d Mv.-en (1848). <br \/><strong>Irod.:<\/strong> Nagy Iv\u00e1n<\/br><\/p>\n","protected":false},"excerpt":{"rendered":"<p>Ebb\u0151l S\u00e1muel Fels\u0151-Fej\u00e9r v\u00e1rmegy\u00e9ben szolgab\u00edr\u00f3. M\u00e1sik S\u00e1muel kir. t\u00e1blai \u00fcgyv\u00e9d Mv.-en (1848). Irod.: Nagy Iv\u00e1n<\/p>\n","protected":false},"featured_media":0,"comment_status":"open","ping_status":"closed","template":"","meta":[],"product_brand":[],"product_cat":[137],"product_tag":[],"class_list":{"0":"post-13021","1":"product","2":"type-product","3":"status-publish","5":"product_cat-maros-megyei-eletrajzi-lexikon","7":"first","8":"instock","9":"shipping-taxable","10":"product-type-simple"},"_links":{"self":[{"href":"https:\/\/uj.adatbank.ro\/lexikon\/wp-json\/wp\/v2\/product\/13021","targetHints":{"allow":["GET"]}}],"collection":[{"href":"https:\/\/uj.adatbank.ro\/lexikon\/wp-json\/wp\/v2\/product"}],"about":[{"href":"https:\/\/uj.adatbank.ro\/lexikon\/wp-json\/wp\/v2\/types\/product"}],"replies":[{"embeddable":true,"href":"https:\/\/uj.adatbank.ro\/lexikon\/wp-json\/wp\/v2\/comments?post=13021"}],"wp:attachment":[{"href":"https:\/\/uj.adatbank.ro\/lexikon\/wp-json\/wp\/v2\/media?parent=13021"}],"wp:term":[{"taxonomy":"product_brand","embeddable":true,"href":"https:\/\/uj.adatbank.ro\/lexikon\/wp-json\/wp\/v2\/product_brand?post=13021"},{"taxonomy":"product_cat","embeddable":true,"href":"https:\/\/uj.adatbank.ro\/lexikon\/wp-json\/wp\/v2\/product_cat?post=13021"},{"taxonomy":"product_tag","embeddable":true,"href":"https:\/\/uj.adatbank.ro\/lexikon\/wp-json\/wp\/v2\/product_tag?post=13021"}],"curies":[{"name":"wp","href":"https:\/\/api.w.org\/{rel}","templated":true}]}}