{"id":13022,"date":"2025-06-29T14:47:15","date_gmt":"2025-06-29T12:47:15","guid":{"rendered":"https:\/\/uj.adatbank.ro\/lexikon\/termek\/kovacs-koszvenyesremetei\/"},"modified":"2025-06-29T14:47:15","modified_gmt":"2025-06-29T12:47:15","slug":"kovacs-koszvenyesremetei","status":"publish","type":"product","link":"https:\/\/uj.adatbank.ro\/lexikon\/termek\/kovacs-koszvenyesremetei\/","title":{"rendered":"KOV\u00c1CS, k\u00f6szv\u00e9nyesremetei"},"content":{"rendered":"<p>a csal\u00e1db\u00f3l K. Imre Marossz\u00e9ken \u00e1rvasz\u00e9ki \u00fcln\u00f6k (1848). <br \/><strong>Irod.:<\/strong> P\u00e1lmay<\/br><\/p>\n","protected":false},"excerpt":{"rendered":"<p>a csal\u00e1db\u00f3l K. Imre Marossz\u00e9ken \u00e1rvasz\u00e9ki \u00fcln\u00f6k (1848). Irod.: P\u00e1lmay<\/p>\n","protected":false},"featured_media":0,"comment_status":"open","ping_status":"closed","template":"","meta":[],"product_brand":[],"product_cat":[137],"product_tag":[],"class_list":{"0":"post-13022","1":"product","2":"type-product","3":"status-publish","5":"product_cat-maros-megyei-eletrajzi-lexikon","7":"first","8":"instock","9":"shipping-taxable","10":"product-type-simple"},"_links":{"self":[{"href":"https:\/\/uj.adatbank.ro\/lexikon\/wp-json\/wp\/v2\/product\/13022","targetHints":{"allow":["GET"]}}],"collection":[{"href":"https:\/\/uj.adatbank.ro\/lexikon\/wp-json\/wp\/v2\/product"}],"about":[{"href":"https:\/\/uj.adatbank.ro\/lexikon\/wp-json\/wp\/v2\/types\/product"}],"replies":[{"embeddable":true,"href":"https:\/\/uj.adatbank.ro\/lexikon\/wp-json\/wp\/v2\/comments?post=13022"}],"wp:attachment":[{"href":"https:\/\/uj.adatbank.ro\/lexikon\/wp-json\/wp\/v2\/media?parent=13022"}],"wp:term":[{"taxonomy":"product_brand","embeddable":true,"href":"https:\/\/uj.adatbank.ro\/lexikon\/wp-json\/wp\/v2\/product_brand?post=13022"},{"taxonomy":"product_cat","embeddable":true,"href":"https:\/\/uj.adatbank.ro\/lexikon\/wp-json\/wp\/v2\/product_cat?post=13022"},{"taxonomy":"product_tag","embeddable":true,"href":"https:\/\/uj.adatbank.ro\/lexikon\/wp-json\/wp\/v2\/product_tag?post=13022"}],"curies":[{"name":"wp","href":"https:\/\/api.w.org\/{rel}","templated":true}]}}