{"id":13026,"date":"2025-06-29T14:47:25","date_gmt":"2025-06-29T12:47:25","guid":{"rendered":"https:\/\/uj.adatbank.ro\/lexikon\/termek\/kovacs-mezobandi-szekely-csalad\/"},"modified":"2025-06-29T14:47:25","modified_gmt":"2025-06-29T12:47:25","slug":"kovacs-mezobandi-szekely-csalad","status":"publish","type":"product","link":"https:\/\/uj.adatbank.ro\/lexikon\/termek\/kovacs-mezobandi-szekely-csalad\/","title":{"rendered":"KOV\u00c1CS, mez\u0151b\u00e1ndi sz\u00e9kely csal\u00e1d"},"content":{"rendered":"<p>K. P\u00e9ter (1753., 1759.), Zsigmond (1781.) \u00e9vi c\u00edmerpecs\u00e9tje s lesz\u00e1rmaz\u00e1si adatok a gr. Teleki-lev\u00e9lt\u00e1rban Mv. \u2013 Lesz\u00e1rmaz\u00e1s: Istv\u00e1n 1699 v\u00e9grend. 1) Balog M\u00e1ria 2) Fekete Erzse; Jutka petki Nagy Zsigmond; P\u00e9ter 1686 \u20201763 II\/21. Makrai \u00c1gnes; P\u00e9ter ni. 1768; Ferencz 1737 \u20201793 IV\/28. ni. 1768. R\u00e9z Borb\u00e1la; P\u00e9ter 1782. VII\/13. 1809. IV\/23: Albert Krisztina; Druzsa 1840. XI\/24: Gaal P\u00e9ter. <br \/><strong>Irod.:<\/strong> Kempelen<\/br><\/p>\n","protected":false},"excerpt":{"rendered":"<p>K. P\u00e9ter (1753., 1759.), Zsigmond (1781.) \u00e9vi c\u00edmerpecs\u00e9tje s lesz\u00e1rmaz\u00e1si adatok a gr. Teleki-lev\u00e9lt\u00e1rban Mv. \u2013 Lesz\u00e1rmaz\u00e1s: Istv\u00e1n 1699 v\u00e9grend. 1) Balog M\u00e1ria 2) Fekete Erzse; Jutka petki Nagy Zsigmond; P\u00e9ter 1686 \u20201763 II\/21. Makrai \u00c1gnes; P\u00e9ter ni. 1768; Ferencz 1737 \u20201793 IV\/28. ni. 1768. R\u00e9z Borb\u00e1la; P\u00e9ter 1782. VII\/13. 1809. IV\/23: Albert Krisztina; Druzsa [&hellip;]<\/p>\n","protected":false},"featured_media":0,"comment_status":"open","ping_status":"closed","template":"","meta":[],"product_brand":[],"product_cat":[137],"product_tag":[],"class_list":{"0":"post-13026","1":"product","2":"type-product","3":"status-publish","5":"product_cat-maros-megyei-eletrajzi-lexikon","7":"first","8":"instock","9":"shipping-taxable","10":"product-type-simple"},"_links":{"self":[{"href":"https:\/\/uj.adatbank.ro\/lexikon\/wp-json\/wp\/v2\/product\/13026","targetHints":{"allow":["GET"]}}],"collection":[{"href":"https:\/\/uj.adatbank.ro\/lexikon\/wp-json\/wp\/v2\/product"}],"about":[{"href":"https:\/\/uj.adatbank.ro\/lexikon\/wp-json\/wp\/v2\/types\/product"}],"replies":[{"embeddable":true,"href":"https:\/\/uj.adatbank.ro\/lexikon\/wp-json\/wp\/v2\/comments?post=13026"}],"wp:attachment":[{"href":"https:\/\/uj.adatbank.ro\/lexikon\/wp-json\/wp\/v2\/media?parent=13026"}],"wp:term":[{"taxonomy":"product_brand","embeddable":true,"href":"https:\/\/uj.adatbank.ro\/lexikon\/wp-json\/wp\/v2\/product_brand?post=13026"},{"taxonomy":"product_cat","embeddable":true,"href":"https:\/\/uj.adatbank.ro\/lexikon\/wp-json\/wp\/v2\/product_cat?post=13026"},{"taxonomy":"product_tag","embeddable":true,"href":"https:\/\/uj.adatbank.ro\/lexikon\/wp-json\/wp\/v2\/product_tag?post=13026"}],"curies":[{"name":"wp","href":"https:\/\/api.w.org\/{rel}","templated":true}]}}