{"id":13030,"date":"2025-06-29T14:47:31","date_gmt":"2025-06-29T12:47:31","guid":{"rendered":"https:\/\/uj.adatbank.ro\/lexikon\/termek\/kovacs-muzsnai-csalad\/"},"modified":"2025-06-29T14:47:31","modified_gmt":"2025-06-29T12:47:31","slug":"kovacs-muzsnai-csalad","status":"publish","type":"product","link":"https:\/\/uj.adatbank.ro\/lexikon\/termek\/kovacs-muzsnai-csalad\/","title":{"rendered":"KOV\u00c1CS, muzsnai csal\u00e1d"},"content":{"rendered":"<p>K\u00fck\u00fcll\u0151 megy\u00e9ben k\u00f6z\u00fcl\u00fck J\u00e1nos aljegyz\u0151, id. J\u00f3zsef hivatali ajt\u00f3n\u00e1ll\u00f3, ifj. J\u00f3zsef lev\u00e9lt\u00e1rnok, \u00e9s \u00e1rvasz\u00e9ki \u00fcln\u00f6k (1848). <br \/><strong>Irod.:<\/strong> Nagy Iv\u00e1n<\/br><\/p>\n","protected":false},"excerpt":{"rendered":"<p>K\u00fck\u00fcll\u0151 megy\u00e9ben k\u00f6z\u00fcl\u00fck J\u00e1nos aljegyz\u0151, id. J\u00f3zsef hivatali ajt\u00f3n\u00e1ll\u00f3, ifj. J\u00f3zsef lev\u00e9lt\u00e1rnok, \u00e9s \u00e1rvasz\u00e9ki \u00fcln\u00f6k (1848). Irod.: Nagy Iv\u00e1n<\/p>\n","protected":false},"featured_media":0,"comment_status":"open","ping_status":"closed","template":"","meta":[],"product_brand":[],"product_cat":[137],"product_tag":[],"class_list":{"0":"post-13030","1":"product","2":"type-product","3":"status-publish","5":"product_cat-maros-megyei-eletrajzi-lexikon","7":"first","8":"instock","9":"shipping-taxable","10":"product-type-simple"},"_links":{"self":[{"href":"https:\/\/uj.adatbank.ro\/lexikon\/wp-json\/wp\/v2\/product\/13030","targetHints":{"allow":["GET"]}}],"collection":[{"href":"https:\/\/uj.adatbank.ro\/lexikon\/wp-json\/wp\/v2\/product"}],"about":[{"href":"https:\/\/uj.adatbank.ro\/lexikon\/wp-json\/wp\/v2\/types\/product"}],"replies":[{"embeddable":true,"href":"https:\/\/uj.adatbank.ro\/lexikon\/wp-json\/wp\/v2\/comments?post=13030"}],"wp:attachment":[{"href":"https:\/\/uj.adatbank.ro\/lexikon\/wp-json\/wp\/v2\/media?parent=13030"}],"wp:term":[{"taxonomy":"product_brand","embeddable":true,"href":"https:\/\/uj.adatbank.ro\/lexikon\/wp-json\/wp\/v2\/product_brand?post=13030"},{"taxonomy":"product_cat","embeddable":true,"href":"https:\/\/uj.adatbank.ro\/lexikon\/wp-json\/wp\/v2\/product_cat?post=13030"},{"taxonomy":"product_tag","embeddable":true,"href":"https:\/\/uj.adatbank.ro\/lexikon\/wp-json\/wp\/v2\/product_tag?post=13030"}],"curies":[{"name":"wp","href":"https:\/\/api.w.org\/{rel}","templated":true}]}}