{"id":13035,"date":"2025-06-29T14:47:40","date_gmt":"2025-06-29T12:47:40","guid":{"rendered":"https:\/\/uj.adatbank.ro\/lexikon\/termek\/kovacs-szekelydvarhelyi-csalad\/"},"modified":"2025-06-29T14:47:40","modified_gmt":"2025-06-29T12:47:40","slug":"kovacs-szekelydvarhelyi-csalad","status":"publish","type":"product","link":"https:\/\/uj.adatbank.ro\/lexikon\/termek\/kovacs-szekelydvarhelyi-csalad\/","title":{"rendered":"KOV\u00c1CS, sz\u00e9kelydvarhelyi csal\u00e1d"},"content":{"rendered":"<p>K\u00f6z\u00fcl\u00f6k Istv\u00e1n marossz\u00e9ki t\u00f6rv. sz\u00e9ki \u00fcln\u00f6k 1815-ben. Ferencz postai hivatalnok. &#8211;<br \/><strong>Irod.:<\/strong> Nagy Iv\u00e1n<\/br><\/p>\n","protected":false},"excerpt":{"rendered":"<p>K\u00f6z\u00fcl\u00f6k Istv\u00e1n marossz\u00e9ki t\u00f6rv. sz\u00e9ki \u00fcln\u00f6k 1815-ben. Ferencz postai hivatalnok. &#8211;Irod.: Nagy Iv\u00e1n<\/p>\n","protected":false},"featured_media":0,"comment_status":"open","ping_status":"closed","template":"","meta":[],"product_brand":[],"product_cat":[137],"product_tag":[],"class_list":{"0":"post-13035","1":"product","2":"type-product","3":"status-publish","5":"product_cat-maros-megyei-eletrajzi-lexikon","7":"first","8":"instock","9":"shipping-taxable","10":"product-type-simple"},"_links":{"self":[{"href":"https:\/\/uj.adatbank.ro\/lexikon\/wp-json\/wp\/v2\/product\/13035","targetHints":{"allow":["GET"]}}],"collection":[{"href":"https:\/\/uj.adatbank.ro\/lexikon\/wp-json\/wp\/v2\/product"}],"about":[{"href":"https:\/\/uj.adatbank.ro\/lexikon\/wp-json\/wp\/v2\/types\/product"}],"replies":[{"embeddable":true,"href":"https:\/\/uj.adatbank.ro\/lexikon\/wp-json\/wp\/v2\/comments?post=13035"}],"wp:attachment":[{"href":"https:\/\/uj.adatbank.ro\/lexikon\/wp-json\/wp\/v2\/media?parent=13035"}],"wp:term":[{"taxonomy":"product_brand","embeddable":true,"href":"https:\/\/uj.adatbank.ro\/lexikon\/wp-json\/wp\/v2\/product_brand?post=13035"},{"taxonomy":"product_cat","embeddable":true,"href":"https:\/\/uj.adatbank.ro\/lexikon\/wp-json\/wp\/v2\/product_cat?post=13035"},{"taxonomy":"product_tag","embeddable":true,"href":"https:\/\/uj.adatbank.ro\/lexikon\/wp-json\/wp\/v2\/product_tag?post=13035"}],"curies":[{"name":"wp","href":"https:\/\/api.w.org\/{rel}","templated":true}]}}