{"id":13039,"date":"2025-06-29T14:47:49","date_gmt":"2025-06-29T12:47:49","guid":{"rendered":"https:\/\/uj.adatbank.ro\/lexikon\/termek\/kovacsi-albert\/"},"modified":"2025-06-29T14:47:49","modified_gmt":"2025-06-29T12:47:49","slug":"kovacsi-albert","status":"publish","type":"product","link":"https:\/\/uj.adatbank.ro\/lexikon\/termek\/kovacsi-albert\/","title":{"rendered":"KOV\u00c1CSI ALBERT"},"content":{"rendered":"<p>Csittszentiv\u00e1ny, 1889 nov. 17 \u2020 Bonyha, 1971 : lelkip\u00e1sztor: &#8211; K\u00f6z\u00e9pisk. -t Mv.-en, a teol\u00f3gi\u00e1t S\u00e1rospatakon v\u00e9gezte (1915). Ceg\u0151telk\u00e9re (Beszterce-Nasz\u00f3d), nevezt\u00e9k ki lelk\u00e9sznek, majd \u00c1d\u00e1moson szolg\u00e1lt (1916\u20131918). A Hegyi S\u00e1ndor nyugd\u00edjaz\u00e1s\u00e1val meg\u00fcresedett bonyhai lelk\u00e9szi \u00e1ll\u00e1sba Bethlen \u00c1d\u00e1m gr. javaslat\u00e1ra ker\u00fclt. A papi fizet\u00e9s nagyon szer\u00e9ny volt. Anyagi godjain n\u00e9mileg seg\u00edtett, h. feles\u00e9ge, Muzsnai Vilma, postai tisztvisel\u0151k\u00e9nt \u00e1llami fizet\u00e9st kapott. M\u00e9gis, a fiatal pap nemegyszer sietett adom\u00e1nyaival az egyh\u00e1z seg\u00edts\u00e9g\u00e9re (a paplak \u00e9p\u00edt\u00e9sekor, a sz\u00e1szv\u00e1rosi \u00e1rvah\u00e1z jav\u00e1ra Bonyh\u00e1b\u00f3l \u0151 aj\u00e1nlotta fel a legnagyobb \u00f6sszeget.) Legnehezebb \u00e9vei voltak (1949\u20131951), amikor a h\u00edvek egy\u00e1ltal\u00e1n nem fizettek kep\u00e9t, mert \u00f6nk\u00e9nt lemondott r\u00f3la. Nagy neh\u00e9zs\u00e9gek k\u00f6z\u00f6tt tudta csak gyermekeit tan\u00edttatni. \u00c9let\u00e9nek legnagyobb b\u00e1nata volt orvostanhallgat\u00f3 fi\u00e1nak, Albertnek elveszt\u00e9se (1950). 38 \u00e9vi szolg\u00e1lat ut\u00e1n nyugd\u00edjazt\u00e1k (1956). &#8211;<br \/><strong>Irod.:<\/strong> Bonyha \u00e9s egyh\u00e1za<\/br><\/p>\n","protected":false},"excerpt":{"rendered":"<p>Csittszentiv\u00e1ny, 1889 nov. 17 \u2020 Bonyha, 1971 : lelkip\u00e1sztor: &#8211; K\u00f6z\u00e9pisk. -t Mv.-en, a teol\u00f3gi\u00e1t S\u00e1rospatakon v\u00e9gezte (1915). Ceg\u0151telk\u00e9re (Beszterce-Nasz\u00f3d), nevezt\u00e9k ki lelk\u00e9sznek, majd \u00c1d\u00e1moson szolg\u00e1lt (1916\u20131918). A Hegyi S\u00e1ndor nyugd\u00edjaz\u00e1s\u00e1val meg\u00fcresedett bonyhai lelk\u00e9szi \u00e1ll\u00e1sba Bethlen \u00c1d\u00e1m gr. javaslat\u00e1ra ker\u00fclt. A papi fizet\u00e9s nagyon szer\u00e9ny volt. Anyagi godjain n\u00e9mileg seg\u00edtett, h. feles\u00e9ge, Muzsnai Vilma, postai [&hellip;]<\/p>\n","protected":false},"featured_media":0,"comment_status":"open","ping_status":"closed","template":"","meta":[],"product_brand":[],"product_cat":[137],"product_tag":[],"class_list":{"0":"post-13039","1":"product","2":"type-product","3":"status-publish","5":"product_cat-maros-megyei-eletrajzi-lexikon","7":"first","8":"instock","9":"shipping-taxable","10":"product-type-simple"},"_links":{"self":[{"href":"https:\/\/uj.adatbank.ro\/lexikon\/wp-json\/wp\/v2\/product\/13039","targetHints":{"allow":["GET"]}}],"collection":[{"href":"https:\/\/uj.adatbank.ro\/lexikon\/wp-json\/wp\/v2\/product"}],"about":[{"href":"https:\/\/uj.adatbank.ro\/lexikon\/wp-json\/wp\/v2\/types\/product"}],"replies":[{"embeddable":true,"href":"https:\/\/uj.adatbank.ro\/lexikon\/wp-json\/wp\/v2\/comments?post=13039"}],"wp:attachment":[{"href":"https:\/\/uj.adatbank.ro\/lexikon\/wp-json\/wp\/v2\/media?parent=13039"}],"wp:term":[{"taxonomy":"product_brand","embeddable":true,"href":"https:\/\/uj.adatbank.ro\/lexikon\/wp-json\/wp\/v2\/product_brand?post=13039"},{"taxonomy":"product_cat","embeddable":true,"href":"https:\/\/uj.adatbank.ro\/lexikon\/wp-json\/wp\/v2\/product_cat?post=13039"},{"taxonomy":"product_tag","embeddable":true,"href":"https:\/\/uj.adatbank.ro\/lexikon\/wp-json\/wp\/v2\/product_tag?post=13039"}],"curies":[{"name":"wp","href":"https:\/\/api.w.org\/{rel}","templated":true}]}}