{"id":13042,"date":"2025-06-29T14:47:55","date_gmt":"2025-06-29T12:47:55","guid":{"rendered":"https:\/\/uj.adatbank.ro\/lexikon\/termek\/kovacsoczy-istvan-kortvefai-kovacsoczi-istvan-kowachozy-istvan-kovachoczy-istvan\/"},"modified":"2025-06-29T14:47:55","modified_gmt":"2025-06-29T12:47:55","slug":"kovacsoczy-istvan-kortvefai-kovacsoczi-istvan-kowachozy-istvan-kovachoczy-istvan","status":"publish","type":"product","link":"https:\/\/uj.adatbank.ro\/lexikon\/termek\/kovacsoczy-istvan-kortvefai-kovacsoczi-istvan-kowachozy-istvan-kovachoczy-istvan\/","title":{"rendered":"KOVACS\u00d3CZY Istv\u00e1n, k\u00f6rtvef\u00e1i, Kovacs\u00f3czi Istv\u00e1n, Kowachozy Istv\u00e1n, Kovachoczy Istv\u00e1n"},"content":{"rendered":"<p>1500-as \u00e9vek k\u00f6zepe, v\u00e9ge, \u2020 1634 ?1637? : f\u0151isp\u00e1n, kancell\u00e1r. \u2013 K. Farkas \u00e9s Harinnai Farkas Kata fia. Feles\u00e9ge Telegdi Zs\u00f3fia, a fi\u00fak K. Zsigmond, le\u00e1nyuk K. Katalin, ennek f\u00e9rje B\u00e1lintith Gy\u00f6rgy. \u2013 Erd\u00e9ly kancell\u00e1rja. A P. Salinis Istv\u00e1n \u00e9s bosny\u00e1k t\u00e1rsainak beh\u00edv\u00f3i k\u00f6z\u00e9 tartozik. F\u0151isp\u00e1n Als\u00f3-Feh\u00e9r v\u00e1rmegy\u00e9ben (1608\u201310), dac\u00e1ra annak, hogy a Kendy-Kornis \u00f6sszeesk\u00fcv\u00e9s miatt elvesztette f\u0151isp\u00e1ni sz\u00e9k\u00e9t Bethlen G\u00e1bor titk\u00e1ra (1616), k\u00f6vete, kancell\u00e1rja (1621\u201337), tiszts\u00e9g\u00e9t meg\u0151rizte Brandenburgi Katalin \u00e9s I. R\u00e1k\u00f3czi Gy\u00f6rgy idej\u00e9ben is. Nagy tudom\u00e1ny\u00fa f\u00e9rfi\u00fa (\u00edrja Bod); tan\u00e1cs\u00far (1622\u2013), Torda vm. f\u0151isp\u00e1nja (1624\u201337). Bethlen Istv\u00e1n 20 ezer ft.-ban elz\u00e1logos\u00edtotta a g\u00f6rg\u00e9nyi uradalom fel\u00e9t a v\u00e1rral egy\u00fctt (1630. dec. 14.), a beiktat\u00e1s is megt\u00f6rt\u00e9nt (1630. nov. 29.). I. R\u00e1k\u00f3czi Gy\u00f6rgy elz\u00e1logos\u00edtotta G\u00f6rg\u00e9ny v\u00e1r\u00e1t 25 ezer m. ft. -\u00e9rt \u00f6zvegy\u00e9nek, Telegdi Zs\u00f3finak \u00e9s le\u00e1ny\u00e1nak Kovacs\u00f3czi Kata Peth\u0151 Ferencn\u00e9nek (1637. \u00e1pr. 27.). Vele kihalt a csal\u00e1d (1640 t\u00e1j\u00e1n). \u2013 <strong>F. m.:<\/strong> Oratio, Ad Sigismvndum III. Reem Poloniae, habita Anno M. DC. XV. mense Septembri, cvm nomine Serenissimi Transylvaniae Principi Gabrielis Bethlehem, leatione fungeretur. Et Copia Litterarvm evsdem Principis Transylvaniae ad Bohemiae Directores datarum Albae-Juliae 18. Aug. 1619. (Lincz 1619); latin levele Bethlen G\u00e1borhoz \u00e9s gy\u00e1szversei (az Exeqviarum Caeremonialium. Susannae Caroli\u2026. Albae-Juliae, 1624. c. munk\u00e1ban). <br \/><strong>Irod.:<\/strong> Bod. P.: M. Athenas; Erd\u00e9lyi testamentumok, 3.; Ferenczi S\u00e1ndor 2012; Gy\u00f6rgy: A ferencrendiek; Halotti besz\u00e9dek; Jakab; K\u00e9nosi-Uzoni; Kraus: Erd\u00e9lyi kr\u00f3nika; Mo. f\u0151isp\u00e1njai; Nagy Iv\u00e1n; Nagy-Bod\u00f3 Tibor: \u00c9p\u00edtett \u00d6r\u00f6ks\u00e9g\u00fcnk: A romos erd\u00e9lyi v\u00e9gv\u00e1r (2022. dec. 9.); SzOkl, 4; Szinnyei, T\u00f3th Istv\u00e1n: A gyulafeh\u00e9rv\u00e1ri humanista k\u00f6lt\u00e9szet antol\u00f3gi\u00e1ja (Bp., 2001)<\/br><\/p>\n","protected":false},"excerpt":{"rendered":"<p>1500-as \u00e9vek k\u00f6zepe, v\u00e9ge, \u2020 1634 ?1637? : f\u0151isp\u00e1n, kancell\u00e1r. \u2013 K. Farkas \u00e9s Harinnai Farkas Kata fia. Feles\u00e9ge Telegdi Zs\u00f3fia, a fi\u00fak K. Zsigmond, le\u00e1nyuk K. Katalin, ennek f\u00e9rje B\u00e1lintith Gy\u00f6rgy. \u2013 Erd\u00e9ly kancell\u00e1rja. A P. Salinis Istv\u00e1n \u00e9s bosny\u00e1k t\u00e1rsainak beh\u00edv\u00f3i k\u00f6z\u00e9 tartozik. F\u0151isp\u00e1n Als\u00f3-Feh\u00e9r v\u00e1rmegy\u00e9ben (1608\u201310), dac\u00e1ra annak, hogy a Kendy-Kornis \u00f6sszeesk\u00fcv\u00e9s [&hellip;]<\/p>\n","protected":false},"featured_media":0,"comment_status":"open","ping_status":"closed","template":"","meta":[],"product_brand":[],"product_cat":[137],"product_tag":[],"class_list":{"0":"post-13042","1":"product","2":"type-product","3":"status-publish","5":"product_cat-maros-megyei-eletrajzi-lexikon","7":"first","8":"instock","9":"shipping-taxable","10":"product-type-simple"},"_links":{"self":[{"href":"https:\/\/uj.adatbank.ro\/lexikon\/wp-json\/wp\/v2\/product\/13042","targetHints":{"allow":["GET"]}}],"collection":[{"href":"https:\/\/uj.adatbank.ro\/lexikon\/wp-json\/wp\/v2\/product"}],"about":[{"href":"https:\/\/uj.adatbank.ro\/lexikon\/wp-json\/wp\/v2\/types\/product"}],"replies":[{"embeddable":true,"href":"https:\/\/uj.adatbank.ro\/lexikon\/wp-json\/wp\/v2\/comments?post=13042"}],"wp:attachment":[{"href":"https:\/\/uj.adatbank.ro\/lexikon\/wp-json\/wp\/v2\/media?parent=13042"}],"wp:term":[{"taxonomy":"product_brand","embeddable":true,"href":"https:\/\/uj.adatbank.ro\/lexikon\/wp-json\/wp\/v2\/product_brand?post=13042"},{"taxonomy":"product_cat","embeddable":true,"href":"https:\/\/uj.adatbank.ro\/lexikon\/wp-json\/wp\/v2\/product_cat?post=13042"},{"taxonomy":"product_tag","embeddable":true,"href":"https:\/\/uj.adatbank.ro\/lexikon\/wp-json\/wp\/v2\/product_tag?post=13042"}],"curies":[{"name":"wp","href":"https:\/\/api.w.org\/{rel}","templated":true}]}}