{"id":13043,"date":"2025-06-29T14:47:57","date_gmt":"2025-06-29T12:47:57","guid":{"rendered":"https:\/\/uj.adatbank.ro\/lexikon\/termek\/kovacsoczy-istvan-kovacsoczi-istvan\/"},"modified":"2025-06-29T14:47:57","modified_gmt":"2025-06-29T12:47:57","slug":"kovacsoczy-istvan-kovacsoczi-istvan","status":"publish","type":"product","link":"https:\/\/uj.adatbank.ro\/lexikon\/termek\/kovacsoczy-istvan-kovacsoczi-istvan\/","title":{"rendered":"KOVACS\u00d3CZY Istv\u00e1n, Kov\u00e1csoczi Istv\u00e1n"},"content":{"rendered":"<p>Hatvan, 1818. dec. 25., \u2020 Eger, 1888. j\u00fan. 24.: egri pr\u00e9post kanonok. \u2013 A csal\u00e1dja sz\u00e1rmaz\u00e1si hely\u00e9n, G\u00f6rg\u00e9nyszentimr\u00e9n, a k\u00e1poln\u00e1t (\u00e9p\u00fclt: 1730), tetemes k\u00f6lts\u00e9ggel helyre\u00e1ll\u00edtotta, toronnyal eg\u00e9sz\u00edtette ki (1867). <br \/><strong>Irod.:<\/strong> L\u00e9sty\u00e1n \u2013 templomok 1.; Szinnyei<\/br><\/p>\n","protected":false},"excerpt":{"rendered":"<p>Hatvan, 1818. dec. 25., \u2020 Eger, 1888. j\u00fan. 24.: egri pr\u00e9post kanonok. \u2013 A csal\u00e1dja sz\u00e1rmaz\u00e1si hely\u00e9n, G\u00f6rg\u00e9nyszentimr\u00e9n, a k\u00e1poln\u00e1t (\u00e9p\u00fclt: 1730), tetemes k\u00f6lts\u00e9ggel helyre\u00e1ll\u00edtotta, toronnyal eg\u00e9sz\u00edtette ki (1867). Irod.: L\u00e9sty\u00e1n \u2013 templomok 1.; Szinnyei<\/p>\n","protected":false},"featured_media":0,"comment_status":"open","ping_status":"closed","template":"","meta":[],"product_brand":[],"product_cat":[137],"product_tag":[],"class_list":{"0":"post-13043","1":"product","2":"type-product","3":"status-publish","5":"product_cat-maros-megyei-eletrajzi-lexikon","7":"first","8":"instock","9":"shipping-taxable","10":"product-type-simple"},"_links":{"self":[{"href":"https:\/\/uj.adatbank.ro\/lexikon\/wp-json\/wp\/v2\/product\/13043","targetHints":{"allow":["GET"]}}],"collection":[{"href":"https:\/\/uj.adatbank.ro\/lexikon\/wp-json\/wp\/v2\/product"}],"about":[{"href":"https:\/\/uj.adatbank.ro\/lexikon\/wp-json\/wp\/v2\/types\/product"}],"replies":[{"embeddable":true,"href":"https:\/\/uj.adatbank.ro\/lexikon\/wp-json\/wp\/v2\/comments?post=13043"}],"wp:attachment":[{"href":"https:\/\/uj.adatbank.ro\/lexikon\/wp-json\/wp\/v2\/media?parent=13043"}],"wp:term":[{"taxonomy":"product_brand","embeddable":true,"href":"https:\/\/uj.adatbank.ro\/lexikon\/wp-json\/wp\/v2\/product_brand?post=13043"},{"taxonomy":"product_cat","embeddable":true,"href":"https:\/\/uj.adatbank.ro\/lexikon\/wp-json\/wp\/v2\/product_cat?post=13043"},{"taxonomy":"product_tag","embeddable":true,"href":"https:\/\/uj.adatbank.ro\/lexikon\/wp-json\/wp\/v2\/product_tag?post=13043"}],"curies":[{"name":"wp","href":"https:\/\/api.w.org\/{rel}","templated":true}]}}