{"id":13045,"date":"2025-06-29T14:48:01","date_gmt":"2025-06-29T12:48:01","guid":{"rendered":"https:\/\/uj.adatbank.ro\/lexikon\/termek\/kovacsoczy-kristof\/"},"modified":"2025-06-29T14:48:01","modified_gmt":"2025-06-29T12:48:01","slug":"kovacsoczy-kristof","status":"publish","type":"product","link":"https:\/\/uj.adatbank.ro\/lexikon\/termek\/kovacsoczy-kristof\/","title":{"rendered":"KOVACS\u00d3CZY Krist\u00f3f"},"content":{"rendered":"<p>? \u2020 1598 a Mur\u00e1ba fulladt. \u2013 K. Istv\u00e1n fia. \u2013 Grazban tanult M\u00e1ria f\u0151hercegn\u0151 \u00f6szt\u00f6nd\u00edjasak\u00e9nt a kl\u00e9rusok k\u00f6z\u00f6tt (1597). B\u00e1tori Zsigmondt\u00f3l kapta Hodos, Jobb\u00e1gytelke, Hited, Dem\u00e9nyh\u00e1za \u00e9s Remete-i birtokait (1592). <br \/><strong>Irod.:<\/strong> Lupescu Mak\u00f3 M\u00e1ria: Myndenemet hagyom\u2026hog tanytassag es az Eskolat el ne hagyassak vele. Az ut\u00f3dok tan\u00edttat\u00e1s\u00e1r\u00f3l a kora \u00fajkori erd\u00e9lyi v\u00e9grendeletek t\u00fckr\u00e9ben=Tonk S.; Nagy Iv\u00e1n; SzOkl, 4<\/br><\/p>\n","protected":false},"excerpt":{"rendered":"<p>? \u2020 1598 a Mur\u00e1ba fulladt. \u2013 K. Istv\u00e1n fia. \u2013 Grazban tanult M\u00e1ria f\u0151hercegn\u0151 \u00f6szt\u00f6nd\u00edjasak\u00e9nt a kl\u00e9rusok k\u00f6z\u00f6tt (1597). B\u00e1tori Zsigmondt\u00f3l kapta Hodos, Jobb\u00e1gytelke, Hited, Dem\u00e9nyh\u00e1za \u00e9s Remete-i birtokait (1592). Irod.: Lupescu Mak\u00f3 M\u00e1ria: Myndenemet hagyom\u2026hog tanytassag es az Eskolat el ne hagyassak vele. Az ut\u00f3dok tan\u00edttat\u00e1s\u00e1r\u00f3l a kora \u00fajkori erd\u00e9lyi v\u00e9grendeletek t\u00fckr\u00e9ben=Tonk S.; [&hellip;]<\/p>\n","protected":false},"featured_media":0,"comment_status":"open","ping_status":"closed","template":"","meta":[],"product_brand":[],"product_cat":[137],"product_tag":[],"class_list":{"0":"post-13045","1":"product","2":"type-product","3":"status-publish","5":"product_cat-maros-megyei-eletrajzi-lexikon","7":"first","8":"instock","9":"shipping-taxable","10":"product-type-simple"},"_links":{"self":[{"href":"https:\/\/uj.adatbank.ro\/lexikon\/wp-json\/wp\/v2\/product\/13045","targetHints":{"allow":["GET"]}}],"collection":[{"href":"https:\/\/uj.adatbank.ro\/lexikon\/wp-json\/wp\/v2\/product"}],"about":[{"href":"https:\/\/uj.adatbank.ro\/lexikon\/wp-json\/wp\/v2\/types\/product"}],"replies":[{"embeddable":true,"href":"https:\/\/uj.adatbank.ro\/lexikon\/wp-json\/wp\/v2\/comments?post=13045"}],"wp:attachment":[{"href":"https:\/\/uj.adatbank.ro\/lexikon\/wp-json\/wp\/v2\/media?parent=13045"}],"wp:term":[{"taxonomy":"product_brand","embeddable":true,"href":"https:\/\/uj.adatbank.ro\/lexikon\/wp-json\/wp\/v2\/product_brand?post=13045"},{"taxonomy":"product_cat","embeddable":true,"href":"https:\/\/uj.adatbank.ro\/lexikon\/wp-json\/wp\/v2\/product_cat?post=13045"},{"taxonomy":"product_tag","embeddable":true,"href":"https:\/\/uj.adatbank.ro\/lexikon\/wp-json\/wp\/v2\/product_tag?post=13045"}],"curies":[{"name":"wp","href":"https:\/\/api.w.org\/{rel}","templated":true}]}}