{"id":13047,"date":"2025-06-29T14:48:06","date_gmt":"2025-06-29T12:48:06","guid":{"rendered":"https:\/\/uj.adatbank.ro\/lexikon\/termek\/kovacsoczy-kortvefai-csalad\/"},"modified":"2025-06-29T14:48:06","modified_gmt":"2025-06-29T12:48:06","slug":"kovacsoczy-kortvefai-csalad","status":"publish","type":"product","link":"https:\/\/uj.adatbank.ro\/lexikon\/termek\/kovacsoczy-kortvefai-csalad\/","title":{"rendered":"KOVACS\u00d3CZY, k\u00f6rtvef\u00e1i csal\u00e1d"},"content":{"rendered":"<p>R\u00e9gi ir\u00e1sm\u00f3d szerint a csal\u00e1d neve Kovachoczi. Magyaro. -b\u00f3l Erd\u00e9lybe a B\u00e1thoryak h\u00edv\u00e1s\u00e1ra K. Farkas ker\u00fclt (1578). Mv. k\u00f6r\u00fcl mindenhol K. birtok volt, Nagyerny\u00e9t a K. -akt\u00f3l le\u00e1ny\u00e1gon val\u00f3 lesz\u00e1rmaz\u00e1s jog\u00e1n b\u00edrta a br. B\u00e1lintitt csal\u00e1d; K\u00f6rtv\u00e9lyf\u00e1j\u00e1n \u00e1llott a csal\u00e1d egyik udvarh\u00e1za; \u0151v\u00e9k volt a h\u00edres G\u00f6rg\u00e9ny v\u00e1ra \u00e9s a hozz\u00e1tartoz\u00f3 uradalmak. Kihalt. <br \/><strong>Irod.:<\/strong> P\u00e1lmay<\/br><\/p>\n","protected":false},"excerpt":{"rendered":"<p>R\u00e9gi ir\u00e1sm\u00f3d szerint a csal\u00e1d neve Kovachoczi. Magyaro. -b\u00f3l Erd\u00e9lybe a B\u00e1thoryak h\u00edv\u00e1s\u00e1ra K. Farkas ker\u00fclt (1578). Mv. k\u00f6r\u00fcl mindenhol K. birtok volt, Nagyerny\u00e9t a K. -akt\u00f3l le\u00e1ny\u00e1gon val\u00f3 lesz\u00e1rmaz\u00e1s jog\u00e1n b\u00edrta a br. B\u00e1lintitt csal\u00e1d; K\u00f6rtv\u00e9lyf\u00e1j\u00e1n \u00e1llott a csal\u00e1d egyik udvarh\u00e1za; \u0151v\u00e9k volt a h\u00edres G\u00f6rg\u00e9ny v\u00e1ra \u00e9s a hozz\u00e1tartoz\u00f3 uradalmak. Kihalt. Irod.: P\u00e1lmay<\/p>\n","protected":false},"featured_media":0,"comment_status":"open","ping_status":"closed","template":"","meta":[],"product_brand":[],"product_cat":[137],"product_tag":[],"class_list":{"0":"post-13047","1":"product","2":"type-product","3":"status-publish","5":"product_cat-maros-megyei-eletrajzi-lexikon","7":"first","8":"instock","9":"shipping-taxable","10":"product-type-simple"},"_links":{"self":[{"href":"https:\/\/uj.adatbank.ro\/lexikon\/wp-json\/wp\/v2\/product\/13047","targetHints":{"allow":["GET"]}}],"collection":[{"href":"https:\/\/uj.adatbank.ro\/lexikon\/wp-json\/wp\/v2\/product"}],"about":[{"href":"https:\/\/uj.adatbank.ro\/lexikon\/wp-json\/wp\/v2\/types\/product"}],"replies":[{"embeddable":true,"href":"https:\/\/uj.adatbank.ro\/lexikon\/wp-json\/wp\/v2\/comments?post=13047"}],"wp:attachment":[{"href":"https:\/\/uj.adatbank.ro\/lexikon\/wp-json\/wp\/v2\/media?parent=13047"}],"wp:term":[{"taxonomy":"product_brand","embeddable":true,"href":"https:\/\/uj.adatbank.ro\/lexikon\/wp-json\/wp\/v2\/product_brand?post=13047"},{"taxonomy":"product_cat","embeddable":true,"href":"https:\/\/uj.adatbank.ro\/lexikon\/wp-json\/wp\/v2\/product_cat?post=13047"},{"taxonomy":"product_tag","embeddable":true,"href":"https:\/\/uj.adatbank.ro\/lexikon\/wp-json\/wp\/v2\/product_tag?post=13047"}],"curies":[{"name":"wp","href":"https:\/\/api.w.org\/{rel}","templated":true}]}}