{"id":13048,"date":"2025-06-29T14:48:08","date_gmt":"2025-06-29T12:48:08","guid":{"rendered":"https:\/\/uj.adatbank.ro\/lexikon\/termek\/kovacsy-albert-farcadi\/"},"modified":"2025-06-29T14:48:08","modified_gmt":"2025-06-29T12:48:08","slug":"kovacsy-albert-farcadi","status":"publish","type":"product","link":"https:\/\/uj.adatbank.ro\/lexikon\/termek\/kovacsy-albert-farcadi\/","title":{"rendered":"KOV\u00c1CSY Albert, farc\u00e1di"},"content":{"rendered":"<p>Brass\u00f3, 1875. aug. 15., \u2020 Mv., 1959. nov. 2.: dr. jur., kir. k\u00f6zjegyz\u0151, a Kat. N\u00e9psz\u00f6vets\u00e9g eln\u00f6ke. \u2013 A csal\u00e1d nemess\u00e9g\u00e9t Bethlen G\u00e1bort\u00f3l kapta. K\u00f6z\u00e9piskol\u00e1it Brass\u00f3ban v\u00e9gezte, jogi doktor\u00e1tust Kv.-on szerzett (1899), majd \u00fcgyv\u00e9di vizsg\u00e1t tett (1900). Mint gyakorl\u00f3 \u00fcgyv\u00e9d Sz\u00e9kelyudvarhelyen m\u0171k\u00f6d\u00f6tt (1900\u201306), f\u00fcggetlen programmal ogy.-i k\u00e9pvisel\u0151 volt (1905\u201307); Bern\u00e1dy p\u00e1rth\u00edve. Mv.-en k\u00f6zjegyz\u0151 (1908\u2013), a v\u00e1rosi t\u00f6rv\u00e9nyhat\u00f3s\u00e1gi test\u00fclet k\u00e9pvisel\u0151je (1910\u2013). A mv.-i K\u00f6zjegyz\u0151 Kamara eln\u00f6ke (1920\u201327), majd h. eln\u00f6ke, a v. t. b. tagja, a r. k. tan\u00e1cs tagja volt. \u00c1ll\u00e1s\u00e1b\u00f3l elmozd\u00edtott\u00e1k (1936), ezt perrel t\u00e1madta meg \u00e9s siker\u00fclt \u00e1ll\u00e1s\u00e1t ism\u00e9t elfoglalni. Az \u00fajj\u00e1alakult Katolikus N\u00e9psz\u00f6vets\u00e9g helyi tagozat\u00e1nak eln\u00f6ke (1936), a r. k. egyh\u00e1ztan\u00e1cs tagja (1939). A Sz\u00e9kelyf\u00f6ldi Kereskedelmi Bank Rt aleln\u00f6ke (1942). A mv.-i t\u00e1rsadalom reprezent\u00e1ns tagja, sz\u00e1mos kultur\u00e1lis \u00e9s t\u00e1rsadalmi akci\u00f3 r\u00e9sztvev\u0151je \u00e9s t\u00e1mogat\u00f3ja volt. Behat\u00f3an foglalkozott jogtudom\u00e1nyi k\u00e9rd\u00e9sekkel, amelyekr\u0151l napilapokban \u00e9s foly\u00f3iratokban cikkeket \u00edrt: Magyarorsz\u00e1g, Kir. K\u00f6rjegyz\u0151k K\u00f6zlem\u00e9nye, P. Napl\u00f3-ban. \u2013 <strong>F. m.:<\/strong> A j\u00f6v\u0151 feladata (Mv., 1918). <br \/><strong>Irod.:<\/strong> F\u00fcl\u00f6p\u2013Ferencz; Guly\u00e1s; Id\u0151t\u00e1r 2; Id\u0151t\u00e1r 3; Id\u0151t\u00e1r 4.; Ki kicsoda?<\/br><\/p>\n","protected":false},"excerpt":{"rendered":"<p>Brass\u00f3, 1875. aug. 15., \u2020 Mv., 1959. nov. 2.: dr. jur., kir. k\u00f6zjegyz\u0151, a Kat. N\u00e9psz\u00f6vets\u00e9g eln\u00f6ke. \u2013 A csal\u00e1d nemess\u00e9g\u00e9t Bethlen G\u00e1bort\u00f3l kapta. K\u00f6z\u00e9piskol\u00e1it Brass\u00f3ban v\u00e9gezte, jogi doktor\u00e1tust Kv.-on szerzett (1899), majd \u00fcgyv\u00e9di vizsg\u00e1t tett (1900). Mint gyakorl\u00f3 \u00fcgyv\u00e9d Sz\u00e9kelyudvarhelyen m\u0171k\u00f6d\u00f6tt (1900\u201306), f\u00fcggetlen programmal ogy.-i k\u00e9pvisel\u0151 volt (1905\u201307); Bern\u00e1dy p\u00e1rth\u00edve. Mv.-en k\u00f6zjegyz\u0151 (1908\u2013), a [&hellip;]<\/p>\n","protected":false},"featured_media":0,"comment_status":"open","ping_status":"closed","template":"","meta":[],"product_brand":[],"product_cat":[137],"product_tag":[],"class_list":{"0":"post-13048","1":"product","2":"type-product","3":"status-publish","5":"product_cat-maros-megyei-eletrajzi-lexikon","7":"first","8":"instock","9":"shipping-taxable","10":"product-type-simple"},"_links":{"self":[{"href":"https:\/\/uj.adatbank.ro\/lexikon\/wp-json\/wp\/v2\/product\/13048","targetHints":{"allow":["GET"]}}],"collection":[{"href":"https:\/\/uj.adatbank.ro\/lexikon\/wp-json\/wp\/v2\/product"}],"about":[{"href":"https:\/\/uj.adatbank.ro\/lexikon\/wp-json\/wp\/v2\/types\/product"}],"replies":[{"embeddable":true,"href":"https:\/\/uj.adatbank.ro\/lexikon\/wp-json\/wp\/v2\/comments?post=13048"}],"wp:attachment":[{"href":"https:\/\/uj.adatbank.ro\/lexikon\/wp-json\/wp\/v2\/media?parent=13048"}],"wp:term":[{"taxonomy":"product_brand","embeddable":true,"href":"https:\/\/uj.adatbank.ro\/lexikon\/wp-json\/wp\/v2\/product_brand?post=13048"},{"taxonomy":"product_cat","embeddable":true,"href":"https:\/\/uj.adatbank.ro\/lexikon\/wp-json\/wp\/v2\/product_cat?post=13048"},{"taxonomy":"product_tag","embeddable":true,"href":"https:\/\/uj.adatbank.ro\/lexikon\/wp-json\/wp\/v2\/product_tag?post=13048"}],"curies":[{"name":"wp","href":"https:\/\/api.w.org\/{rel}","templated":true}]}}