{"id":13049,"date":"2025-06-29T14:48:10","date_gmt":"2025-06-29T12:48:10","guid":{"rendered":"https:\/\/uj.adatbank.ro\/lexikon\/termek\/kovacsy-sandor-hadadi\/"},"modified":"2025-06-29T14:48:10","modified_gmt":"2025-06-29T12:48:10","slug":"kovacsy-sandor-hadadi","status":"publish","type":"product","link":"https:\/\/uj.adatbank.ro\/lexikon\/termek\/kovacsy-sandor-hadadi\/","title":{"rendered":"KOV\u00c1CSY S\u00e1ndor, hadadi"},"content":{"rendered":"<p>1810., \u2020 \u00c1d\u00e1mos, 1890. jan. 17 : \u00e1d\u00e1mosi f\u00f6ldbirtokos. \u2013 Sz\u00f3beli \u00f3haj\u00e1nak megfelel\u0151en fia eml\u00e9k\u00e9re 200 koron\u00e1t adom\u00e1nyozott az EMKE r\u00e9sz\u00e9re. <br \/><strong>Irod.:<\/strong> S\u00e1ndor<\/br><\/p>\n","protected":false},"excerpt":{"rendered":"<p>1810., \u2020 \u00c1d\u00e1mos, 1890. jan. 17 : \u00e1d\u00e1mosi f\u00f6ldbirtokos. \u2013 Sz\u00f3beli \u00f3haj\u00e1nak megfelel\u0151en fia eml\u00e9k\u00e9re 200 koron\u00e1t adom\u00e1nyozott az EMKE r\u00e9sz\u00e9re. Irod.: S\u00e1ndor<\/p>\n","protected":false},"featured_media":0,"comment_status":"open","ping_status":"closed","template":"","meta":[],"product_brand":[],"product_cat":[137],"product_tag":[],"class_list":{"0":"post-13049","1":"product","2":"type-product","3":"status-publish","5":"product_cat-maros-megyei-eletrajzi-lexikon","7":"first","8":"instock","9":"shipping-taxable","10":"product-type-simple"},"_links":{"self":[{"href":"https:\/\/uj.adatbank.ro\/lexikon\/wp-json\/wp\/v2\/product\/13049","targetHints":{"allow":["GET"]}}],"collection":[{"href":"https:\/\/uj.adatbank.ro\/lexikon\/wp-json\/wp\/v2\/product"}],"about":[{"href":"https:\/\/uj.adatbank.ro\/lexikon\/wp-json\/wp\/v2\/types\/product"}],"replies":[{"embeddable":true,"href":"https:\/\/uj.adatbank.ro\/lexikon\/wp-json\/wp\/v2\/comments?post=13049"}],"wp:attachment":[{"href":"https:\/\/uj.adatbank.ro\/lexikon\/wp-json\/wp\/v2\/media?parent=13049"}],"wp:term":[{"taxonomy":"product_brand","embeddable":true,"href":"https:\/\/uj.adatbank.ro\/lexikon\/wp-json\/wp\/v2\/product_brand?post=13049"},{"taxonomy":"product_cat","embeddable":true,"href":"https:\/\/uj.adatbank.ro\/lexikon\/wp-json\/wp\/v2\/product_cat?post=13049"},{"taxonomy":"product_tag","embeddable":true,"href":"https:\/\/uj.adatbank.ro\/lexikon\/wp-json\/wp\/v2\/product_tag?post=13049"}],"curies":[{"name":"wp","href":"https:\/\/api.w.org\/{rel}","templated":true}]}}