{"id":13050,"date":"2025-06-29T14:48:12","date_gmt":"2025-06-29T12:48:12","guid":{"rendered":"https:\/\/uj.adatbank.ro\/lexikon\/termek\/kovari-jozsef-kovary-jozsef\/"},"modified":"2025-06-29T14:48:12","modified_gmt":"2025-06-29T12:48:12","slug":"kovari-jozsef-kovary-jozsef","status":"publish","type":"product","link":"https:\/\/uj.adatbank.ro\/lexikon\/termek\/kovari-jozsef-kovary-jozsef\/","title":{"rendered":"K\u0150V\u00c1RI J\u00f3zsef, K\u0151v\u00e1ry J\u00f3zsef"},"content":{"rendered":"<p>\u0150regyh\u00e1za, 1903, \u2020 1943. tavasz: gy\u00f3gyszer\u00e9sz. \u2013 A kv.-i I. Ferdin\u00e1nd Kir\u00e1ly Egyetemen kapott gy\u00f3gyszer\u00e9sz diplom\u00e1t (1927). A mv.-i Arany Szarvas gy\u00f3gyszert\u00e1r tulajdonosa (1934\u201343), alkalmazottja volt Clemens Frigyes (1940\u2013), majd gy\u00f3gyszert\u00e1r\u00e1t mint zsid\u00f3 tulajdon\u00fa \u00fczletet \u00e1llami fel\u00fcgyelet al\u00e1 helyezt\u00e9k (1941). A Maros-Torda megyei Gy\u00f3gyszer\u00e9szet Koll. titk\u00e1ra (1937). A deport\u00e1l\u00e1s \u00e1ldozata. <br \/><strong>Irod.:<\/strong> Id\u0151t\u00e1r 3; P\u00e9ter H. M.; P\u00e9ter H. M. 2013<\/br><\/p>\n","protected":false},"excerpt":{"rendered":"<p>\u0150regyh\u00e1za, 1903, \u2020 1943. tavasz: gy\u00f3gyszer\u00e9sz. \u2013 A kv.-i I. Ferdin\u00e1nd Kir\u00e1ly Egyetemen kapott gy\u00f3gyszer\u00e9sz diplom\u00e1t (1927). A mv.-i Arany Szarvas gy\u00f3gyszert\u00e1r tulajdonosa (1934\u201343), alkalmazottja volt Clemens Frigyes (1940\u2013), majd gy\u00f3gyszert\u00e1r\u00e1t mint zsid\u00f3 tulajdon\u00fa \u00fczletet \u00e1llami fel\u00fcgyelet al\u00e1 helyezt\u00e9k (1941). A Maros-Torda megyei Gy\u00f3gyszer\u00e9szet Koll. titk\u00e1ra (1937). A deport\u00e1l\u00e1s \u00e1ldozata. Irod.: Id\u0151t\u00e1r 3; P\u00e9ter H. [&hellip;]<\/p>\n","protected":false},"featured_media":0,"comment_status":"open","ping_status":"closed","template":"","meta":[],"product_brand":[],"product_cat":[137],"product_tag":[],"class_list":{"0":"post-13050","1":"product","2":"type-product","3":"status-publish","5":"product_cat-maros-megyei-eletrajzi-lexikon","7":"first","8":"instock","9":"shipping-taxable","10":"product-type-simple"},"_links":{"self":[{"href":"https:\/\/uj.adatbank.ro\/lexikon\/wp-json\/wp\/v2\/product\/13050","targetHints":{"allow":["GET"]}}],"collection":[{"href":"https:\/\/uj.adatbank.ro\/lexikon\/wp-json\/wp\/v2\/product"}],"about":[{"href":"https:\/\/uj.adatbank.ro\/lexikon\/wp-json\/wp\/v2\/types\/product"}],"replies":[{"embeddable":true,"href":"https:\/\/uj.adatbank.ro\/lexikon\/wp-json\/wp\/v2\/comments?post=13050"}],"wp:attachment":[{"href":"https:\/\/uj.adatbank.ro\/lexikon\/wp-json\/wp\/v2\/media?parent=13050"}],"wp:term":[{"taxonomy":"product_brand","embeddable":true,"href":"https:\/\/uj.adatbank.ro\/lexikon\/wp-json\/wp\/v2\/product_brand?post=13050"},{"taxonomy":"product_cat","embeddable":true,"href":"https:\/\/uj.adatbank.ro\/lexikon\/wp-json\/wp\/v2\/product_cat?post=13050"},{"taxonomy":"product_tag","embeddable":true,"href":"https:\/\/uj.adatbank.ro\/lexikon\/wp-json\/wp\/v2\/product_tag?post=13050"}],"curies":[{"name":"wp","href":"https:\/\/api.w.org\/{rel}","templated":true}]}}