{"id":13053,"date":"2025-06-29T14:48:17","date_gmt":"2025-06-29T12:48:17","guid":{"rendered":"https:\/\/uj.adatbank.ro\/lexikon\/termek\/kovary-laszlo-%c2%a7-ujtordai-kovari\/"},"modified":"2025-06-29T14:48:17","modified_gmt":"2025-06-29T12:48:17","slug":"kovary-laszlo-%c2%a7-ujtordai-kovari","status":"publish","type":"product","link":"https:\/\/uj.adatbank.ro\/lexikon\/termek\/kovary-laszlo-%c2%a7-ujtordai-kovari\/","title":{"rendered":"K\u0150V\u00c1RY L\u00e1szl\u00f3, \u00a7 \u00fajtordai; K\u0151v\u00e1ri"},"content":{"rendered":"<p>Torda, 1819. j\u00fal. 17., \u2020 Kv., 1907. szept. 25. a H\u00e1zsong\u00e1rd temet\u0151ben nyugszik : t\u00f6rt\u00e9n\u00e9sz, statisztikus, \u00edr\u00f3, szerkeszt\u0151. \u2013 Tanulm\u00e1nyait Tord\u00e1n kezdte az unit. algimn\u00e1ziumban, Kv.-on az Unit. Koll.-ban folytatta, majd a Ref. Koll.-ban jogot v\u00e9gzett. (1840\u201342). Jogi gyakorlatot Mv.-en a kir. t\u00e1bl\u00e1n\u00e1l folytatott \u00e9s kancellista, \u00edrnok lett (1842\u201348). A Teleki K\u00f6nyvt\u00e1rban v\u00e9gzett kutat\u00f3munk\u00e1ja figyelm\u00e9t Erd\u00e9ly t\u00f6rt\u00e9nelme \u00e9s ismertet\u00e9se fel\u00e9 ford\u00edtotta. Megind\u00edtotta \u00e9s f\u0151szerkeszt\u0151je volt az Ellen\u0151r c. lapnak (1848). Egym\u00e1s ut\u00e1n jelennek meg cikkei a korabeli sajt\u00f3ban \u00e9s az \u00e1ltala szerkesztett Korunk c. foly\u00f3iratban. Szemere Bertalan az orsz\u00e1gos statisztikai hivatalhoz nevezte ki titk\u00e1rnak (1848. j\u00fan. 8.), a p\u00e9nz\u00fcgyminiszt\u00e9rium adatait dolgozta fel. A szabads\u00e1gharcban \u0151rnagyi rangban Bem t\u00e1bornok haditud\u00f3s\u00edt\u00f3jak\u00e9nt \u00e9s t\u00e1bori i t\u00f6rt\u00e9net\u00ad\u00edr\u00f3jak\u00e9nt vett r\u00e9szt. A szabads\u00e1gharc lever\u00e9se ut\u00e1n elfogt\u00e1k, de tekintettel \u00fajs\u00e1g\u00edr\u00f3 volt\u00e1ra szabadon engedt\u00e9k. A Makk-f\u00e9le \u00f6sszeesk\u00fcv\u00e9sben val\u00f3 r\u00e9szv\u00e9tellel is gyan\u00fas\u00edtott\u00e1k, de bizony\u00edt\u00e9k hi\u00e1ny\u00e1ban szabadon engedt\u00e9k. A cs\u00e1sz\u00e1ri korm\u00e1ny Erd\u00e9ly \u00e9szaknyugati megy\u00e9i \u201e\u00e9p\u00edt\u00e9szeti eml\u00e9keinek konzerv\u00e1trorf\u00e1v\u00e1\u201d nevezi ki (1852). Pestre k\u00f6lt\u00f6z\u00f6tt \u00e9s a Pesti Napl\u00f3 munkat\u00e1rsa lett. T\u00f6rt\u00e9nelmi kutat\u00e1s c\u00e9lj\u00e1b\u00f3l a gyulafeh\u00e9rv\u00e1ri \u00e9s a mv.-i k\u00f6nyvt\u00e1rban b\u00fav\u00e1rkodot. Az 1860-es \u00e9vekben \u00e9rdekl\u0151d\u00e9se a k\u00f6zgazdas\u00e1g k\u00e9rd\u00e9sei fel\u00e9 fordul. A biztos\u00edt\u00e1s bevezet\u00e9s\u00e9nek \u00fatt\u00f6r\u0151je, takar\u00e9kp\u00e9nzt\u00e1r alap\u00edt\u00f3ja \u00e9s vezet\u0151je volt. Megvette a Korunk c. politikai lapot (1862\u2013), az els\u0151 m. biztos\u00edt\u00f3-t\u00e1rsas\u00e1g fel\u00e1ll\u00edt\u00e1sa alkalm\u00e1val ennek kv.-i f\u0151\u00fcgyn\u00f6ke lett; majd a Kv.-on keletkezett Victoria biztos\u00edt\u00f3-t\u00e1rsas\u00e1g egyik igazgat\u00f3ja. Jelent\u0151sen hozz\u00e1j\u00e1rult Kv. v\u00e1rosk\u00e9p\u00e9nek alak\u00edt\u00e1s\u00e1hoz. A MTA l. tagja (1883. m\u00e1j. 17.). \u2013 <strong>F. m.:<\/strong> Sz\u00e9kelyhonr\u00f3l 1841 (Kv., 1842); Erd\u00e9lyorsz\u00e1g statisztik\u00e1ja, 1. (Kv., 1847); Erd\u00e9ly r\u00e9gis\u00e9gei (Pest, 1852); Erd\u00e9ly f\u00f6lde ritkas\u00e1gai (Kv., 1853); Erd\u00e9ly nevezetesebb csal\u00e1dai (Kv., 1854); K. L. kisebb munk\u00e1i, 1\u20132. (Kv., 1857); Erd\u00e9ly kr\u00f3nik\u00e1ja a forradalom ut\u00e1n (Kv., 1859); Erd\u00e9ly t\u00f6rt\u00e9nelme [1847-ig], 1\u20136. (Kv., 1859\u201366); A magyar csal\u00e1di \u00e9s k\u00f6z\u00e9leti viseletek a nemzeti fejedelmek kor\u00e1ban (Pest, 1860); Erd\u00e9ly t\u00f6rt\u00e9\u00adnete 1848\u201349-ben (Kv., 1861); Ok\u00adm\u00e1nyt\u00e1r az 1848\u201349. erd\u00e9lyi esem\u00e9nyekhez (Kv., 1861); Erd\u00e9ly \u00e9p\u00edt\u00e9szeti eml\u00e9kei (Kv., 1866); Biztos\u00edt\u00e1si \u00c9vk\u00f6nyv (Pest, 1870); Kv. sz. k. v\u00e1ros lakosai az 1869\u201370. n\u00e9psz\u00e1ml\u00e1l\u00e1s szerint : Eln\u00f6ki jelent\u00e9s (Kv., 1870); A megyei \u00e9s orsz\u00e1gos \u00e1lla\u00admi biztos\u00edt\u00e1s rendszere (Kv., 1871); Az \u00e9letbiztos\u00edt\u00e1s mont legbiztosabb t\u0151keszerz\u00e9s n\u00e9pszer\u0171 isnertet\u00e9se (Pest, 1871); A k\u00f6lcs\u00f6n\u00f6s seg\u00e9lyp\u00e9nzt\u00e1rak. y (Bp., 1877); A biztos\u00edt\u00e1si \u00fcgy multja, jelene haz\u00e1nkban \u00e9s k\u00fclf\u00f6ld\u00f6n (Bp., 1877); A vas\u00fatasok k\u00f6telez\u0151 baleset biztos\u00edt\u00e1sa behopzatala \u00e9rdek\u00e9ben eml\u00e9kirat (B., 1880); A kv.-i kiseg\u00edt\u00f3 els\u0151 25 \u00e9ve (Kv., 1883); Az \u00e9letbiztos\u00edt\u00e1s rendszere (Bp., 1884); A kv.-i S\u00e9tat\u00e9r \u00e9s S\u00e9tat\u00e9regyletlet keletkez\u00e9se \u00e9s fejl\u00e9se : Eln\u00f6ki jelent\u00e9s (Kv., 1886); A kv.-i piaci templom k\u00f6r\u00fcli \u00e9p\u00fcletek lebont\u00e1s\u00e1ra gy\u0171jt\u00f6tt alap keletkez\u00e9se \u00e9s fejl\u00e9se (Kv., 1886); Kv. k\u00f6zgazdas\u00e1gi fejl\u0151d\u00e9s\u00e9nek ir\u00e1nya \u00e9s felt\u00e9telei. (Kv., 1889); A lajt\u00e1nt\u00fali f\u00fcrd\u0151k szervezete \u00e9s berendez\u00e9se, tekintettel a hazai f\u00fcrd\u0151k kiv\u00e1nalmaira. (Kv., 1891); Kv. k\u00f6ztisztas\u00e1gi \u00e9s k\u00f6zeg\u00e9szs\u00e9g\u00fcgyi mozgalmai. (Kv., 1892); Testedz\u0151 int\u00e9zm\u00e9nyeinek multja Kv. -t. (Kv., 1897); A millennium lefoly\u00e1s\u00e1nak t\u00f6rt\u00e9nete s a millenn\u00e1ris eml\u00e9kalkot\u00e1sok. (Bp., 1897); A sz\u00e1z \u00e9vet \u00e9lt dr. Brassai S\u00e1muel p\u00e1lyafut\u00e1sa \u00e9s munk\u00e1i (Kv., 1897); A millenium lefoly\u00e1s\u00e1nak t\u00f6rt\u00e9nete \u00e9s a millen\u00e1ris eml\u00e9kalkot\u00e1sok (Bp., 1897); Visszaeml\u00e9kez\u00e9sek a forradalom der\u0171sebb napjaira (Kv., 1898\u201399); T\u00e1j\u00adk\u00e9pek utaz\u00e1si rajzokban (V\u00e1l., bev., jegyz. B\u00e1lint J\u00f3zsef; Buk., 1984); <strong>t\u00e1rssz.:<\/strong> Erd\u00e9ly t\u00f6rt\u00e9nete az \u0151s-id\u0151kt\u00f3l korunkig (Bp., 1876); <strong>antol\u00f3g.:<\/strong> Legkedvesebb k\u00f6nyveim (Bp., 1902); R\u00e9szv\u00e9talbum (Kv., 1872); Hazai utaz\u00f3k Erd\u00e9lyben (Kv., 1942); Szil\u00e1gys\u00e1gi \u00fatik\u00e9p  =  Egyed \u00c1kos 1973 (szerk.); <strong>szerk.:<\/strong> Besz\u00e9lyt\u00e1r : Erd\u00e9lyi sz\u00e9pirodalom (Kv., 1843\u201345), Sz\u00e1z t\u00f6rt\u00e9nelmi rege (Kv., 1857). <br \/><strong>Irod.:<\/strong> 100 \u00e9ve halt meg K\u0151v\u00e1ry L\u00e1szl\u00f3 (1819. j\u00fal. 17. \u2013 1907. szept. 25.); Eml\u00e9kk\u00f6nyv az EME f\u00e9lsz\u00e1zados \u00fcnnep\u00e9re (Kelemen Lajos : K. L., Kv., 1902\u201342); Erd\u00e9lyi panteon; F\u00fcl\u00f6p\u2013Ferencz; Ga\u00e1l; Ga\u00e1l 2001; Guly\u00e1s, H\u00e1zsong\u00e1rd; Kelemen; K. L. (1819\u201311907) = Kelemen Lajos. 2006; M\u00e1rki S\u00e1ndor: Eml\u00e9kbesz\u00e9d: K. L. (A MTA elhunyt tagjai f\u00f6l\u00f6tt tartott eml\u00e9kbesz\u00e9dek, 14. k\u00f6t., 12. sz., 1910); Rugonfalvi Kiss; Szinnyei; Szinnyei J; Szinnyei J-Sz. J.; Todea 2013; \u00daIL; \u00daM\u00c9L<\/br><\/p>\n","protected":false},"excerpt":{"rendered":"<p>Torda, 1819. j\u00fal. 17., \u2020 Kv., 1907. szept. 25. a H\u00e1zsong\u00e1rd temet\u0151ben nyugszik : t\u00f6rt\u00e9n\u00e9sz, statisztikus, \u00edr\u00f3, szerkeszt\u0151. \u2013 Tanulm\u00e1nyait Tord\u00e1n kezdte az unit. algimn\u00e1ziumban, Kv.-on az Unit. Koll.-ban folytatta, majd a Ref. Koll.-ban jogot v\u00e9gzett. (1840\u201342). Jogi gyakorlatot Mv.-en a kir. t\u00e1bl\u00e1n\u00e1l folytatott \u00e9s kancellista, \u00edrnok lett (1842\u201348). A Teleki K\u00f6nyvt\u00e1rban v\u00e9gzett kutat\u00f3munk\u00e1ja figyelm\u00e9t [&hellip;]<\/p>\n","protected":false},"featured_media":0,"comment_status":"open","ping_status":"closed","template":"","meta":[],"product_brand":[],"product_cat":[137],"product_tag":[],"class_list":{"0":"post-13053","1":"product","2":"type-product","3":"status-publish","5":"product_cat-maros-megyei-eletrajzi-lexikon","7":"first","8":"instock","9":"shipping-taxable","10":"product-type-simple"},"_links":{"self":[{"href":"https:\/\/uj.adatbank.ro\/lexikon\/wp-json\/wp\/v2\/product\/13053","targetHints":{"allow":["GET"]}}],"collection":[{"href":"https:\/\/uj.adatbank.ro\/lexikon\/wp-json\/wp\/v2\/product"}],"about":[{"href":"https:\/\/uj.adatbank.ro\/lexikon\/wp-json\/wp\/v2\/types\/product"}],"replies":[{"embeddable":true,"href":"https:\/\/uj.adatbank.ro\/lexikon\/wp-json\/wp\/v2\/comments?post=13053"}],"wp:attachment":[{"href":"https:\/\/uj.adatbank.ro\/lexikon\/wp-json\/wp\/v2\/media?parent=13053"}],"wp:term":[{"taxonomy":"product_brand","embeddable":true,"href":"https:\/\/uj.adatbank.ro\/lexikon\/wp-json\/wp\/v2\/product_brand?post=13053"},{"taxonomy":"product_cat","embeddable":true,"href":"https:\/\/uj.adatbank.ro\/lexikon\/wp-json\/wp\/v2\/product_cat?post=13053"},{"taxonomy":"product_tag","embeddable":true,"href":"https:\/\/uj.adatbank.ro\/lexikon\/wp-json\/wp\/v2\/product_tag?post=13053"}],"curies":[{"name":"wp","href":"https:\/\/api.w.org\/{rel}","templated":true}]}}