{"id":13063,"date":"2025-06-29T14:48:38","date_gmt":"2025-06-29T12:48:38","guid":{"rendered":"https:\/\/uj.adatbank.ro\/lexikon\/termek\/kovasznai-peter\/"},"modified":"2025-06-29T14:48:38","modified_gmt":"2025-06-29T12:48:38","slug":"kovasznai-peter","status":"publish","type":"product","link":"https:\/\/uj.adatbank.ro\/lexikon\/termek\/kovasznai-peter\/","title":{"rendered":"KOV\u00c1SZNAI P\u00e9ter"},"content":{"rendered":"<p>1616\/1617, \u2020 1673.: ref. lelk\u00e9sz, p\u00fcsp\u00f6k. \u2013 S\u00e9relmet szenvedett purit\u00e1nus pr\u00e9dik\u00e1tor \u00e9lvezte Veresmarti G\u00e1sp\u00e1r t\u00e1mogat\u00e1s\u00e1t. Ref. szuperintendens Nagyv\u00e1radon, majd Kem\u00e9ny J\u00e1nosn\u00e9nak \u00e9s a Rh\u00e9dei csal\u00e1dnak udvari papja. Erd\u00e9lyi p\u00fcsp\u00f6k hal\u00e1l\u00e1ig (1668\u2013). <br \/><strong>Irod.:<\/strong> Marossz\u00e9ki kr\u00f3nik\u00e1k 1., T\u00f3th Istv\u00e1n: Mv. irodalmi m\u0171velts\u00e9g\u00e9r\u0151l 6 (N\u00fa., M\u00fazsa., 453 sz., 2000. aug. 5)<\/br><\/p>\n","protected":false},"excerpt":{"rendered":"<p>1616\/1617, \u2020 1673.: ref. lelk\u00e9sz, p\u00fcsp\u00f6k. \u2013 S\u00e9relmet szenvedett purit\u00e1nus pr\u00e9dik\u00e1tor \u00e9lvezte Veresmarti G\u00e1sp\u00e1r t\u00e1mogat\u00e1s\u00e1t. Ref. szuperintendens Nagyv\u00e1radon, majd Kem\u00e9ny J\u00e1nosn\u00e9nak \u00e9s a Rh\u00e9dei csal\u00e1dnak udvari papja. Erd\u00e9lyi p\u00fcsp\u00f6k hal\u00e1l\u00e1ig (1668\u2013). Irod.: Marossz\u00e9ki kr\u00f3nik\u00e1k 1., T\u00f3th Istv\u00e1n: Mv. irodalmi m\u0171velts\u00e9g\u00e9r\u0151l 6 (N\u00fa., M\u00fazsa., 453 sz., 2000. aug. 5)<\/p>\n","protected":false},"featured_media":0,"comment_status":"open","ping_status":"closed","template":"","meta":[],"product_brand":[],"product_cat":[137],"product_tag":[],"class_list":{"0":"post-13063","1":"product","2":"type-product","3":"status-publish","5":"product_cat-maros-megyei-eletrajzi-lexikon","7":"first","8":"instock","9":"shipping-taxable","10":"product-type-simple"},"_links":{"self":[{"href":"https:\/\/uj.adatbank.ro\/lexikon\/wp-json\/wp\/v2\/product\/13063","targetHints":{"allow":["GET"]}}],"collection":[{"href":"https:\/\/uj.adatbank.ro\/lexikon\/wp-json\/wp\/v2\/product"}],"about":[{"href":"https:\/\/uj.adatbank.ro\/lexikon\/wp-json\/wp\/v2\/types\/product"}],"replies":[{"embeddable":true,"href":"https:\/\/uj.adatbank.ro\/lexikon\/wp-json\/wp\/v2\/comments?post=13063"}],"wp:attachment":[{"href":"https:\/\/uj.adatbank.ro\/lexikon\/wp-json\/wp\/v2\/media?parent=13063"}],"wp:term":[{"taxonomy":"product_brand","embeddable":true,"href":"https:\/\/uj.adatbank.ro\/lexikon\/wp-json\/wp\/v2\/product_brand?post=13063"},{"taxonomy":"product_cat","embeddable":true,"href":"https:\/\/uj.adatbank.ro\/lexikon\/wp-json\/wp\/v2\/product_cat?post=13063"},{"taxonomy":"product_tag","embeddable":true,"href":"https:\/\/uj.adatbank.ro\/lexikon\/wp-json\/wp\/v2\/product_tag?post=13063"}],"curies":[{"name":"wp","href":"https:\/\/api.w.org\/{rel}","templated":true}]}}