{"id":13064,"date":"2025-06-29T14:48:39","date_gmt":"2025-06-29T12:48:39","guid":{"rendered":"https:\/\/uj.adatbank.ro\/lexikon\/termek\/kovasznai-sandor-kovasznai-toth-sandor-kovasznai-alexander\/"},"modified":"2025-06-29T14:48:39","modified_gmt":"2025-06-29T12:48:39","slug":"kovasznai-sandor-kovasznai-toth-sandor-kovasznai-alexander","status":"publish","type":"product","link":"https:\/\/uj.adatbank.ro\/lexikon\/termek\/kovasznai-sandor-kovasznai-toth-sandor-kovasznai-alexander\/","title":{"rendered":"KOV\u00c1SZNAI S\u00e1ndor, Kov\u00e1sznai T\u00f3th S\u00e1ndor, Kovasznai Alexander"},"content":{"rendered":"<p>Fintah\u00e1za, 1730. febr. 12., \u2020 Mv., 1792. m\u00e1rc. 8.: tan\u00e1r, \u00edr\u00f3, filoz\u00f3fus, t\u00f6rt\u00e9n\u00e9sz, k\u00f6nyvgy\u0171jt\u0151. \u2013 K. Kelemen, ref. lelk\u00e9sz \u00e9s De\u00e1k Zsuzs\u00e1nna fia. \u2013 Gyermek\u00e9veit Fintah\u00e1z\u00e1n \u00e9s Somosdon t\u00f6lt\u00f6tte, ahol apja ref. pap volt. A mv.-i Ref. Koll.-ban tanult (1742\u2013), mint legjelesebbet, a retorica classisban tan\u00edt\u00f3nak, a matesis \u00e9s r\u00e9gi nyelvekben praesesnek b\u00edzt\u00e1k meg, majd L\u00e1z\u00e1r J\u00e1nos (1703\u20131772) f\u0151gondnok, Imre nev\u0171 fia mell\u00e9, Gyulakut\u00e1ra ker\u00fclt nevel\u0151nek (1755\u20131760). Teol\u00f3gia, filoz\u00f3fia \u00e9s filol\u00f3gia t\u00e1rgyk\u00f6r\u00e9b\u0151l vizsg\u00e1zott (1760. m\u00e1j. 14), majd L\u00e1z\u00e1r k\u00f6zbej\u00e1r\u00e1s\u00e1ra \u00f6szt\u00f6nd\u00edjat kapott \u00e9s a leydeni akad\u00e9mi\u00e1ra ment (1760\u201363. dec.). Rosnyai J\u00f3zsef vicekur\u00e1tor beiktatta a mv.-i a Ref. Koll. t\u00f6rt\u00e9nelem \u00e9s classica-literatura tan\u00e1ri sz\u00e9k\u00e9be, mely \u00e1ll\u00e1st hal\u00e1l\u00e1ig bet\u00f6lt\u00f6tt (1764. jan. 23. \u2013 1792. m\u00e1rc. 8.). A wolffianizmus kateg\u00f3ri\u00e1iban l\u00e1tta a vil\u00e1got \u00e9s az \u00e9letet. \u201eCsak az lehet igaz, aminek alapja van\u201d \u2013 vallotta. A koll.-ban sz\u00e1sz \u00e9s rom\u00e1n tanul\u00f3i is voltak, k\u00f6zt\u00fck Gh. \u015eincai, Petru Maior. Nagyenyeden papp\u00e1 szentelt\u00e9k (1764. j\u00fan.). \u00d6n\u00e1ll\u00f3 m\u0171k\u00f6d\u00e9s\u0171, tudom\u00e1nyos \u00e9s irodalommal foglalkoz\u00f3 tan\u00e1rok k\u00f6z\u00e9 tartozott. Tan\u00e1rs\u00e1ga kezdeti szakasz\u00e1ban hozz\u00e1l\u00e1tott a hat\u00e1sk\u00f6r\u00e9be es\u0151 tananyag \u00e9s a nevel\u00e9s megreform\u00e1l\u00e1s\u00e1hoz. Jeles hist\u00f3rikus, matematikus \u00e9s teol\u00f3gus a g\u00f6r\u00f6g, latin, zsid\u00f3, francia nyelvekben j\u00e1rtas volt, ismereteit nem csak az int\u00e9zet ifj\u00fas\u00e1ga, hanem az egyh\u00e1z is ig\u00e9nybe vette. Tal\u00e1n ennek \u00e9s bar\u00e1ti kapcsolatuknak k\u00f6sz\u00f6nhet\u0151 hogy Teleki S\u00e1muel \u0151t v\u00e1lasztotta egyik munkat\u00e1rs\u00e1ul Utrechtben megjelent Janus Pannonius kiadv\u00e1ny el\u0151k\u00e9sz\u00edt\u00e9s\u00e9hez (1784), \u00e9s megb\u00edzta a k\u00f6nyvt\u00e1r katal\u00f3gusa el\u0151szav\u00e1nak meg\u00edr\u00e1s\u00e1val (1784), a Teleki \u00e1tdolgozta el\u0151sz\u00f3 Kov\u00e1sznai nev\u00e9nek eml\u00edt\u00e9se n\u00e9lk\u00fcl jelent meg (1796.). Intenz\u00edv levelez\u00e9st folytatott Teleki S\u00e1muellel \u00e9s seg\u00edtette k\u00f6nyvt\u00e1ra anyag\u00e1nak \u00f6sszegy\u0171jt\u00e9s\u00e9ben. A Teleki T\u00e9k\u00e1ban elhelyezett hatalmas k\u00e9ziratos anyag jelzi, hogy milyen gig\u00e1szi munk\u00e1t fejetett ki a J\u00e1nus filol\u00f3gia ter\u00e9n. T\u00f6bb tank\u00f6nyvet \u00edrt: nyelvtan, f\u00f6ldrajz, t\u00f6rt\u00e9nelem ter\u00fclet\u00e9n, korszer\u0171s\u00edtette a hum\u00e1ntant\u00e1rgyak oktat\u00e1s\u00e1t. Az Erd\u00e9lyi Ref. Egyh\u00e1z Literaria Comissiot \u00e1ll\u00edtott fel. A F\u0151konziszt\u00f3rium ennek aj\u00e1nlat\u00e1ra kiadta Mv.-en a ref. koll. okban el\u0151\u00edrt tantervet \u00e9s tan\u00fcgyi utas\u00edt\u00e1sokat: Norma docendi et discendi magyar \u00e9s latin nyelven. R\u00e9szt vett a tan\u00fcgyi bizotts\u00e1g munk\u00e1lataiban, ahol a tank\u00f6nyvek \u00e1tdolgoz\u00e1s\u00e1t, sajt\u00f3 al\u00e1 rendez\u00e9s\u00e9t besz\u00e9lt\u00e9k meg, el\u0151t\u00e9rbe helyezt\u00e9k a tank\u00f6nyvek fontoss\u00e1g\u00e1t, kisz\u00e9les\u00edtett\u00e9k a matematika \u00e9s a f\u00f6ldrajz oktat\u00e1s\u00e1t, meghat\u00e1rozt\u00e1k, hogy milyen tant\u00e1rgyakat oktassanak, \u00e9s az egyes oszt\u00e1lyokban mikor kell befejezni a tananyagot. Javaslat\u00e1ra fogadt\u00e1k el, hogy a filoz\u00f3fi\u00e1t, logik\u00e1t \u00e9s matematik\u00e1t Chr. Wolff \u00e9s Baumeister szerint adj\u00e1k el\u0151 az erd\u00e9lyi koll\u00e9giumokban (1769). T\u00e1mogat\u00f3 patr\u00f3nusa volt az int\u00e9zet szeg\u00e9ny de tehets\u00e9ges tanul\u00f3inak: t\u00f6bbek k\u00f6z\u00f6tt mag\u00e1hoz vette Antal J\u00e1nost a k\u00e9s\u0151bbi p\u00fcsp\u00f6k\u00f6t, akit anyagilag \u00e9s szellemileg seg\u00edtett. A gyulakuti ref. templom mennyezet\u00e9t saj\u00e1t k\u00f6lts\u00e9g\u00e9n \u00e9p\u00edttette (1772), a menyezet nyugati r\u00e9sz\u00e9n olvashat\u00f3 fel\u00edr\u00e1s szerint. A Koll. \u00faj \u00e9p\u00fclete felavat\u00e1s\u00e1n besz\u00e9det tartott (1784). Hagyat\u00e9k\u00e1t el\u00e1rverezt\u00e9k (1794), amikor a Bethlen Kata hagyat\u00e9ki alapb\u00f3l a Koll\u00e9gium r\u00e9szben megv\u00e1s\u00e1rolta. Tekint\u00e9lyes k\u00f6nyvt\u00e1r\u00e1nak egyr\u00e9sze ma is megvan a Teleki T\u00e9k\u00e1ban. \u00c9let\u00e9t maga le\u00edrta latin versben; H\u00e1l\u00e1s tan\u00edtv\u00e1nya, Antal J\u00e1nos p\u00fcsp\u00f6k \u00e1ll\u00edtott sz\u00e9p eml\u00e9ket s\u00edrja f\u00f6l\u00e9; M\u00e1tyus Istv\u00e1nhoz \u00edrt m. \u00fcdv\u00f6zl\u0151 verse (Diaetetic\u00e1ja II. k. Kolozsv\u00e1r, 1766.), a M. Nyelvm\u00edvel\u0151 T\u00e1rsas\u00e1g Munk\u00e1inak els\u0151 darabj\u00e1ban (Szeben, 1796. A kuty\u00e1knak a macsk\u00e1k felett val\u00f3 dics\u00e9rete, 300 sorb\u00f3l \u00e1ll\u00f3 vers.). N\u00e9gy eredeti m\u0171ve, 3 ford\u00edt\u00e1sa jelent meg nyomtat\u00e1sban \u00e9s sz\u00e1mtalan k\u00e9ziratban maradt m\u0171ve tal\u00e1lhat\u00f3 a Ref. Koll. Lev\u00e9lt\u00e1r\u00e1ban, innen a Teleki T\u00e9k\u00e1ba ker\u00fcltek. Somosdon, ahol gyermekk\u00e9nt nevelkedett, az \u00e1ltal\u00e1nos iskola viseli nev\u00e9t (2005. aug. 14.). Fogarasi Szab\u00f3 S\u00e1muel g\u00e1lfalvi ref. pap. k\u00fck\u00fcll\u0151i esperes, aki Mv.-en sz\u00fcletett \u00e9s ez id\u0151ben a koll.-ban tanult, \u00e9letrajzi napl\u00f3j\u00e1ban \u00edrt r\u00f3la. Zilahi S\u00e1muel a B\u00e9csi Magyar Kurirban \u00edrt nekrol\u00f3got r\u00f3la. \u2013 <strong>F. m.:<\/strong> Laudatio funebris memoriae com. Emerici L\u00e1z\u00e1r, 1761. m\u00e1j. 17. (Lugduni Batavorum, 1761); T. M\u00e1tyus Istv\u00e1n uramnak tiszteletire: \u00fcdv\u00f6zl\u0151 vers (Kv., 1766); Christ. Cellarii Grammatica Latina Lingvae Hungaricae accomodata. (Claudiopoli, 1771); Samuel L. B. Kem\u00e9ny dissertatio juridica: Latin \u00fcdv\u00f6zl\u0151 vers Kem\u00e9ny S\u00e1muel tisztelet\u00e9re (Claudiopoli, 1789); Laudatio funebris Mariae Theresiae. (Cibinii, 1780); Oratio ad inaugurandum. auditorium in gymnasio Marosv\u00e1s\u00e1rhelyiensi aedificatum 1781. (Trajecti ad Rhenum, 1781); Carmina exequialia, et paucula quaedam alius argumenti. (Trajecti ad Rhenum, 1782); Nuperae res Viennenses (Trajecti ad Rhenum, 1782); Oratio ad inaugurandum dedicadumque novum auditorium in. gymnasio Marosvasarhelyensi a fundamentis recens conditum et exaedificatum; 1781 mense Iunio (Traiecti ad Rhenum, 1783); A kuty\u00e1knak a macsk\u00e1k felett val\u00f3 d\u00edcs\u00e9rete: A MnyT munk\u00e1inak els\u0151 darabja ( Szeben, 1796); Az \u00e9sz igaz \u00fatj\u00e1n: V\u00e1logatott \u00edr\u00e1sok (bev., jegyz. Koczi\u00e1ny L\u00e1szl\u00f3; Buk., 1970); t\u00e1rsz.: Bo\u00e9r M\u00e1t\u00e9: Nyelvtanok \u00e9s m\u00f3dszerek. K\u00e9t mv.-i grammatikaszerz\u0151 a 18. sz\u00e1zadb\u00f3l = Maros megyei t\u00f6rt. 5.; Halotti besz\u00e9dek n\u00e9hai gr. Liber b\u00e1r\u00f3 Gyalakuti L\u00e1z\u00e1r Imre felett, 1761. m\u00e1j. 17. (Nagyszeben, 1761) (T\u00f6bbek gy\u00e1szbesz\u00e9deivel egy\u00fctt); Halotti besz\u00e9d \u00e9s versek b\u00e1r\u00f3 L\u00e1z\u00e1r Imre felett (Kv. 1761) (Kendeffi Elekkel); Laudatio funebris. Ladislai comitis Teleki de Sz\u00e9k. XIIX. kalend. junius anno 1778. j\u00fan. 14. (Claudiopoli, 1779) (T\u00f6bbeknek gy\u00e1szbesz\u00e9deivel egy\u00fctt. valamint a Halotti tan\u00edt\u00e1s c. k\u00f6tetben); <strong>antol\u00f3g.:<\/strong> A Magyar Nyelvm\u00edvel\u0151 T\u00e1rsas\u00e1g munk\u00e1inak els\u0151 darabja (Szeben, 1796); Mv. \u00e9s V\u00e1rtemploma (Bp., 1990); el\u0151sz\u00f3: M\u00e1tyus Istv\u00e1n: Diaetetica, (Kv., 1766); <strong>ford.:<\/strong> M. T. Cicer\u00f3nak nagyobbik C\u00e1t\u00f3ja, Laeliussa, paradoxumai s a Scipio \u00e1lma 1871. (Kv., 1782); K\u00e9t kom\u00e9dia, melyek k\u00f6z\u00fcl az egyik Plautusb\u00f3l (Mostelaria), a m\u00e1sik Terentiusb\u00f3l (Andria) (Kv, 1782, 1836.); M. T. Cicer\u00f3nak az embernek tiszt\u00e9r\u0151l \u00e9s k\u00f6teles\u00e9geir\u0151l a maga fi\u00e1hoz \u00edrt h\u00e1rom k\u00f6nyvei. ( Pozsony, 1795); Levelei br. R\u00e1day Gedeonhoz, Mv., 1789. j\u00fal. 8., nov. 15., 1790. jan. 12. (Figyel\u0151 I. 1876.); szerk: Jani Pannonii Poemata 1. 2. (Trajecti ad Rhenum, 1784); <strong>K\u00e9ziratban:<\/strong> Incze Istv\u00e1n lakodalm\u00e1ra g\u00f6r\u00f6g vers, Epithalamion (1753); Kir\u00e1lyi Erd\u00e9ly vagy Erd\u00e9lyorsz\u00e1g histori\u00e1ja Haner Jeremi\u00e1s Gy\u00f6rgy lerajzol\u00e1sa \u00e9s munk\u00e1ja ut\u00e1n (Mv., 1766); Historia Universalis (1766\u201368); A m. nemzetnek a maga koron\u00e1s kir\u00e1lyi herczegjei, fejedelmi \u00e9s f\u0151hadi verz\u00e9rjei alatt v\u00e9ghez vitt tettekr\u0151li igaz historia (Mv., 1768); A Francziao.-ban nyomatott protest\u00e1nsok panaszai, K\u00f6ln, Mark\u00f3 P\u00e9tern\u00e9l, ford\u00edtotta (ezek a mv.-i collegium k\u00f6nyvt\u00e1r\u00e1ban vannak); A cs\u00e1sz\u00e1r (J\u00f3zsef) Mv.-i j\u00e1r\u00e1sa alkalm\u00e1val a collegium neve alatt distichonok latinul; Vigasztal\u00f3 versek arra, hogy az uraknak Szebenben el\u00e1rult\u00e1k, hogy bund\u00e1ban \u00e9s sund\u00e1n j\u00e1rok, 56 sor, distichonok, latinul, 1773. mense junio; Teleki J\u00f3zsefhez 1779. lat. hexameterek, 4r\u00e9t 10 lev\u00e9l; Schwarz Godofried rintelni egyetemi tan\u00e1rral val\u00f3 levelez\u00e9se (ezek a Teleki-k\u00f6nyvt\u00e1r miscellanaeai k\u00f6zt vannak.); A Gy\u00f6ngy\u00f6si Istv\u00e1n por\u00e1bul meg\u00e9ledett Phoenix-\u00e9nek vagy Kem\u00e9ny J\u00e1nos dolgair\u00f3l \u00edrt magyar verseinek jegyz\u00e9sek \u00e1ltal val\u00f3 magyar\u00e1ztja (1791); A r\u00e9vkom\u00e1romi f\u00f6ldinul\u00e1sr\u00f3l, A h\u00e1zi l\u00e9gy dics\u00e9rete stb. <br \/><strong>Irod.:<\/strong> Benk\u0151 K.: Mv.; Bo\u00e9r M\u00e1t\u00e9: Nyelvtanok \u00e9s m\u00f3dszerek. K\u00e9t mv.-i grammatikaszerz\u0151 a 18. sz\u00e1zadb\u00f3l = Maros megyei m. t\u00f6rt. 5; B\u00f6l\u00f6ni Domokos: K. S., Chiorean 2008; Cs\u00e1ky; Gagyi L\u00e1szl\u00f3 \u00e9s Fintah\u00e1za (N\u00fa., Sz\u00ednes Vil\u00e1g, 2012. jan. 7.); Csekme; De\u00e9 Nagy; De\u00e9 Nagy Anik\u00f3: A k\u00f6nyves Mv.: (N\u00fa., 1997. j\u00fan. 25.); De\u00e9 Nagy Anik\u00f3: A k\u00f6nyves Mv.: (N\u00fa., 1997. j\u00fan. 25.); Fazakas Istv\u00e1n 2003; Fazakas Istv\u00e1n: Erd\u00e9ly nagy pedag\u00f3gusai (Cs\u00edkszereda, 2007); Ferenczy-Danielik; Fogarasi; Halotti besz\u00e9dek; H\u00edres polg\u00e1rok; Id\u0151t\u00e1r 1; Kiss-K\u00e1lm\u00e1n-Bierbrunner.; Koczi\u00e1ny L\u00e1szl\u00f3: Kov\u00e1sznai S\u00e1ndor = Az \u00e9sz igaz utj\u00e1n (Buk., 1970); Koczi\u00e1ny L\u00e1szl\u00f3: Gh. \u015e. egyik mv.-i professzora (V. Z., 1966. nov. 13.); Koncz; Kov\u00e1sznai; Kozma B\u00e9la: Koll\u00e9giumunk \u00e9s az Erd\u00e9lyi Magyar Nyelvm\u00edvel\u0151 T\u00e1rsas\u00e1g (2.)(N\u00fa., 1993. aug. 11.); Kr\u00f3n F\u00fcz. (1939. 4\/8); M\u00e1ln\u00e1si; MAM\u0170L; MIIB; Mv. \u00e9s V\u00e1rtemploma; P\u00e1lmay J\u00f3zsef; Par\u00e1di; Somosd; Sz\u00e9kelykakasd; Profiluri mure\u015fene. 1.; RMIL; RMK III\/18. sz.; RNL; R\u00f3th: Sz\u00fcletett nyelv\u00fcnk\u00f6n; Rugonfalvy Kiss; Salamon J\u00f3zsef: De statu eclesiae ev. Ref. in Transilvania (Lipsiae, 1840); Somosd; Sz\u00e9kelykakasd; Szinnyei; Teleki S\u00e1muel peregrin\u00e1ci\u00f3s napl\u00f3ja; Thury; Todea 2013; Toldy; \u00daMIL<\/br><\/p>\n","protected":false},"excerpt":{"rendered":"<p>Fintah\u00e1za, 1730. febr. 12., \u2020 Mv., 1792. m\u00e1rc. 8.: tan\u00e1r, \u00edr\u00f3, filoz\u00f3fus, t\u00f6rt\u00e9n\u00e9sz, k\u00f6nyvgy\u0171jt\u0151. \u2013 K. Kelemen, ref. lelk\u00e9sz \u00e9s De\u00e1k Zsuzs\u00e1nna fia. \u2013 Gyermek\u00e9veit Fintah\u00e1z\u00e1n \u00e9s Somosdon t\u00f6lt\u00f6tte, ahol apja ref. pap volt. A mv.-i Ref. Koll.-ban tanult (1742\u2013), mint legjelesebbet, a retorica classisban tan\u00edt\u00f3nak, a matesis \u00e9s r\u00e9gi nyelvekben praesesnek b\u00edzt\u00e1k meg, majd [&hellip;]<\/p>\n","protected":false},"featured_media":0,"comment_status":"open","ping_status":"closed","template":"","meta":[],"product_brand":[],"product_cat":[137],"product_tag":[],"class_list":{"0":"post-13064","1":"product","2":"type-product","3":"status-publish","5":"product_cat-maros-megyei-eletrajzi-lexikon","7":"first","8":"instock","9":"shipping-taxable","10":"product-type-simple"},"_links":{"self":[{"href":"https:\/\/uj.adatbank.ro\/lexikon\/wp-json\/wp\/v2\/product\/13064","targetHints":{"allow":["GET"]}}],"collection":[{"href":"https:\/\/uj.adatbank.ro\/lexikon\/wp-json\/wp\/v2\/product"}],"about":[{"href":"https:\/\/uj.adatbank.ro\/lexikon\/wp-json\/wp\/v2\/types\/product"}],"replies":[{"embeddable":true,"href":"https:\/\/uj.adatbank.ro\/lexikon\/wp-json\/wp\/v2\/comments?post=13064"}],"wp:attachment":[{"href":"https:\/\/uj.adatbank.ro\/lexikon\/wp-json\/wp\/v2\/media?parent=13064"}],"wp:term":[{"taxonomy":"product_brand","embeddable":true,"href":"https:\/\/uj.adatbank.ro\/lexikon\/wp-json\/wp\/v2\/product_brand?post=13064"},{"taxonomy":"product_cat","embeddable":true,"href":"https:\/\/uj.adatbank.ro\/lexikon\/wp-json\/wp\/v2\/product_cat?post=13064"},{"taxonomy":"product_tag","embeddable":true,"href":"https:\/\/uj.adatbank.ro\/lexikon\/wp-json\/wp\/v2\/product_tag?post=13064"}],"curies":[{"name":"wp","href":"https:\/\/api.w.org\/{rel}","templated":true}]}}