{"id":13066,"date":"2025-06-29T14:48:44","date_gmt":"2025-06-29T12:48:44","guid":{"rendered":"https:\/\/uj.adatbank.ro\/lexikon\/termek\/kovats-szabo-gyorgy-kovats-gyorgy-deak-kovats-literati-deak\/"},"modified":"2025-06-29T14:48:44","modified_gmt":"2025-06-29T12:48:44","slug":"kovats-szabo-gyorgy-kovats-gyorgy-deak-kovats-literati-deak","status":"publish","type":"product","link":"https:\/\/uj.adatbank.ro\/lexikon\/termek\/kovats-szabo-gyorgy-kovats-gyorgy-deak-kovats-literati-deak\/","title":{"rendered":"KOV\u00c1TS (SZAB\u00d3) Gy\u00f6rgy, Kov\u00e1ts Gy\u00f6rgy De\u00e1k, Kov\u00e1ts Literati\/De\u00e1k"},"content":{"rendered":"<p>? \u2020 Mv., 1625. j\u00fan. 7.: f\u0151b\u00edr\u00f3. \u2013 Mv. f\u0151b\u00edr\u00e1ja (1610, 1612, 1618, 1621, 1622, 1624). <br \/><strong>Irod.:<\/strong> Fodor\u2013Bal\u00e1s; Id\u0151t\u00e1r 1<\/br><\/p>\n","protected":false},"excerpt":{"rendered":"<p>? \u2020 Mv., 1625. j\u00fan. 7.: f\u0151b\u00edr\u00f3. \u2013 Mv. f\u0151b\u00edr\u00e1ja (1610, 1612, 1618, 1621, 1622, 1624). Irod.: Fodor\u2013Bal\u00e1s; Id\u0151t\u00e1r 1<\/p>\n","protected":false},"featured_media":0,"comment_status":"open","ping_status":"closed","template":"","meta":[],"product_brand":[],"product_cat":[137],"product_tag":[],"class_list":{"0":"post-13066","1":"product","2":"type-product","3":"status-publish","5":"product_cat-maros-megyei-eletrajzi-lexikon","7":"first","8":"instock","9":"shipping-taxable","10":"product-type-simple"},"_links":{"self":[{"href":"https:\/\/uj.adatbank.ro\/lexikon\/wp-json\/wp\/v2\/product\/13066","targetHints":{"allow":["GET"]}}],"collection":[{"href":"https:\/\/uj.adatbank.ro\/lexikon\/wp-json\/wp\/v2\/product"}],"about":[{"href":"https:\/\/uj.adatbank.ro\/lexikon\/wp-json\/wp\/v2\/types\/product"}],"replies":[{"embeddable":true,"href":"https:\/\/uj.adatbank.ro\/lexikon\/wp-json\/wp\/v2\/comments?post=13066"}],"wp:attachment":[{"href":"https:\/\/uj.adatbank.ro\/lexikon\/wp-json\/wp\/v2\/media?parent=13066"}],"wp:term":[{"taxonomy":"product_brand","embeddable":true,"href":"https:\/\/uj.adatbank.ro\/lexikon\/wp-json\/wp\/v2\/product_brand?post=13066"},{"taxonomy":"product_cat","embeddable":true,"href":"https:\/\/uj.adatbank.ro\/lexikon\/wp-json\/wp\/v2\/product_cat?post=13066"},{"taxonomy":"product_tag","embeddable":true,"href":"https:\/\/uj.adatbank.ro\/lexikon\/wp-json\/wp\/v2\/product_tag?post=13066"}],"curies":[{"name":"wp","href":"https:\/\/api.w.org\/{rel}","templated":true}]}}