{"id":13068,"date":"2025-06-29T14:48:47","date_gmt":"2025-06-29T12:48:47","guid":{"rendered":"https:\/\/uj.adatbank.ro\/lexikon\/termek\/kovats-antal\/"},"modified":"2025-06-29T14:48:47","modified_gmt":"2025-06-29T12:48:47","slug":"kovats-antal","status":"publish","type":"product","link":"https:\/\/uj.adatbank.ro\/lexikon\/termek\/kovats-antal\/","title":{"rendered":"KOV\u00c1TS Antal"},"content":{"rendered":"<p>Sz\u00e9kelyhodos, 1888., \u2020 ? : gazd\u00e1lkod\u00f3. \u2013 Sz\u00fcl\u0151faluj\u00e1ban 25 holdon gazd\u00e1lkodott. A K\u00f6zbirtokoss\u00e1g eln\u00fcke, a k\u00f6zs\u00e9g p\u00e9nzt\u00e1rosa volt. Az els\u0151 vh.-ban a 23. cs. \u00e9s k. vad\u00e1sz z\u00e1szl\u00f3aljban a szerb \u00e9s az olasz fronton harcolt, fejl\u00f6v\u00e9st kapott, jobbszem\u00e9t elvesztette, \u0151rmesteri rangban szerelt le. Az I. o. ez\u00fcst v. \u00e9rem, seb. \u00e9rem a K\u00e1roly Csapatkereszt \u00e9s a mozg\u00f3s\u00edt\u00e1si kereszt tulajdonosa. <br \/><strong>Irod.:<\/strong> Sz\u00e9kelyf\u00f6ld \u00ed. k.<\/br><\/p>\n","protected":false},"excerpt":{"rendered":"<p>Sz\u00e9kelyhodos, 1888., \u2020 ? : gazd\u00e1lkod\u00f3. \u2013 Sz\u00fcl\u0151faluj\u00e1ban 25 holdon gazd\u00e1lkodott. A K\u00f6zbirtokoss\u00e1g eln\u00fcke, a k\u00f6zs\u00e9g p\u00e9nzt\u00e1rosa volt. Az els\u0151 vh.-ban a 23. cs. \u00e9s k. vad\u00e1sz z\u00e1szl\u00f3aljban a szerb \u00e9s az olasz fronton harcolt, fejl\u00f6v\u00e9st kapott, jobbszem\u00e9t elvesztette, \u0151rmesteri rangban szerelt le. Az I. o. ez\u00fcst v. \u00e9rem, seb. \u00e9rem a K\u00e1roly Csapatkereszt \u00e9s [&hellip;]<\/p>\n","protected":false},"featured_media":0,"comment_status":"open","ping_status":"closed","template":"","meta":[],"product_brand":[],"product_cat":[137],"product_tag":[],"class_list":{"0":"post-13068","1":"product","2":"type-product","3":"status-publish","5":"product_cat-maros-megyei-eletrajzi-lexikon","7":"first","8":"instock","9":"shipping-taxable","10":"product-type-simple"},"_links":{"self":[{"href":"https:\/\/uj.adatbank.ro\/lexikon\/wp-json\/wp\/v2\/product\/13068","targetHints":{"allow":["GET"]}}],"collection":[{"href":"https:\/\/uj.adatbank.ro\/lexikon\/wp-json\/wp\/v2\/product"}],"about":[{"href":"https:\/\/uj.adatbank.ro\/lexikon\/wp-json\/wp\/v2\/types\/product"}],"replies":[{"embeddable":true,"href":"https:\/\/uj.adatbank.ro\/lexikon\/wp-json\/wp\/v2\/comments?post=13068"}],"wp:attachment":[{"href":"https:\/\/uj.adatbank.ro\/lexikon\/wp-json\/wp\/v2\/media?parent=13068"}],"wp:term":[{"taxonomy":"product_brand","embeddable":true,"href":"https:\/\/uj.adatbank.ro\/lexikon\/wp-json\/wp\/v2\/product_brand?post=13068"},{"taxonomy":"product_cat","embeddable":true,"href":"https:\/\/uj.adatbank.ro\/lexikon\/wp-json\/wp\/v2\/product_cat?post=13068"},{"taxonomy":"product_tag","embeddable":true,"href":"https:\/\/uj.adatbank.ro\/lexikon\/wp-json\/wp\/v2\/product_tag?post=13068"}],"curies":[{"name":"wp","href":"https:\/\/api.w.org\/{rel}","templated":true}]}}