{"id":13070,"date":"2025-06-29T14:48:53","date_gmt":"2025-06-29T12:48:53","guid":{"rendered":"https:\/\/uj.adatbank.ro\/lexikon\/termek\/kovats-antal-jozsef-kezdiszentleleki-kovacs-antal-ifj\/"},"modified":"2025-06-29T14:48:53","modified_gmt":"2025-06-29T12:48:53","slug":"kovats-antal-jozsef-kezdiszentleleki-kovacs-antal-ifj","status":"publish","type":"product","link":"https:\/\/uj.adatbank.ro\/lexikon\/termek\/kovats-antal-jozsef-kezdiszentleleki-kovacs-antal-ifj\/","title":{"rendered":"KOV\u00c1TS Antal J\u00f3zsef, k\u00e9zdiszentl\u00e9leki; Kov\u00e1cs Antal, ifj."},"content":{"rendered":"<p>? \u2020 Mv., 1835. m\u00e1rc. 27.: orvos. \u2013 Feles\u00e9ge Leykum Anna (\u2020 1838. j\u00fan. 26.). \u2013 Marossz\u00e9k f\u0151orvosa (1805\u20131835), rendes tiszti orvos (1824\u2013). Ir\u00e1ny\u00edtotta a v\u00e1rosban a koleraj\u00e1rv\u00e1ny elleni harcot M Kis P\u00e1l szerint (1831). B\u00e9lteki Nagy Zsigmond viszont azt \u00edrta hogy ki sem mozdult a h\u00e1zb\u00f3l a f\u00e9lelmt\u0151l m\u00e9gis \u0151 kapta a jutalmat br. J\u00f3sika J\u00e1nos j\u00f3volt\u00e1b\u00f3l. Bolyai J\u00e1nosnak \u00edrt receptet (1834. \u00e1pr. \u2013). 1000 frt. t\u00e1mogatta a r. k. iskola c\u00e9ljaira gy\u0171jt\u0151 alap\u00edtv\u00e1nyt. Arany \u00e9remmel jutalmazt\u00e1k. <br \/><strong>Irod.:<\/strong> H\u00edres polg\u00e1rok; Id\u0151t\u00e1r 1 Kiss-P- P; Kr\u00f3n. F\u00fcz. (1939. 4\/5); Ol\u00e1h-G\u00e1l 2013; P\u00e1l-Antal 2009; Spielmann-Sebesty\u00e9n Mih\u00e1ly: B\u00e9lteki Nagy Zsigmond orvosdoktor csal\u00e1di feljegyz\u00e9sei 1826\u20131857 = \u00f6nyvek \u00e1ltal\u2026<\/br><\/p>\n","protected":false},"excerpt":{"rendered":"<p>? \u2020 Mv., 1835. m\u00e1rc. 27.: orvos. \u2013 Feles\u00e9ge Leykum Anna (\u2020 1838. j\u00fan. 26.). \u2013 Marossz\u00e9k f\u0151orvosa (1805\u20131835), rendes tiszti orvos (1824\u2013). Ir\u00e1ny\u00edtotta a v\u00e1rosban a koleraj\u00e1rv\u00e1ny elleni harcot M Kis P\u00e1l szerint (1831). B\u00e9lteki Nagy Zsigmond viszont azt \u00edrta hogy ki sem mozdult a h\u00e1zb\u00f3l a f\u00e9lelmt\u0151l m\u00e9gis \u0151 kapta a jutalmat br. [&hellip;]<\/p>\n","protected":false},"featured_media":0,"comment_status":"open","ping_status":"closed","template":"","meta":[],"product_brand":[],"product_cat":[137],"product_tag":[],"class_list":{"0":"post-13070","1":"product","2":"type-product","3":"status-publish","5":"product_cat-maros-megyei-eletrajzi-lexikon","7":"first","8":"instock","9":"shipping-taxable","10":"product-type-simple"},"_links":{"self":[{"href":"https:\/\/uj.adatbank.ro\/lexikon\/wp-json\/wp\/v2\/product\/13070","targetHints":{"allow":["GET"]}}],"collection":[{"href":"https:\/\/uj.adatbank.ro\/lexikon\/wp-json\/wp\/v2\/product"}],"about":[{"href":"https:\/\/uj.adatbank.ro\/lexikon\/wp-json\/wp\/v2\/types\/product"}],"replies":[{"embeddable":true,"href":"https:\/\/uj.adatbank.ro\/lexikon\/wp-json\/wp\/v2\/comments?post=13070"}],"wp:attachment":[{"href":"https:\/\/uj.adatbank.ro\/lexikon\/wp-json\/wp\/v2\/media?parent=13070"}],"wp:term":[{"taxonomy":"product_brand","embeddable":true,"href":"https:\/\/uj.adatbank.ro\/lexikon\/wp-json\/wp\/v2\/product_brand?post=13070"},{"taxonomy":"product_cat","embeddable":true,"href":"https:\/\/uj.adatbank.ro\/lexikon\/wp-json\/wp\/v2\/product_cat?post=13070"},{"taxonomy":"product_tag","embeddable":true,"href":"https:\/\/uj.adatbank.ro\/lexikon\/wp-json\/wp\/v2\/product_tag?post=13070"}],"curies":[{"name":"wp","href":"https:\/\/api.w.org\/{rel}","templated":true}]}}