{"id":13074,"date":"2025-06-29T14:49:00","date_gmt":"2025-06-29T12:49:00","guid":{"rendered":"https:\/\/uj.adatbank.ro\/lexikon\/termek\/kovats-benedek-%c2%a7\/"},"modified":"2025-06-29T14:49:00","modified_gmt":"2025-06-29T12:49:00","slug":"kovats-benedek-%c2%a7","status":"publish","type":"product","link":"https:\/\/uj.adatbank.ro\/lexikon\/termek\/kovats-benedek-%c2%a7\/","title":{"rendered":"KOV\u00c1TS Benedek, \u00a7"},"content":{"rendered":"<p>Uzon, 1888. \u00e1pr. 4, \u2020 Mv., 1975. m\u00e1j. 16.: vall\u00e1stan\u00e1r, ref. lelk\u00e9sz, koll. igazgat\u00f3. \u2013 Apja: bikfalvi \u00e9s p\u00e1k\u00e9i K. D\u00e9nes igazgat\u00f3-tan\u00edt\u00f3 (1859.? \u2013 Mv., 1941. dec. 22.) Testv\u00e9rei: K. R\u00f3zsi Markos Alad\u00e1rn\u00e9; K. Margit; K. Gy\u00f6rgy, feles\u00e9ge Pignot Andr\u00e9. Feles\u00e9ge: raksai, raks\u00e1nyi Thur\u00f3czy Erzs\u00e9bet. Fi\u00fak: Iv\u00e1n P\u00e1l. -. K\u00f6z\u00e9piskol\u00e1it Sepsiszentgy\u00f6rgy\u00f6n, teol\u00f3gi\u00e1t Kv.-on v\u00e9gzett; N\u00e9meto.-i nyelv\u00e9szeti \u00e9s filoz\u00f3fiai tanulm\u00e1nyok ut\u00e1n a kv.-i Ref. Koll.-ban kezdte tan\u00e1ri p\u00e1ly\u00e1j\u00e1t. R\u00e9szt vett az I. vh.-ban (1916\u201319), t\u00e1bori lelk\u00e9szk\u00e9nt vonult be a b\u00e9csi katonai lelk\u00e9szi hivatalhoz, majd az olasz frontra vez\u00e9nyelt\u00e9k (1917); a sz\u00e9kely hadoszt\u00e1lyba jelentkezett (1918), rom\u00e1n fogs\u00e1gba esett. Kit\u00fcntet\u00e9sekkel szerelt le. A mv.-i Ref. Koll. vall\u00e1stan\u00e1ra (1922\u201347), a tan\u00e1ri t\u00e9ka \u0151re (1925\u201345), Marosszentgy\u00f6rgy\u00f6n helyettes lelk\u00e9sz (1925. j\u00fal. 1. \u2013 1929. j\u00fal. 1.), a konviktus fel\u00fcgyel\u0151je (1939), a Koll. igazgat\u00f3ja (1943\u201347. j\u00fal.). Az Erd\u00e9lyi Helikon mv.-i tagjai k\u00f6zt szerepelt (1930). K\u00f6nyvt\u00e1ros a Teleki T\u00e9k\u00e1ban (1940\u2013), neki k\u00f6sz\u00f6nhet\u0151, hogy a k\u00f6nyvt\u00e1r \u00e1llom\u00e1ny\u00e1t nem menek\u00edtett\u00e9k el Mv.-r\u0151l. Igazgat\u00f3s\u00e1ga alatt \u00e1llamos\u00edtott\u00e1k a Koll.-ot. A KZST tagja (1935\u2013), \u00fcgyvezet\u0151 eln\u00f6ke a T\u00e1rsas\u00e1g megsz\u0171n\u00e9s\u00e9ig (1943\u2013), sz\u00e9kfoglal\u00f3 besz\u00e9d\u00e9t az Aranka Gy\u00f6rgy sz\u00fclet\u00e9s\u00e9nek 200. \u00e9vfordul\u00f3ja alkalm\u00e1b\u00f3l rendezett \u00fcnneps\u00e9gen Erd\u00e9ly Kazinczyja c\u00edmmel tartotta, egy k\u00e9s\u0151bbi \u00fcl\u00e9sen Borsos Tam\u00e1sr\u00f3l \u00edrt reg\u00e9ny\u00e9b\u0151l olvasott fel r\u00e9szleteket, \u0151 \u0151r\u00edzte meg a t\u00e1rsas\u00e1g jegyz\u0151k\u00f6nyveit. A Mv.-i Kaszin\u00f3 v\u00e1lasztm\u00e1nyi tagja (1932). Szabadk\u0151m\u0171ves. Liturgiai \u00e9s pedag\u00f3giai \u00edr\u00e1sait a Ref. Szemle k\u00f6z\u00f6lte, a P\u00e1sztort\u0171z Bolyai Farkas Schiller ford\u00edt\u00e1sar\u00f3l \u00edrt tanulm\u00e1ny\u00e1t k\u00f6z\u00f6lte (1941). R\u00f3la mint\u00e1zta meg Izs\u00e1k M\u00e1rton Bolyai J\u00e1nos alakj\u00e1t a K\u00e9t Bolyai szobr\u00e1ban. <br \/><strong>Irod.:<\/strong> Bi\u00e1s Istv\u00e1n; Erd\u00e9lyi ezredek; F\u00fcl\u00f6p\u2013Ferencz; Gottfried\u2013Nagy; Gy\u00e1szjelent\u0151; Helikon 1924\u20131944; Id\u0151t\u00e1r 3; Marosi-Helikon; Marosi-KZST; Marosszentgy\u00f6rgy; M\u00e1th\u00e9 M\u00e1rta-Haller B\u00e9la: A mv.-i Ref. Koll. alap\u00edt\u00e1s\u00e1nak 450. \u00e9vfordul\u00f3j\u00e1ra (Magiszter, 3\u20134. sz., 2007); Molter 1., 2. 3.; Mv. t\u00f6rt. 2.; Ol\u00e1h-G\u00e1l R\u00f3bert: Eml\u00e9kek nyom\u00e1ban: K. B. \u00e9s a Nagyhegysz\u0151l\u0151 (N\u00fa., Sz\u00ednes Vil\u00e1g, 2008. febr. 9..); RMIL; Sebesty\u00e9n<\/br><\/p>\n","protected":false},"excerpt":{"rendered":"<p>Uzon, 1888. \u00e1pr. 4, \u2020 Mv., 1975. m\u00e1j. 16.: vall\u00e1stan\u00e1r, ref. lelk\u00e9sz, koll. igazgat\u00f3. \u2013 Apja: bikfalvi \u00e9s p\u00e1k\u00e9i K. D\u00e9nes igazgat\u00f3-tan\u00edt\u00f3 (1859.? \u2013 Mv., 1941. dec. 22.) Testv\u00e9rei: K. R\u00f3zsi Markos Alad\u00e1rn\u00e9; K. Margit; K. Gy\u00f6rgy, feles\u00e9ge Pignot Andr\u00e9. Feles\u00e9ge: raksai, raks\u00e1nyi Thur\u00f3czy Erzs\u00e9bet. Fi\u00fak: Iv\u00e1n P\u00e1l. -. K\u00f6z\u00e9piskol\u00e1it Sepsiszentgy\u00f6rgy\u00f6n, teol\u00f3gi\u00e1t Kv.-on v\u00e9gzett; N\u00e9meto.-i [&hellip;]<\/p>\n","protected":false},"featured_media":0,"comment_status":"open","ping_status":"closed","template":"","meta":[],"product_brand":[],"product_cat":[137],"product_tag":[],"class_list":{"0":"post-13074","1":"product","2":"type-product","3":"status-publish","5":"product_cat-maros-megyei-eletrajzi-lexikon","7":"first","8":"instock","9":"shipping-taxable","10":"product-type-simple"},"_links":{"self":[{"href":"https:\/\/uj.adatbank.ro\/lexikon\/wp-json\/wp\/v2\/product\/13074","targetHints":{"allow":["GET"]}}],"collection":[{"href":"https:\/\/uj.adatbank.ro\/lexikon\/wp-json\/wp\/v2\/product"}],"about":[{"href":"https:\/\/uj.adatbank.ro\/lexikon\/wp-json\/wp\/v2\/types\/product"}],"replies":[{"embeddable":true,"href":"https:\/\/uj.adatbank.ro\/lexikon\/wp-json\/wp\/v2\/comments?post=13074"}],"wp:attachment":[{"href":"https:\/\/uj.adatbank.ro\/lexikon\/wp-json\/wp\/v2\/media?parent=13074"}],"wp:term":[{"taxonomy":"product_brand","embeddable":true,"href":"https:\/\/uj.adatbank.ro\/lexikon\/wp-json\/wp\/v2\/product_brand?post=13074"},{"taxonomy":"product_cat","embeddable":true,"href":"https:\/\/uj.adatbank.ro\/lexikon\/wp-json\/wp\/v2\/product_cat?post=13074"},{"taxonomy":"product_tag","embeddable":true,"href":"https:\/\/uj.adatbank.ro\/lexikon\/wp-json\/wp\/v2\/product_tag?post=13074"}],"curies":[{"name":"wp","href":"https:\/\/api.w.org\/{rel}","templated":true}]}}