{"id":13076,"date":"2025-06-29T14:49:04","date_gmt":"2025-06-29T12:49:04","guid":{"rendered":"https:\/\/uj.adatbank.ro\/lexikon\/termek\/kovats-denes-%c2%a7\/"},"modified":"2025-06-29T14:49:04","modified_gmt":"2025-06-29T12:49:04","slug":"kovats-denes-%c2%a7","status":"publish","type":"product","link":"https:\/\/uj.adatbank.ro\/lexikon\/termek\/kovats-denes-%c2%a7\/","title":{"rendered":"KOV\u00c1TS D\u00e9nes, \u00a7"},"content":{"rendered":"<p>Homor\u00f3dokl\u00e1nd, 1877, \u2020 ?: m\u00e9rn\u00f6k Sz\u00e1szr\u00e9genben. \u2013 T\u00e9nyleges katonai szolg\u00e1latra vonult be Nagyszebenben (1901) R\u00e9szt vett az I. vh.-ban (1914\u201318), egy n\u00e9pfelkel\u0151 munk\u00e1sz\u00e1szl\u00f3aljjal az orosz frontra ment, vas\u00fati h\u00edd \u00e9s vonal \u00e9p\u00edt\u00e9s\u00e9\u00e9rt a m\u0171szaki f\u0151parancsnoks\u00e1gt\u00f3l d\u00edcs\u00e9r\u0151 elismer\u00e9st kapott. Sz\u00e1zadosi rangban szerelt le kit\u00fcntet\u00e9sekkel. <br \/><strong>Irod.:<\/strong> Erd\u00e9lyi ezredek<\/br><\/p>\n","protected":false},"excerpt":{"rendered":"<p>Homor\u00f3dokl\u00e1nd, 1877, \u2020 ?: m\u00e9rn\u00f6k Sz\u00e1szr\u00e9genben. \u2013 T\u00e9nyleges katonai szolg\u00e1latra vonult be Nagyszebenben (1901) R\u00e9szt vett az I. vh.-ban (1914\u201318), egy n\u00e9pfelkel\u0151 munk\u00e1sz\u00e1szl\u00f3aljjal az orosz frontra ment, vas\u00fati h\u00edd \u00e9s vonal \u00e9p\u00edt\u00e9s\u00e9\u00e9rt a m\u0171szaki f\u0151parancsnoks\u00e1gt\u00f3l d\u00edcs\u00e9r\u0151 elismer\u00e9st kapott. Sz\u00e1zadosi rangban szerelt le kit\u00fcntet\u00e9sekkel. Irod.: Erd\u00e9lyi ezredek<\/p>\n","protected":false},"featured_media":0,"comment_status":"open","ping_status":"closed","template":"","meta":[],"product_brand":[],"product_cat":[137],"product_tag":[],"class_list":{"0":"post-13076","1":"product","2":"type-product","3":"status-publish","5":"product_cat-maros-megyei-eletrajzi-lexikon","7":"first","8":"instock","9":"shipping-taxable","10":"product-type-simple"},"_links":{"self":[{"href":"https:\/\/uj.adatbank.ro\/lexikon\/wp-json\/wp\/v2\/product\/13076","targetHints":{"allow":["GET"]}}],"collection":[{"href":"https:\/\/uj.adatbank.ro\/lexikon\/wp-json\/wp\/v2\/product"}],"about":[{"href":"https:\/\/uj.adatbank.ro\/lexikon\/wp-json\/wp\/v2\/types\/product"}],"replies":[{"embeddable":true,"href":"https:\/\/uj.adatbank.ro\/lexikon\/wp-json\/wp\/v2\/comments?post=13076"}],"wp:attachment":[{"href":"https:\/\/uj.adatbank.ro\/lexikon\/wp-json\/wp\/v2\/media?parent=13076"}],"wp:term":[{"taxonomy":"product_brand","embeddable":true,"href":"https:\/\/uj.adatbank.ro\/lexikon\/wp-json\/wp\/v2\/product_brand?post=13076"},{"taxonomy":"product_cat","embeddable":true,"href":"https:\/\/uj.adatbank.ro\/lexikon\/wp-json\/wp\/v2\/product_cat?post=13076"},{"taxonomy":"product_tag","embeddable":true,"href":"https:\/\/uj.adatbank.ro\/lexikon\/wp-json\/wp\/v2\/product_tag?post=13076"}],"curies":[{"name":"wp","href":"https:\/\/api.w.org\/{rel}","templated":true}]}}