{"id":13079,"date":"2025-06-29T14:49:12","date_gmt":"2025-06-29T12:49:12","guid":{"rendered":"https:\/\/uj.adatbank.ro\/lexikon\/termek\/kovats-erzsebet-ilona-%c2%a7\/"},"modified":"2025-06-29T14:49:12","modified_gmt":"2025-06-29T12:49:12","slug":"kovats-erzsebet-ilona-%c2%a7","status":"publish","type":"product","link":"https:\/\/uj.adatbank.ro\/lexikon\/termek\/kovats-erzsebet-ilona-%c2%a7\/","title":{"rendered":"KOV\u00c1TS Erzs\u00e9bet Ilona, \u00a7"},"content":{"rendered":"<p>Arad, 1910. j\u00fan. 17., \u2020 Sepsiszentgy\u00f6rgy, 1990. dec. 10.: sz\u00edn\u00e9szn\u0151, K. Dezs\u0151 feles\u00e9ge. \u2013 Darvas Ern\u0151 sz\u00edniiskol\u00e1j\u00e1t v\u00e9gezte. Szerz\u0151d\u00e9sben volt Aradon Szatm\u00e1rn\u00e9metiben, Temesv\u00e1ron, Nagyb\u00e1ny\u00e1n, Szatm\u00e1ron (1930\u201346); a mv.-i Sz\u00e9kely Sz\u00ednh\u00e1z tagja (1946\u201356), majd Sepsiszentgy\u00f6rgy\u00f6n az \u00c1llami Magyar Sz\u00ednh\u00e1z sz\u00edn\u00e9sze (1956\u201367). A jelmezeket k\u00e9sz\u00edtette Eisemann Mih\u00e1ly: Fekete P\u00e9ter c. el\u0151ad\u00e1s\u00e1hoz (1947) \u2013 <strong>F. sz.:<\/strong> Feles\u00e9g (Moln\u00e1r Ferenc: Marsal); Elza (Boros Elem\u00e9r: Forg\u00f3sz\u00e9l); Marianna (Zilahy Lajos: T\u0171zmad\u00e1r); H\u00e9di (Schubert-Bert\u00e9: H\u00e1rom a kisl\u00e1ny); Emma (Indig Otto: Ember a h\u00edd alatt); Rozi (Andai: Harangvir\u00e1g); Marcsa (Szirmai : M\u00e1gn\u00e1s Miska); Teofil \u00e9desanyja (L. Demetrius: Mai emberek); Badaye G\u00fcl baba feles\u00e9ge (Huszka Jen\u0151: G\u00fcl baba); M\u00e1sodik \u00fajs\u00e1g\u00edr\u00f3n\u0151 (H. Kipphardt: Shakespeare kerestetik). <br \/><strong>Irod.:<\/strong> A H\u00e9t \u00c9vk\u00f6nyve (1982); Horv\u00e1th Bea; Katona Szab\u00f3 Istv\u00e1n: Az \u00daj \u00c9let lexikona, 91. (\u00daj \u00c9let, 7. sz. 1974.) ; K\u00f6t\u0151<\/br><\/p>\n","protected":false},"excerpt":{"rendered":"<p>Arad, 1910. j\u00fan. 17., \u2020 Sepsiszentgy\u00f6rgy, 1990. dec. 10.: sz\u00edn\u00e9szn\u0151, K. Dezs\u0151 feles\u00e9ge. \u2013 Darvas Ern\u0151 sz\u00edniiskol\u00e1j\u00e1t v\u00e9gezte. Szerz\u0151d\u00e9sben volt Aradon Szatm\u00e1rn\u00e9metiben, Temesv\u00e1ron, Nagyb\u00e1ny\u00e1n, Szatm\u00e1ron (1930\u201346); a mv.-i Sz\u00e9kely Sz\u00ednh\u00e1z tagja (1946\u201356), majd Sepsiszentgy\u00f6rgy\u00f6n az \u00c1llami Magyar Sz\u00ednh\u00e1z sz\u00edn\u00e9sze (1956\u201367). A jelmezeket k\u00e9sz\u00edtette Eisemann Mih\u00e1ly: Fekete P\u00e9ter c. el\u0151ad\u00e1s\u00e1hoz (1947) \u2013 F. sz.: Feles\u00e9g (Moln\u00e1r [&hellip;]<\/p>\n","protected":false},"featured_media":0,"comment_status":"open","ping_status":"closed","template":"","meta":[],"product_brand":[],"product_cat":[137],"product_tag":[],"class_list":{"0":"post-13079","1":"product","2":"type-product","3":"status-publish","5":"product_cat-maros-megyei-eletrajzi-lexikon","7":"first","8":"instock","9":"shipping-taxable","10":"product-type-simple"},"_links":{"self":[{"href":"https:\/\/uj.adatbank.ro\/lexikon\/wp-json\/wp\/v2\/product\/13079","targetHints":{"allow":["GET"]}}],"collection":[{"href":"https:\/\/uj.adatbank.ro\/lexikon\/wp-json\/wp\/v2\/product"}],"about":[{"href":"https:\/\/uj.adatbank.ro\/lexikon\/wp-json\/wp\/v2\/types\/product"}],"replies":[{"embeddable":true,"href":"https:\/\/uj.adatbank.ro\/lexikon\/wp-json\/wp\/v2\/comments?post=13079"}],"wp:attachment":[{"href":"https:\/\/uj.adatbank.ro\/lexikon\/wp-json\/wp\/v2\/media?parent=13079"}],"wp:term":[{"taxonomy":"product_brand","embeddable":true,"href":"https:\/\/uj.adatbank.ro\/lexikon\/wp-json\/wp\/v2\/product_brand?post=13079"},{"taxonomy":"product_cat","embeddable":true,"href":"https:\/\/uj.adatbank.ro\/lexikon\/wp-json\/wp\/v2\/product_cat?post=13079"},{"taxonomy":"product_tag","embeddable":true,"href":"https:\/\/uj.adatbank.ro\/lexikon\/wp-json\/wp\/v2\/product_tag?post=13079"}],"curies":[{"name":"wp","href":"https:\/\/api.w.org\/{rel}","templated":true}]}}