{"id":13081,"date":"2025-06-29T14:49:16","date_gmt":"2025-06-29T12:49:16","guid":{"rendered":"https:\/\/uj.adatbank.ro\/lexikon\/termek\/kovats-ferenc-id-szekelyudvarhelyi\/"},"modified":"2025-06-29T14:49:16","modified_gmt":"2025-06-29T12:49:16","slug":"kovats-ferenc-id-szekelyudvarhelyi","status":"publish","type":"product","link":"https:\/\/uj.adatbank.ro\/lexikon\/termek\/kovats-ferenc-id-szekelyudvarhelyi\/","title":{"rendered":"KOV\u00c1TS Ferenc, id., sz\u00e9kelyudvarhelyi"},"content":{"rendered":"<p>Nagyszeben, 1888. m\u00e1rc. 3, \u2020 Bp., 1983. nov. 23.: orvos, t\u00fcd\u0151gy\u00f3gy\u00e1sz. Ifj. K. Ferenc orvos apja. \u2013 A kv.-i egy.-en orvosi okle\u00advelet szerzett (1910). Az orvostudom\u00e1ny kandid\u00e1tusa (1952), doktora (1955). M\u00e9g egyetemistak\u00e9nt a rajz\u00adtehets\u00e9g\u00e9nek k\u00f6sz\u00f6nhet\u0151en az egy. anat\u00f3miai int.-ben demonstr\u00e1tor volt. A mv.-i k\u00f3rh\u00e1zban seb\u00e9sz (1910\u201314), majd Radn\u00f3t k\u00f6rorvosa. Vizakn\u00e1n tisztiorvos (1914\u201319). Erd\u00e9lyb\u0151l Szegedre k\u00f6lt\u00f6z\u00f6tt (1919\u2013), a szegedi Munk\u00e1sbiztos\u00edt\u00f3 P\u00e9nzt\u00e1r t\u00fcd\u0151beteg-rendel\u0151j\u00e9nek f\u0151orvo\u00adsa. A szegedi egy.-en a t\u00fcd\u0151g\u00fcm\u0151k\u00f3r k\u00f3r- \u00e9s gy\u00f3gytana c. t\u00e1rgyk\u00f6r mag\u00e1ntan\u00e1ra (1927\u2013), c. ny. rk. tan\u00e1ra (1935\u2013), a v\u00e1rosi t\u00fcd\u0151beteg-gondoz\u00f3 f\u0151orvosa (1927\u201336), a bp.-i Szt. J\u00e1nos K\u00f3rh\u00e1z II. sz. t\u00fcd\u0151\u00adbeteg-oszt\u00e1ly\u00e1nakvezet\u0151 f\u0151orvosa (1937\u201342). A szegedi egy.-en a t\u00fcd\u0151gy\u00f3gy\u00e1szat ny. r. ta\u00adn\u00e1ra (1942\u2013), a t\u00fcd\u0151gy\u00f3gy\u00e1szati klinika ig., a szegedi orvostud, egy. t\u00fcd\u0151gy\u00f3gy\u00e1szati klini\u00adk\u00e1j\u00e1nak ig., tszv. egy. tan\u00e1r (1951\u2013), nyugd\u00ed\u00adjazt\u00e1k (1961). A mo.-i t\u00fcd\u0151gy\u00f3gy\u00e1szat egyik \u00fatt\u00f6\u00adr\u0151je. \u0150 l\u00e9tes\u00edtette Mo.-on az els\u0151 vid\u00e9ki t\u00fcd\u0151gondoz\u00f3 int. -et Szegeden. K\u00fclf\u00f6ldi tanul\u00adm\u00e1ny\u00fatjai sor\u00e1n dolgozott a Pasteur Int.-ben, majd Franciao.-ban Dumarestn\u00e9l, Besaneon-n\u00e1l klinikai gyakorlaton vett r\u00e9szt. Francia- \u00e9s n\u00e9meto.-i \u00fatjair\u00f3l \u00faj m\u00f3dszereket: a vil\u00e1gon els\u0151k\u00e9nt der\u00edtett fel olyan szerves por \u00e1ltal okozott kombin\u00e1lt t\u00fcd\u0151betegs\u00e9get, amely sz\u00e1mtalan, k\u00e9s\u0151bb fel\u00adismert foglalkoz\u00e1si \u00e1rtalom magyar\u00e1zat\u00e1hoz szolg\u00e1lt modellk\u00e9nt. \u0150 \u00edrta a tuberkul\u00f3zist t\u00e1rgyal\u00f3 els\u0151 m. egy. tank\u00f6nyvet. Tan\u00edtv\u00e1\u00adnyaib\u00f3l n\u0151tt ki a k\u00fclf\u00f6ld\u00f6n is ismert K.-isk. A Kor\u00e1nyi Frigyes TBC \u00e9s T\u00fcd\u0151gy\u00f3gy\u00e1sz T\u00e1rs. \u00f6r\u00f6k\u00f6s eln\u00f6ke. A Chest Physician Society eln\u00f6ks\u00e9gi tagja, a francia \u00e9s az osztr\u00e1k tuberkul\u00f3zis t\u00e1rs. t. tagja. Orvosi munk\u00e1ja mellett festett, faragott, dom-borm\u0171veket k\u00e9sz\u00edtett. \u2013 <strong>F. m.:<\/strong> Az ambul\u00e1ns l\u00e9gmell-kezel\u00e9s (Bp., 1929); Die Lungenerkrankung der Paprikuspalter (Bp. -Leipzig, 1937); A t\u00fcd\u0151g\u00fcm\u0151k\u00f3r (Bp., 1945; 1956); Hogyan gy\u00f3gy\u00edtjuk a t\u00fcd\u0151v\u00e9szt? (Bp., 1946); A g\u00fcm\u0151k\u00f3r (Bp., 1954); Die Toxomycose der Lunge (Bp., 1965); Eg\u00e9szs\u00e9ges \u00e9let \u2013 der\u0171s \u00f6regs\u00e9g. Haszn\u00e1lati utas\u00edt\u00e1s az \u00e9lethez (Bp., 1976). <br \/><strong>Irod.:<\/strong> R\u00daL; \u00daM\u00c9L<\/br><\/p>\n","protected":false},"excerpt":{"rendered":"<p>Nagyszeben, 1888. m\u00e1rc. 3, \u2020 Bp., 1983. nov. 23.: orvos, t\u00fcd\u0151gy\u00f3gy\u00e1sz. Ifj. K. Ferenc orvos apja. \u2013 A kv.-i egy.-en orvosi okle\u00advelet szerzett (1910). Az orvostudom\u00e1ny kandid\u00e1tusa (1952), doktora (1955). M\u00e9g egyetemistak\u00e9nt a rajz\u00adtehets\u00e9g\u00e9nek k\u00f6sz\u00f6nhet\u0151en az egy. anat\u00f3miai int.-ben demonstr\u00e1tor volt. A mv.-i k\u00f3rh\u00e1zban seb\u00e9sz (1910\u201314), majd Radn\u00f3t k\u00f6rorvosa. Vizakn\u00e1n tisztiorvos (1914\u201319). Erd\u00e9lyb\u0151l Szegedre k\u00f6lt\u00f6z\u00f6tt [&hellip;]<\/p>\n","protected":false},"featured_media":0,"comment_status":"open","ping_status":"closed","template":"","meta":[],"product_brand":[],"product_cat":[137],"product_tag":[],"class_list":{"0":"post-13081","1":"product","2":"type-product","3":"status-publish","5":"product_cat-maros-megyei-eletrajzi-lexikon","7":"first","8":"instock","9":"shipping-taxable","10":"product-type-simple"},"_links":{"self":[{"href":"https:\/\/uj.adatbank.ro\/lexikon\/wp-json\/wp\/v2\/product\/13081","targetHints":{"allow":["GET"]}}],"collection":[{"href":"https:\/\/uj.adatbank.ro\/lexikon\/wp-json\/wp\/v2\/product"}],"about":[{"href":"https:\/\/uj.adatbank.ro\/lexikon\/wp-json\/wp\/v2\/types\/product"}],"replies":[{"embeddable":true,"href":"https:\/\/uj.adatbank.ro\/lexikon\/wp-json\/wp\/v2\/comments?post=13081"}],"wp:attachment":[{"href":"https:\/\/uj.adatbank.ro\/lexikon\/wp-json\/wp\/v2\/media?parent=13081"}],"wp:term":[{"taxonomy":"product_brand","embeddable":true,"href":"https:\/\/uj.adatbank.ro\/lexikon\/wp-json\/wp\/v2\/product_brand?post=13081"},{"taxonomy":"product_cat","embeddable":true,"href":"https:\/\/uj.adatbank.ro\/lexikon\/wp-json\/wp\/v2\/product_cat?post=13081"},{"taxonomy":"product_tag","embeddable":true,"href":"https:\/\/uj.adatbank.ro\/lexikon\/wp-json\/wp\/v2\/product_tag?post=13081"}],"curies":[{"name":"wp","href":"https:\/\/api.w.org\/{rel}","templated":true}]}}