{"id":13082,"date":"2025-06-29T14:49:18","date_gmt":"2025-06-29T12:49:18","guid":{"rendered":"https:\/\/uj.adatbank.ro\/lexikon\/termek\/kovats-ferenc-ifj-szekelyudvarhelyi\/"},"modified":"2025-06-29T14:49:18","modified_gmt":"2025-06-29T12:49:18","slug":"kovats-ferenc-ifj-szekelyudvarhelyi","status":"publish","type":"product","link":"https:\/\/uj.adatbank.ro\/lexikon\/termek\/kovats-ferenc-ifj-szekelyudvarhelyi\/","title":{"rendered":"KOV\u00c1TS Ferenc, ifj. sz\u00e9kelyudvarhelyi"},"content":{"rendered":"<p>Radn\u00f3t, 1913. m\u00e1j. 1., Balatonvil\u00e1gos, 1997. aug. 7.: orvos, t\u00fcd\u0151gy\u00f3gy\u00e1sz, grafikus. K. Ferenc orvos fia. \u2013 A szegedi egy.-en orvosi oklevelet szerzett (1937). A bp.-i Szt. J\u00e1nos K\u00f3rh\u00e1z n\u0151i t\u00fcd\u0151oszt\u00e1ly\u00e1n externista (1937\u2013), seg\u00e9dorvos, alorvos (1940\u2013), c. klinikai adjunktus (1947\u2013). A bp.-i egy.-en a t\u00fcd\u0151g\u00fcm\u0151k\u00f3r gy\u00f3\u00adgy\u00edt\u00e1sa c. t\u00e1rgyk\u00f6r mag\u00e1ntan\u00e1ra (1945\u2013). Az Orsz. Kor\u00e1nyi TBC Int. oszt\u00e1lyvezet\u0151 f\u0151orvo\u00adsa (1951\u2013), nyugd\u00edjazt\u00e1k (1978), azut\u00e1n az int. tud. tan\u00e1csad\u00f3ja volt. Hautville-ben \u00e9s P\u00e1rizsban (1937), majd egy f\u00e9l \u00e9vet \u00f6szt\u00f6nd\u00edjjal a r\u00f3mai C. Forlalnmi Int.-ben t\u00f6lt\u00f6tt (1939), Sv\u00e1jcban j\u00e1rt f\u00e9l\u00ad\u00e9ves tanulm\u00e1nyi \u00f6szt\u00f6nd\u00edjjal (1943), \u00e9s az akkor elkezdett tud. munka folytat\u00e1s\u00e1ra kapott f\u00e9l\u00e9ves \u00f6szt\u00f6nd\u00edjat (1947 \u00e9s 1948), ekkor Davos, P\u00e1rizs \u00e9s R\u00f3ma int. -eiben kutatott. Arra t\u00f6rekedett, hogy a k\u00fclf\u00f6l\u00add\u00f6n tanult legkorszer\u0171bb ter\u00e1pi\u00e1s m\u00f3dsze\u00adreket meghonos\u00edtsa a m. t\u00fcd\u0151gy\u00f3gy\u00e1szok k\u00f6r\u00e9ben. Mo. on els\u0151k\u00e9nt foglalkozott a Monaldi-f\u00e9le kavernasz\u00edv\u00e1ssal, az els\u0151k k\u00f6z\u00f6tt vezette be a Jacubeus-m\u0171t\u00e9tet \u00e9s a pleuritisek sz\u00edv\u00f3 kezel\u00e9s\u00e9t. \u00daj m\u00f3dszereket dolgozott ki a t\u00fcd\u0151 rtg. -k\u00e9pek t\u00e9rbeli elk\u00e9p\u00adzel\u00e9s\u00e9nek \u00e9s ez\u00e1ltal helyes \u00e9rt\u00e9kel\u00e9s\u00e9nek megk\u00f6nny\u00edt\u00e9s\u00e9re, a rtg.-k\u00e9p \u00e9s az anat\u00f3mia p\u00e1rhuzamba \u00e1ll\u00edt\u00e1s\u00e1ra. Emellett grafik\u00e1kat, r\u00e9zkarcokat, fametszeteket, akvarellk\u00e9peket stb. k\u00e9sz\u00edtett, melyeket sz\u00e1mos ki\u00e1ll\u00edt\u00e1son mutatott be. Az orvostudom\u00e1ny kandi\u00add\u00e1tusa (1952). Kossuth-d\u00edj (1955). A francia Soci\u00e9t\u00e9 Francaise de la Tuberculose et de Maladies Respiratoire, az amerikai Trudeau Society, a Bimedical Oprica \u00e9s az Inter\u00adnational Society for Photogrammetry and Remote Senaing tagja. \u2013 <strong>F. m.:<\/strong> A g\u00fcm\u0151s mellh\u00e1rtyalob (Bp., 1944); A l\u00e9gz\u00e9smorphometri\u00e1ban v\u00e9gzett harminc\u00ad\u00e9ves munka eredm\u00e9nye (MedicinaThoracalis, 1990); <strong>t\u00e1rssz.:<\/strong> R\u00f6ntgenanatomische grundlagen der Lungenuntersuchung (Zseb\u0151k Zolt\u00e1nnal; Bp., 1953); A t\u00fcd\u0151 r\u00f6ntgenanat\u00f3mi\u00e1ja (Zseb\u0151k Zolt\u00e1nnal; Bp., 1959; n\u00e9met\u00fcl, 1953, 4. kiad. 1959; franci\u00e1ul, 1955; oroszul, 1958, 2. kiad. 1962; angolul, 1961; lengyel\u00fcl, 1963); A h\u00f6rg\u0151k betegs\u00e9gei. (Nyiredy G\u00e9z\u00e1val; Bp., 1966); Occupational mycotic diseases of the lung. (Bugyi Bal\u00e1zzsal; Bp., 1968). <br \/><strong>Irod.:<\/strong> R\u00daL; \u00daM\u00c9L<\/br><\/p>\n","protected":false},"excerpt":{"rendered":"<p>Radn\u00f3t, 1913. m\u00e1j. 1., Balatonvil\u00e1gos, 1997. aug. 7.: orvos, t\u00fcd\u0151gy\u00f3gy\u00e1sz, grafikus. K. Ferenc orvos fia. \u2013 A szegedi egy.-en orvosi oklevelet szerzett (1937). A bp.-i Szt. J\u00e1nos K\u00f3rh\u00e1z n\u0151i t\u00fcd\u0151oszt\u00e1ly\u00e1n externista (1937\u2013), seg\u00e9dorvos, alorvos (1940\u2013), c. klinikai adjunktus (1947\u2013). A bp.-i egy.-en a t\u00fcd\u0151g\u00fcm\u0151k\u00f3r gy\u00f3\u00adgy\u00edt\u00e1sa c. t\u00e1rgyk\u00f6r mag\u00e1ntan\u00e1ra (1945\u2013). Az Orsz. Kor\u00e1nyi TBC Int. oszt\u00e1lyvezet\u0151 [&hellip;]<\/p>\n","protected":false},"featured_media":0,"comment_status":"open","ping_status":"closed","template":"","meta":[],"product_brand":[],"product_cat":[137],"product_tag":[],"class_list":{"0":"post-13082","1":"product","2":"type-product","3":"status-publish","5":"product_cat-maros-megyei-eletrajzi-lexikon","7":"first","8":"instock","9":"shipping-taxable","10":"product-type-simple"},"_links":{"self":[{"href":"https:\/\/uj.adatbank.ro\/lexikon\/wp-json\/wp\/v2\/product\/13082","targetHints":{"allow":["GET"]}}],"collection":[{"href":"https:\/\/uj.adatbank.ro\/lexikon\/wp-json\/wp\/v2\/product"}],"about":[{"href":"https:\/\/uj.adatbank.ro\/lexikon\/wp-json\/wp\/v2\/types\/product"}],"replies":[{"embeddable":true,"href":"https:\/\/uj.adatbank.ro\/lexikon\/wp-json\/wp\/v2\/comments?post=13082"}],"wp:attachment":[{"href":"https:\/\/uj.adatbank.ro\/lexikon\/wp-json\/wp\/v2\/media?parent=13082"}],"wp:term":[{"taxonomy":"product_brand","embeddable":true,"href":"https:\/\/uj.adatbank.ro\/lexikon\/wp-json\/wp\/v2\/product_brand?post=13082"},{"taxonomy":"product_cat","embeddable":true,"href":"https:\/\/uj.adatbank.ro\/lexikon\/wp-json\/wp\/v2\/product_cat?post=13082"},{"taxonomy":"product_tag","embeddable":true,"href":"https:\/\/uj.adatbank.ro\/lexikon\/wp-json\/wp\/v2\/product_tag?post=13082"}],"curies":[{"name":"wp","href":"https:\/\/api.w.org\/{rel}","templated":true}]}}