{"id":13084,"date":"2025-06-29T14:49:23","date_gmt":"2025-06-29T12:49:23","guid":{"rendered":"https:\/\/uj.adatbank.ro\/lexikon\/termek\/kovats-ferenc-kovasznai\/"},"modified":"2025-06-29T14:49:23","modified_gmt":"2025-06-29T12:49:23","slug":"kovats-ferenc-kovasznai","status":"publish","type":"product","link":"https:\/\/uj.adatbank.ro\/lexikon\/termek\/kovats-ferenc-kovasznai\/","title":{"rendered":"KOV\u00c1TS Ferenc, kov\u00e1sznai"},"content":{"rendered":"<p>Magyarf\u00fclp\u00f6s, 1900., \u2020 ?: k\u00f6rjegyz\u0151. \u2013 Tanulm\u00e1nyait Mv.-en v\u00e9gezte. Az I. vh.-ban az 51. gy. e.-ben szolg\u00e1lt \u00e9s mint hadapr\u00f3d\u0151rmester szerelt le. K\u00f6zigazgat\u00e1si p\u00e1ly\u00e1ra l\u00e9pett (1920) Beresztelk\u00e9n gyakornok seg\u00e9djegyz\u0151, majd Palotailv\u00e1ra ker\u00fclt, azut\u00e1n G\u00f6rg\u00e9nyszentimr\u00e9n k\u00f6rjegyz\u0151 (1927\u2013). <br \/><strong>Irod.:<\/strong> Sz\u00e9kelyf\u00f6ld \u00ed. k.<\/br><\/p>\n","protected":false},"excerpt":{"rendered":"<p>Magyarf\u00fclp\u00f6s, 1900., \u2020 ?: k\u00f6rjegyz\u0151. \u2013 Tanulm\u00e1nyait Mv.-en v\u00e9gezte. Az I. vh.-ban az 51. gy. e.-ben szolg\u00e1lt \u00e9s mint hadapr\u00f3d\u0151rmester szerelt le. K\u00f6zigazgat\u00e1si p\u00e1ly\u00e1ra l\u00e9pett (1920) Beresztelk\u00e9n gyakornok seg\u00e9djegyz\u0151, majd Palotailv\u00e1ra ker\u00fclt, azut\u00e1n G\u00f6rg\u00e9nyszentimr\u00e9n k\u00f6rjegyz\u0151 (1927\u2013). Irod.: Sz\u00e9kelyf\u00f6ld \u00ed. k.<\/p>\n","protected":false},"featured_media":0,"comment_status":"open","ping_status":"closed","template":"","meta":[],"product_brand":[],"product_cat":[137],"product_tag":[],"class_list":{"0":"post-13084","1":"product","2":"type-product","3":"status-publish","5":"product_cat-maros-megyei-eletrajzi-lexikon","7":"first","8":"instock","9":"shipping-taxable","10":"product-type-simple"},"_links":{"self":[{"href":"https:\/\/uj.adatbank.ro\/lexikon\/wp-json\/wp\/v2\/product\/13084","targetHints":{"allow":["GET"]}}],"collection":[{"href":"https:\/\/uj.adatbank.ro\/lexikon\/wp-json\/wp\/v2\/product"}],"about":[{"href":"https:\/\/uj.adatbank.ro\/lexikon\/wp-json\/wp\/v2\/types\/product"}],"replies":[{"embeddable":true,"href":"https:\/\/uj.adatbank.ro\/lexikon\/wp-json\/wp\/v2\/comments?post=13084"}],"wp:attachment":[{"href":"https:\/\/uj.adatbank.ro\/lexikon\/wp-json\/wp\/v2\/media?parent=13084"}],"wp:term":[{"taxonomy":"product_brand","embeddable":true,"href":"https:\/\/uj.adatbank.ro\/lexikon\/wp-json\/wp\/v2\/product_brand?post=13084"},{"taxonomy":"product_cat","embeddable":true,"href":"https:\/\/uj.adatbank.ro\/lexikon\/wp-json\/wp\/v2\/product_cat?post=13084"},{"taxonomy":"product_tag","embeddable":true,"href":"https:\/\/uj.adatbank.ro\/lexikon\/wp-json\/wp\/v2\/product_tag?post=13084"}],"curies":[{"name":"wp","href":"https:\/\/api.w.org\/{rel}","templated":true}]}}