{"id":13088,"date":"2025-06-29T14:49:29","date_gmt":"2025-06-29T12:49:29","guid":{"rendered":"https:\/\/uj.adatbank.ro\/lexikon\/termek\/kovats-iren\/"},"modified":"2025-06-29T14:49:29","modified_gmt":"2025-06-29T12:49:29","slug":"kovats-iren","status":"publish","type":"product","link":"https:\/\/uj.adatbank.ro\/lexikon\/termek\/kovats-iren\/","title":{"rendered":"KOV\u00c1TS Ir\u00e9n"},"content":{"rendered":"<p>? \u2020 ? : primadonna. \u2013 A mv.-i Sz\u00e9kely Sz\u00ednh\u00e1z tagja (1946. m\u00e1rc. 1 \u2013 1947. aug. 31). A f\u0151szerepet alak\u00edtotta \u00e9s rendezte Leh\u00e1r Ferenc : Mosoly orsz\u00e1ga c. operettj\u00e9t a Sz\u00e9kely Sz\u00ednh\u00e1z nyit\u00f3 el\u0151ad\u00e1s\u00e1n (1946. m\u00e1rc. 10). \u2013 <strong>F. sz.:<\/strong> Liza (Leh\u00e1r Ferenc: A mosoly orsz\u00e1ga); Encella kir\u00e1lyn\u00e9 (Szirmai Albert: M\u00e9zeskal\u00e1cs); Kl\u00e1ri (B\u00e9keffy Istv\u00e1n : Es\u0151 ut\u00e1n k\u00f6p\u00f6nyeg); Didier Angella (Leh\u00e1r Ferenc: Luxemburg gr\u00f3fja); Sylvia (K\u00e1lm\u00e1n Imre: Cs\u00e1rd\u00e1skir\u00e1lyn\u0151); Francia kir\u00e1lyn\u00e9 (Kacs\u00f3h Pongr\u00e1c: J\u00e1nos Vit\u00e9z); Saffi, cig\u00e1nyle\u00e1ny (J. Strauss: A cig\u00e1nyb\u00e1r\u00f3); Sybill (Jakobi Viktor: Sybill); Darimonde Odette (K\u00e1lm\u00e1n Imre: Bajad\u00e9r); Rolla gr\u00f3fn\u0151 (Szirmai Albert: M\u00e1gn\u00e1s Miska); Paulette (Losonczy Dezs\u0151: Egyetlen \u00e9jszak\u00e1ra); Palincska Fedora hercegn\u0151 (K\u00e1lm\u00e1n Imre: Cirkuszhercegn\u0151). \u2013 <strong>F. r.:<\/strong>: Leh\u00e1r F.: A mosoly orsz\u00e1ga; Leh\u00e1r: Luxemburg gr\u00f3fja. \u2013 Irod : Kov\u00e1cs Levente<\/br><\/p>\n","protected":false},"excerpt":{"rendered":"<p>? \u2020 ? : primadonna. \u2013 A mv.-i Sz\u00e9kely Sz\u00ednh\u00e1z tagja (1946. m\u00e1rc. 1 \u2013 1947. aug. 31). A f\u0151szerepet alak\u00edtotta \u00e9s rendezte Leh\u00e1r Ferenc : Mosoly orsz\u00e1ga c. operettj\u00e9t a Sz\u00e9kely Sz\u00ednh\u00e1z nyit\u00f3 el\u0151ad\u00e1s\u00e1n (1946. m\u00e1rc. 10). \u2013 F. sz.: Liza (Leh\u00e1r Ferenc: A mosoly orsz\u00e1ga); Encella kir\u00e1lyn\u00e9 (Szirmai Albert: M\u00e9zeskal\u00e1cs); Kl\u00e1ri (B\u00e9keffy Istv\u00e1n [&hellip;]<\/p>\n","protected":false},"featured_media":0,"comment_status":"open","ping_status":"closed","template":"","meta":[],"product_brand":[],"product_cat":[137],"product_tag":[],"class_list":{"0":"post-13088","1":"product","2":"type-product","3":"status-publish","5":"product_cat-maros-megyei-eletrajzi-lexikon","7":"first","8":"instock","9":"shipping-taxable","10":"product-type-simple"},"_links":{"self":[{"href":"https:\/\/uj.adatbank.ro\/lexikon\/wp-json\/wp\/v2\/product\/13088","targetHints":{"allow":["GET"]}}],"collection":[{"href":"https:\/\/uj.adatbank.ro\/lexikon\/wp-json\/wp\/v2\/product"}],"about":[{"href":"https:\/\/uj.adatbank.ro\/lexikon\/wp-json\/wp\/v2\/types\/product"}],"replies":[{"embeddable":true,"href":"https:\/\/uj.adatbank.ro\/lexikon\/wp-json\/wp\/v2\/comments?post=13088"}],"wp:attachment":[{"href":"https:\/\/uj.adatbank.ro\/lexikon\/wp-json\/wp\/v2\/media?parent=13088"}],"wp:term":[{"taxonomy":"product_brand","embeddable":true,"href":"https:\/\/uj.adatbank.ro\/lexikon\/wp-json\/wp\/v2\/product_brand?post=13088"},{"taxonomy":"product_cat","embeddable":true,"href":"https:\/\/uj.adatbank.ro\/lexikon\/wp-json\/wp\/v2\/product_cat?post=13088"},{"taxonomy":"product_tag","embeddable":true,"href":"https:\/\/uj.adatbank.ro\/lexikon\/wp-json\/wp\/v2\/product_tag?post=13088"}],"curies":[{"name":"wp","href":"https:\/\/api.w.org\/{rel}","templated":true}]}}