{"id":13093,"date":"2025-06-29T14:49:42","date_gmt":"2025-06-29T12:49:42","guid":{"rendered":"https:\/\/uj.adatbank.ro\/lexikon\/termek\/kovats-janos-kezdivasarhelyi\/"},"modified":"2025-06-29T14:49:42","modified_gmt":"2025-06-29T12:49:42","slug":"kovats-janos-kezdivasarhelyi","status":"publish","type":"product","link":"https:\/\/uj.adatbank.ro\/lexikon\/termek\/kovats-janos-kezdivasarhelyi\/","title":{"rendered":"KOV\u00c1TS J\u00e1nos, k\u00e9zdiv\u00e1s\u00e1rhelyi"},"content":{"rendered":"<p>? \u2020 Mv., 1845. aug. 26.: gy\u00f3gyszer\u00e9sz. \u2013 Fia: K. Lajos, gy\u00f3gyszer\u00e9szhallgat\u00f3, vizsga\u00e9rtekez\u00e9s\u00e9t \u00e9desapj\u00e1nak aj\u00e1nlta. \u2013 Mv.-en volt patik\u00e1ja, k\u00e9t seg\u00e9ddel egy gyakornokkal \u00e9s egy labor\u00e1nssal dolgozott (1836). <br \/><strong>Irod.:<\/strong> D\u00f6rnyei 2010; P\u00e1l-Antal 2009<\/br><\/p>\n","protected":false},"excerpt":{"rendered":"<p>? \u2020 Mv., 1845. aug. 26.: gy\u00f3gyszer\u00e9sz. \u2013 Fia: K. Lajos, gy\u00f3gyszer\u00e9szhallgat\u00f3, vizsga\u00e9rtekez\u00e9s\u00e9t \u00e9desapj\u00e1nak aj\u00e1nlta. \u2013 Mv.-en volt patik\u00e1ja, k\u00e9t seg\u00e9ddel egy gyakornokkal \u00e9s egy labor\u00e1nssal dolgozott (1836). Irod.: D\u00f6rnyei 2010; P\u00e1l-Antal 2009<\/p>\n","protected":false},"featured_media":0,"comment_status":"open","ping_status":"closed","template":"","meta":[],"product_brand":[],"product_cat":[137],"product_tag":[],"class_list":{"0":"post-13093","1":"product","2":"type-product","3":"status-publish","5":"product_cat-maros-megyei-eletrajzi-lexikon","7":"first","8":"instock","9":"shipping-taxable","10":"product-type-simple"},"_links":{"self":[{"href":"https:\/\/uj.adatbank.ro\/lexikon\/wp-json\/wp\/v2\/product\/13093","targetHints":{"allow":["GET"]}}],"collection":[{"href":"https:\/\/uj.adatbank.ro\/lexikon\/wp-json\/wp\/v2\/product"}],"about":[{"href":"https:\/\/uj.adatbank.ro\/lexikon\/wp-json\/wp\/v2\/types\/product"}],"replies":[{"embeddable":true,"href":"https:\/\/uj.adatbank.ro\/lexikon\/wp-json\/wp\/v2\/comments?post=13093"}],"wp:attachment":[{"href":"https:\/\/uj.adatbank.ro\/lexikon\/wp-json\/wp\/v2\/media?parent=13093"}],"wp:term":[{"taxonomy":"product_brand","embeddable":true,"href":"https:\/\/uj.adatbank.ro\/lexikon\/wp-json\/wp\/v2\/product_brand?post=13093"},{"taxonomy":"product_cat","embeddable":true,"href":"https:\/\/uj.adatbank.ro\/lexikon\/wp-json\/wp\/v2\/product_cat?post=13093"},{"taxonomy":"product_tag","embeddable":true,"href":"https:\/\/uj.adatbank.ro\/lexikon\/wp-json\/wp\/v2\/product_tag?post=13093"}],"curies":[{"name":"wp","href":"https:\/\/api.w.org\/{rel}","templated":true}]}}