{"id":13094,"date":"2025-06-29T14:49:46","date_gmt":"2025-06-29T12:49:46","guid":{"rendered":"https:\/\/uj.adatbank.ro\/lexikon\/termek\/kovats-joanes\/"},"modified":"2025-06-29T14:49:46","modified_gmt":"2025-06-29T12:49:46","slug":"kovats-joanes","status":"publish","type":"product","link":"https:\/\/uj.adatbank.ro\/lexikon\/termek\/kovats-joanes\/","title":{"rendered":"KOV\u00c1TS Joanes"},"content":{"rendered":"<p>Mv., 1810.? \u2020 ? : egyetemihallgat\u00f3. \u2013 Apja: K. S\u00e1muel szab\u00f3mester. \u2013 Iskolai tanulm\u00e1nyaiban a grammatika oszt\u00e1lyt fejezte be. Pesten, 24 \u00e9vesen, seb\u00e9szhallgat\u00f3 (1834\u201335). <br \/><strong>Irod.:<\/strong> Szab\u00f3 Mikl\u00f3s 2005<\/br><\/p>\n","protected":false},"excerpt":{"rendered":"<p>Mv., 1810.? \u2020 ? : egyetemihallgat\u00f3. \u2013 Apja: K. S\u00e1muel szab\u00f3mester. \u2013 Iskolai tanulm\u00e1nyaiban a grammatika oszt\u00e1lyt fejezte be. Pesten, 24 \u00e9vesen, seb\u00e9szhallgat\u00f3 (1834\u201335). Irod.: Szab\u00f3 Mikl\u00f3s 2005<\/p>\n","protected":false},"featured_media":0,"comment_status":"open","ping_status":"closed","template":"","meta":[],"product_brand":[],"product_cat":[137],"product_tag":[],"class_list":{"0":"post-13094","1":"product","2":"type-product","3":"status-publish","5":"product_cat-maros-megyei-eletrajzi-lexikon","7":"first","8":"instock","9":"shipping-taxable","10":"product-type-simple"},"_links":{"self":[{"href":"https:\/\/uj.adatbank.ro\/lexikon\/wp-json\/wp\/v2\/product\/13094","targetHints":{"allow":["GET"]}}],"collection":[{"href":"https:\/\/uj.adatbank.ro\/lexikon\/wp-json\/wp\/v2\/product"}],"about":[{"href":"https:\/\/uj.adatbank.ro\/lexikon\/wp-json\/wp\/v2\/types\/product"}],"replies":[{"embeddable":true,"href":"https:\/\/uj.adatbank.ro\/lexikon\/wp-json\/wp\/v2\/comments?post=13094"}],"wp:attachment":[{"href":"https:\/\/uj.adatbank.ro\/lexikon\/wp-json\/wp\/v2\/media?parent=13094"}],"wp:term":[{"taxonomy":"product_brand","embeddable":true,"href":"https:\/\/uj.adatbank.ro\/lexikon\/wp-json\/wp\/v2\/product_brand?post=13094"},{"taxonomy":"product_cat","embeddable":true,"href":"https:\/\/uj.adatbank.ro\/lexikon\/wp-json\/wp\/v2\/product_cat?post=13094"},{"taxonomy":"product_tag","embeddable":true,"href":"https:\/\/uj.adatbank.ro\/lexikon\/wp-json\/wp\/v2\/product_tag?post=13094"}],"curies":[{"name":"wp","href":"https:\/\/api.w.org\/{rel}","templated":true}]}}