{"id":13095,"date":"2025-06-29T14:49:48","date_gmt":"2025-06-29T12:49:48","guid":{"rendered":"https:\/\/uj.adatbank.ro\/lexikon\/termek\/kovats-jozsef\/"},"modified":"2025-06-29T14:49:48","modified_gmt":"2025-06-29T12:49:48","slug":"kovats-jozsef","status":"publish","type":"product","link":"https:\/\/uj.adatbank.ro\/lexikon\/termek\/kovats-jozsef\/","title":{"rendered":"KOV\u00c1TS Jozsef"},"content":{"rendered":"<p>? \u2020 ? : ? A mv.-i Szentl\u00e9lek gy\u00f3gyszert\u00e1r alap\u00edt\u00f3ja (F\u0151t\u00e9r \/Sz\u00e9chenyi \/ Szt\u00e1lin \/ma R\u00f3zs\u00e1k tere; 1812), tulajdonosa (1812\u201339 ?). <br \/><strong>Irod.:<\/strong> P\u00e9ter H. M. 2013<\/br><\/p>\n","protected":false},"excerpt":{"rendered":"<p>? \u2020 ? : ? A mv.-i Szentl\u00e9lek gy\u00f3gyszert\u00e1r alap\u00edt\u00f3ja (F\u0151t\u00e9r \/Sz\u00e9chenyi \/ Szt\u00e1lin \/ma R\u00f3zs\u00e1k tere; 1812), tulajdonosa (1812\u201339 ?). Irod.: P\u00e9ter H. M. 2013<\/p>\n","protected":false},"featured_media":0,"comment_status":"open","ping_status":"closed","template":"","meta":[],"product_brand":[],"product_cat":[137],"product_tag":[],"class_list":{"0":"post-13095","1":"product","2":"type-product","3":"status-publish","5":"product_cat-maros-megyei-eletrajzi-lexikon","7":"first","8":"instock","9":"shipping-taxable","10":"product-type-simple"},"_links":{"self":[{"href":"https:\/\/uj.adatbank.ro\/lexikon\/wp-json\/wp\/v2\/product\/13095","targetHints":{"allow":["GET"]}}],"collection":[{"href":"https:\/\/uj.adatbank.ro\/lexikon\/wp-json\/wp\/v2\/product"}],"about":[{"href":"https:\/\/uj.adatbank.ro\/lexikon\/wp-json\/wp\/v2\/types\/product"}],"replies":[{"embeddable":true,"href":"https:\/\/uj.adatbank.ro\/lexikon\/wp-json\/wp\/v2\/comments?post=13095"}],"wp:attachment":[{"href":"https:\/\/uj.adatbank.ro\/lexikon\/wp-json\/wp\/v2\/media?parent=13095"}],"wp:term":[{"taxonomy":"product_brand","embeddable":true,"href":"https:\/\/uj.adatbank.ro\/lexikon\/wp-json\/wp\/v2\/product_brand?post=13095"},{"taxonomy":"product_cat","embeddable":true,"href":"https:\/\/uj.adatbank.ro\/lexikon\/wp-json\/wp\/v2\/product_cat?post=13095"},{"taxonomy":"product_tag","embeddable":true,"href":"https:\/\/uj.adatbank.ro\/lexikon\/wp-json\/wp\/v2\/product_tag?post=13095"}],"curies":[{"name":"wp","href":"https:\/\/api.w.org\/{rel}","templated":true}]}}