{"id":13096,"date":"2025-06-29T14:49:49","date_gmt":"2025-06-29T12:49:49","guid":{"rendered":"https:\/\/uj.adatbank.ro\/lexikon\/termek\/kovats-jozsef-2\/"},"modified":"2025-06-29T14:49:49","modified_gmt":"2025-06-29T12:49:49","slug":"kovats-jozsef-2","status":"publish","type":"product","link":"https:\/\/uj.adatbank.ro\/lexikon\/termek\/kovats-jozsef-2\/","title":{"rendered":"KOV\u00c1TS J\u00f3zsef"},"content":{"rendered":"<p>\u2013 <strong>F. m.:<\/strong> Antol\u00f3gi\u00e1ban : Sz\u00edve kioml\u00e9se a mv.-i Ref. Koll. ifjus\u00e1g\u00e1nak egy kedves attya hal\u00e1l\u00e1n [Kem\u00e9ny Mikl\u00f3s] (Mv., 1829). <br \/><strong>Irod.:<\/strong> F\u00fcl\u00f6p\u2013Ferencz<\/br><\/p>\n","protected":false},"excerpt":{"rendered":"<p>\u2013 F. m.: Antol\u00f3gi\u00e1ban : Sz\u00edve kioml\u00e9se a mv.-i Ref. Koll. ifjus\u00e1g\u00e1nak egy kedves attya hal\u00e1l\u00e1n [Kem\u00e9ny Mikl\u00f3s] (Mv., 1829). Irod.: F\u00fcl\u00f6p\u2013Ferencz<\/p>\n","protected":false},"featured_media":0,"comment_status":"open","ping_status":"closed","template":"","meta":[],"product_brand":[],"product_cat":[137],"product_tag":[],"class_list":{"0":"post-13096","1":"product","2":"type-product","3":"status-publish","5":"product_cat-maros-megyei-eletrajzi-lexikon","7":"first","8":"instock","9":"shipping-taxable","10":"product-type-simple"},"_links":{"self":[{"href":"https:\/\/uj.adatbank.ro\/lexikon\/wp-json\/wp\/v2\/product\/13096","targetHints":{"allow":["GET"]}}],"collection":[{"href":"https:\/\/uj.adatbank.ro\/lexikon\/wp-json\/wp\/v2\/product"}],"about":[{"href":"https:\/\/uj.adatbank.ro\/lexikon\/wp-json\/wp\/v2\/types\/product"}],"replies":[{"embeddable":true,"href":"https:\/\/uj.adatbank.ro\/lexikon\/wp-json\/wp\/v2\/comments?post=13096"}],"wp:attachment":[{"href":"https:\/\/uj.adatbank.ro\/lexikon\/wp-json\/wp\/v2\/media?parent=13096"}],"wp:term":[{"taxonomy":"product_brand","embeddable":true,"href":"https:\/\/uj.adatbank.ro\/lexikon\/wp-json\/wp\/v2\/product_brand?post=13096"},{"taxonomy":"product_cat","embeddable":true,"href":"https:\/\/uj.adatbank.ro\/lexikon\/wp-json\/wp\/v2\/product_cat?post=13096"},{"taxonomy":"product_tag","embeddable":true,"href":"https:\/\/uj.adatbank.ro\/lexikon\/wp-json\/wp\/v2\/product_tag?post=13096"}],"curies":[{"name":"wp","href":"https:\/\/api.w.org\/{rel}","templated":true}]}}