{"id":13097,"date":"2025-06-29T14:49:51","date_gmt":"2025-06-29T12:49:51","guid":{"rendered":"https:\/\/uj.adatbank.ro\/lexikon\/termek\/kovats-jozsef-zabolai\/"},"modified":"2025-06-29T14:49:51","modified_gmt":"2025-06-29T12:49:51","slug":"kovats-jozsef-zabolai","status":"publish","type":"product","link":"https:\/\/uj.adatbank.ro\/lexikon\/termek\/kovats-jozsef-zabolai\/","title":{"rendered":"KOV\u00c1TS J\u00f3zsef, zabolai"},"content":{"rendered":"<p>Sz\u00e9kelyudvarhely, 1732., \u2020 1795. j\u00fan. 5.: tan\u00e1r, igazgat\u00f3. \u2013 Mv.-en tanult, itt ismerte meg Teleki S\u00e1ndor gr.-ot , aki fia S\u00e1muel mell\u00e9 nevel\u0151nek v\u00e1lasztotta, \u00e9s vele ment k\u00fclf\u00f6ldi akad\u00e9mi\u00e1kra is (1761). Hazat\u00e9rve el\u0151bb tan\u00e1r Udvarhelyen, Nagyenyed(1767\u20131797) a b\u00f6lcseletet \u00e9s a matematik\u00e1t tan\u00edtotta. Egy\u00fcttm\u0171k\u00f6d\u00f6tt Kov\u00e1sznai S\u00e1ndorral a Litteraria Commissioban a tanterv reform kidolgoz\u00e1s\u00e1ban nagy \u00e9rdemeitak az iskolaszervez\u00e9sben \u00e9s k\u00fcl\u00f6n\u00f6sen az iskola vagyon\u00e1nak v\u00e9delm\u00e9ben. Vagyon\u00e1nak fel\u00e9t az iskol\u00e1ra hagyta jutalomk\u00f6nyvek v\u00e1s\u00e1rl\u00e1s\u00e1ra \u00e9s seg\u00e9lyekre. \u2013 <strong>F. m.:<\/strong> Halotti oratio. mellyben Bethlen Imre ur \u0151 nagys\u00e1g\u00e1nak. erd\u00e9lyi guberniumban egyik bels\u0151 tan\u00e1csos h\u00edv\u00e9nek. utols\u00f3 tisztess\u00e9get tett (Szeben, 1767); Halotti oratio mellyben n\u00e9hai m\u00e9lt. Hidv\u00e9gi Nemes \u00c1d\u00e1m \u00far \u0151excellenci\u00e1j\u00e1nak. utols\u00f3 tisztess\u00e9get tett. ( Kv., 1766); Oratio funebris qua exc. ac. ill. dno Franciscio libero baroni Wessel\u00e9nyi de Hadad. suprema in tempo Hadadensi solvit. (Kv., 1771); Elementa philosophiae naturalis a J. G. Kr\u00fcgero delinenta (Claudiopoli, 1774); Eml\u00e9kezet k\u00f6ve, melyre egy gy\u0151zedelmes vit\u00e9znek n\u00e9hai m\u00e9lt. b\u00e1r\u00f3 vargyasi D\u00e1niel Istv\u00e1n urfi \u0151. eml\u00e9kezet\u00e9nek oszlop\u00e1ul felemelte. (Kv., 1775); Iustinus, Phedrus kiad\u00e1sai iskolai k\u00e9zik\u00f6nyv\u00fcl; Egyh\u00e1zi besz\u00e9dek. <br \/><strong>Irod.:<\/strong> Kiss-K\u00e1lm\u00e1n-Bierbrunner; Kov\u00e1sznai; R\u00e1cz 2009; Szinnyei; Teleki S\u00e1muel peregrin\u00e1ci\u00f3s napl\u00f3ja<\/br><\/p>\n","protected":false},"excerpt":{"rendered":"<p>Sz\u00e9kelyudvarhely, 1732., \u2020 1795. j\u00fan. 5.: tan\u00e1r, igazgat\u00f3. \u2013 Mv.-en tanult, itt ismerte meg Teleki S\u00e1ndor gr.-ot , aki fia S\u00e1muel mell\u00e9 nevel\u0151nek v\u00e1lasztotta, \u00e9s vele ment k\u00fclf\u00f6ldi akad\u00e9mi\u00e1kra is (1761). Hazat\u00e9rve el\u0151bb tan\u00e1r Udvarhelyen, Nagyenyed(1767\u20131797) a b\u00f6lcseletet \u00e9s a matematik\u00e1t tan\u00edtotta. Egy\u00fcttm\u0171k\u00f6d\u00f6tt Kov\u00e1sznai S\u00e1ndorral a Litteraria Commissioban a tanterv reform kidolgoz\u00e1s\u00e1ban nagy \u00e9rdemeitak az [&hellip;]<\/p>\n","protected":false},"featured_media":0,"comment_status":"open","ping_status":"closed","template":"","meta":[],"product_brand":[],"product_cat":[137],"product_tag":[],"class_list":{"0":"post-13097","1":"product","2":"type-product","3":"status-publish","5":"product_cat-maros-megyei-eletrajzi-lexikon","7":"first","8":"instock","9":"shipping-taxable","10":"product-type-simple"},"_links":{"self":[{"href":"https:\/\/uj.adatbank.ro\/lexikon\/wp-json\/wp\/v2\/product\/13097","targetHints":{"allow":["GET"]}}],"collection":[{"href":"https:\/\/uj.adatbank.ro\/lexikon\/wp-json\/wp\/v2\/product"}],"about":[{"href":"https:\/\/uj.adatbank.ro\/lexikon\/wp-json\/wp\/v2\/types\/product"}],"replies":[{"embeddable":true,"href":"https:\/\/uj.adatbank.ro\/lexikon\/wp-json\/wp\/v2\/comments?post=13097"}],"wp:attachment":[{"href":"https:\/\/uj.adatbank.ro\/lexikon\/wp-json\/wp\/v2\/media?parent=13097"}],"wp:term":[{"taxonomy":"product_brand","embeddable":true,"href":"https:\/\/uj.adatbank.ro\/lexikon\/wp-json\/wp\/v2\/product_brand?post=13097"},{"taxonomy":"product_cat","embeddable":true,"href":"https:\/\/uj.adatbank.ro\/lexikon\/wp-json\/wp\/v2\/product_cat?post=13097"},{"taxonomy":"product_tag","embeddable":true,"href":"https:\/\/uj.adatbank.ro\/lexikon\/wp-json\/wp\/v2\/product_tag?post=13097"}],"curies":[{"name":"wp","href":"https:\/\/api.w.org\/{rel}","templated":true}]}}