{"id":13104,"date":"2025-06-29T14:50:06","date_gmt":"2025-06-29T12:50:06","guid":{"rendered":"https:\/\/uj.adatbank.ro\/lexikon\/termek\/kovats-marton\/"},"modified":"2025-06-29T14:50:06","modified_gmt":"2025-06-29T12:50:06","slug":"kovats-marton","status":"publish","type":"product","link":"https:\/\/uj.adatbank.ro\/lexikon\/termek\/kovats-marton\/","title":{"rendered":"KOV\u00c1TS M\u00e1rton"},"content":{"rendered":"<p>? \u2020 ?: unit. lelk\u00e9sz. \u2013 Ny\u00e1r\u00e1dszentl\u00e1szl\u00f3n lelk\u00e9sz (1772\u201381). <br \/><strong>Irod.:<\/strong> Ny\u00e1r\u00e1dszentl\u00e1szl\u00f3<\/br><\/p>\n","protected":false},"excerpt":{"rendered":"<p>? \u2020 ?: unit. lelk\u00e9sz. \u2013 Ny\u00e1r\u00e1dszentl\u00e1szl\u00f3n lelk\u00e9sz (1772\u201381). Irod.: Ny\u00e1r\u00e1dszentl\u00e1szl\u00f3<\/p>\n","protected":false},"featured_media":0,"comment_status":"open","ping_status":"closed","template":"","meta":[],"product_brand":[],"product_cat":[137],"product_tag":[],"class_list":{"0":"post-13104","1":"product","2":"type-product","3":"status-publish","5":"product_cat-maros-megyei-eletrajzi-lexikon","7":"first","8":"instock","9":"shipping-taxable","10":"product-type-simple"},"_links":{"self":[{"href":"https:\/\/uj.adatbank.ro\/lexikon\/wp-json\/wp\/v2\/product\/13104","targetHints":{"allow":["GET"]}}],"collection":[{"href":"https:\/\/uj.adatbank.ro\/lexikon\/wp-json\/wp\/v2\/product"}],"about":[{"href":"https:\/\/uj.adatbank.ro\/lexikon\/wp-json\/wp\/v2\/types\/product"}],"replies":[{"embeddable":true,"href":"https:\/\/uj.adatbank.ro\/lexikon\/wp-json\/wp\/v2\/comments?post=13104"}],"wp:attachment":[{"href":"https:\/\/uj.adatbank.ro\/lexikon\/wp-json\/wp\/v2\/media?parent=13104"}],"wp:term":[{"taxonomy":"product_brand","embeddable":true,"href":"https:\/\/uj.adatbank.ro\/lexikon\/wp-json\/wp\/v2\/product_brand?post=13104"},{"taxonomy":"product_cat","embeddable":true,"href":"https:\/\/uj.adatbank.ro\/lexikon\/wp-json\/wp\/v2\/product_cat?post=13104"},{"taxonomy":"product_tag","embeddable":true,"href":"https:\/\/uj.adatbank.ro\/lexikon\/wp-json\/wp\/v2\/product_tag?post=13104"}],"curies":[{"name":"wp","href":"https:\/\/api.w.org\/{rel}","templated":true}]}}