{"id":13113,"date":"2025-06-29T14:50:26","date_gmt":"2025-06-29T12:50:26","guid":{"rendered":"https:\/\/uj.adatbank.ro\/lexikon\/termek\/kovats-pongrac\/"},"modified":"2025-06-29T14:50:26","modified_gmt":"2025-06-29T12:50:26","slug":"kovats-pongrac","status":"publish","type":"product","link":"https:\/\/uj.adatbank.ro\/lexikon\/termek\/kovats-pongrac\/","title":{"rendered":"KOV\u00c1TS Pongr\u00e1c"},"content":{"rendered":"<p>? \u2020 ? : k\u00e1ntortan\u00edt\u00f3. \u2013 A ny\u00e1r\u00e1dremetei iskola els\u0151 igazgat\u00f3 tan\u00edt\u00f3ja. A zenekedvel\u0151 \u00e9s \u00e9rt\u0151 tan\u00edt\u00f3 sokat tett az ifj\u00fas\u00e1g nevel\u00e9s\u00e9\u00e9rt. Gyergy\u00f3csomafalvi k\u00e1ntortan\u00edt\u00f3. A R. K. Tan\u00edt\u00f3egylet marosi ker\u00fclet\u00e9nek eln\u00f6ke (1912\u2013). Kezdem\u00e9nyezte m\u00e1jus elsejei maj\u00e1lisok, zen\u00e9s-t\u00e1ncos mulats\u00e1gok, m\u0171sorok megszervez\u00e9s\u00e9t (1950-es \u00e9vek v\u00e9g\u00e9ig). <br \/><strong>Irod.:<\/strong> Ny\u00e1r\u00e1dremete; Eremitu-Ny\u00e1r\u00e1dremete<\/br><\/p>\n","protected":false},"excerpt":{"rendered":"<p>? \u2020 ? : k\u00e1ntortan\u00edt\u00f3. \u2013 A ny\u00e1r\u00e1dremetei iskola els\u0151 igazgat\u00f3 tan\u00edt\u00f3ja. A zenekedvel\u0151 \u00e9s \u00e9rt\u0151 tan\u00edt\u00f3 sokat tett az ifj\u00fas\u00e1g nevel\u00e9s\u00e9\u00e9rt. Gyergy\u00f3csomafalvi k\u00e1ntortan\u00edt\u00f3. A R. K. Tan\u00edt\u00f3egylet marosi ker\u00fclet\u00e9nek eln\u00f6ke (1912\u2013). Kezdem\u00e9nyezte m\u00e1jus elsejei maj\u00e1lisok, zen\u00e9s-t\u00e1ncos mulats\u00e1gok, m\u0171sorok megszervez\u00e9s\u00e9t (1950-es \u00e9vek v\u00e9g\u00e9ig). Irod.: Ny\u00e1r\u00e1dremete; Eremitu-Ny\u00e1r\u00e1dremete<\/p>\n","protected":false},"featured_media":0,"comment_status":"open","ping_status":"closed","template":"","meta":[],"product_brand":[],"product_cat":[137],"product_tag":[],"class_list":{"0":"post-13113","1":"product","2":"type-product","3":"status-publish","5":"product_cat-maros-megyei-eletrajzi-lexikon","7":"first","8":"instock","9":"shipping-taxable","10":"product-type-simple"},"_links":{"self":[{"href":"https:\/\/uj.adatbank.ro\/lexikon\/wp-json\/wp\/v2\/product\/13113","targetHints":{"allow":["GET"]}}],"collection":[{"href":"https:\/\/uj.adatbank.ro\/lexikon\/wp-json\/wp\/v2\/product"}],"about":[{"href":"https:\/\/uj.adatbank.ro\/lexikon\/wp-json\/wp\/v2\/types\/product"}],"replies":[{"embeddable":true,"href":"https:\/\/uj.adatbank.ro\/lexikon\/wp-json\/wp\/v2\/comments?post=13113"}],"wp:attachment":[{"href":"https:\/\/uj.adatbank.ro\/lexikon\/wp-json\/wp\/v2\/media?parent=13113"}],"wp:term":[{"taxonomy":"product_brand","embeddable":true,"href":"https:\/\/uj.adatbank.ro\/lexikon\/wp-json\/wp\/v2\/product_brand?post=13113"},{"taxonomy":"product_cat","embeddable":true,"href":"https:\/\/uj.adatbank.ro\/lexikon\/wp-json\/wp\/v2\/product_cat?post=13113"},{"taxonomy":"product_tag","embeddable":true,"href":"https:\/\/uj.adatbank.ro\/lexikon\/wp-json\/wp\/v2\/product_tag?post=13113"}],"curies":[{"name":"wp","href":"https:\/\/api.w.org\/{rel}","templated":true}]}}