{"id":13114,"date":"2025-06-29T14:50:28","date_gmt":"2025-06-29T12:50:28","guid":{"rendered":"https:\/\/uj.adatbank.ro\/lexikon\/termek\/kovats-samuel\/"},"modified":"2025-06-29T14:50:28","modified_gmt":"2025-06-29T12:50:28","slug":"kovats-samuel","status":"publish","type":"product","link":"https:\/\/uj.adatbank.ro\/lexikon\/termek\/kovats-samuel\/","title":{"rendered":"KOV\u00c1TS S\u00e1muel"},"content":{"rendered":"<p>? \u2020 ? : hidraulikus. \u2013 Kv. v\u00e1ros k\u00fatmestere (1808\u201336). K\u00fatat \u00e9p\u00edtett a marosv\u00e9csi Kem\u00e9ny kast\u00e9lyban (1802), a s\u00e1rpataki kast\u00e9lyban (1802), a h\u00e9derf\u00e1ji Bethlen kast\u00e9lyban (1803). <br \/><strong>Irod.:<\/strong> B. Nagy Margit 1970<\/br><\/p>\n","protected":false},"excerpt":{"rendered":"<p>? \u2020 ? : hidraulikus. \u2013 Kv. v\u00e1ros k\u00fatmestere (1808\u201336). K\u00fatat \u00e9p\u00edtett a marosv\u00e9csi Kem\u00e9ny kast\u00e9lyban (1802), a s\u00e1rpataki kast\u00e9lyban (1802), a h\u00e9derf\u00e1ji Bethlen kast\u00e9lyban (1803). Irod.: B. Nagy Margit 1970<\/p>\n","protected":false},"featured_media":0,"comment_status":"open","ping_status":"closed","template":"","meta":[],"product_brand":[],"product_cat":[137],"product_tag":[],"class_list":{"0":"post-13114","1":"product","2":"type-product","3":"status-publish","5":"product_cat-maros-megyei-eletrajzi-lexikon","7":"first","8":"instock","9":"shipping-taxable","10":"product-type-simple"},"_links":{"self":[{"href":"https:\/\/uj.adatbank.ro\/lexikon\/wp-json\/wp\/v2\/product\/13114","targetHints":{"allow":["GET"]}}],"collection":[{"href":"https:\/\/uj.adatbank.ro\/lexikon\/wp-json\/wp\/v2\/product"}],"about":[{"href":"https:\/\/uj.adatbank.ro\/lexikon\/wp-json\/wp\/v2\/types\/product"}],"replies":[{"embeddable":true,"href":"https:\/\/uj.adatbank.ro\/lexikon\/wp-json\/wp\/v2\/comments?post=13114"}],"wp:attachment":[{"href":"https:\/\/uj.adatbank.ro\/lexikon\/wp-json\/wp\/v2\/media?parent=13114"}],"wp:term":[{"taxonomy":"product_brand","embeddable":true,"href":"https:\/\/uj.adatbank.ro\/lexikon\/wp-json\/wp\/v2\/product_brand?post=13114"},{"taxonomy":"product_cat","embeddable":true,"href":"https:\/\/uj.adatbank.ro\/lexikon\/wp-json\/wp\/v2\/product_cat?post=13114"},{"taxonomy":"product_tag","embeddable":true,"href":"https:\/\/uj.adatbank.ro\/lexikon\/wp-json\/wp\/v2\/product_tag?post=13114"}],"curies":[{"name":"wp","href":"https:\/\/api.w.org\/{rel}","templated":true}]}}