{"id":13117,"date":"2025-06-29T14:50:33","date_gmt":"2025-06-29T12:50:33","guid":{"rendered":"https:\/\/uj.adatbank.ro\/lexikon\/termek\/kovats-sandor-g-markodi\/"},"modified":"2025-06-29T14:50:33","modified_gmt":"2025-06-29T12:50:33","slug":"kovats-sandor-g-markodi","status":"publish","type":"product","link":"https:\/\/uj.adatbank.ro\/lexikon\/termek\/kovats-sandor-g-markodi\/","title":{"rendered":"KOV\u00c1TS S\u00e1ndor G, m\u00e1rkodi"},"content":{"rendered":"<p>Mez\u0151panit (Maros), 1883., \u2020 ?? : gazd\u00e1lkod\u00f3. \u2013. Mez\u0151panitban \u00e9s Algy\u00f3gyon v\u00e9gezte iskol\u00e1it, azut\u00e1n \u00e9desapja mellett gazd\u00e1lkodott (1900\u2013). Az els\u0151 vh.-ban a 22. gy. e.-ben az orosz fronton volt, fogs\u00e1gba esett, megsebes\u00fclt, kit\u00fcntett\u00e9k a K\u00e1roly Csapatkereszttel. A MP : , a Gazdak\u00f6r tagja, a Hangya \u00e9s a Tejsz\u00f6vetkezet p\u00e9nzt\u00e1rosa \u0151s ig. tagja, a k\u00f6zs\u00e9g b\u00edr\u00f3ja volt. <br \/><strong>Irod.:<\/strong> Sz\u00e9kelyf\u00f6ld \u00ed. k.<\/br><\/p>\n","protected":false},"excerpt":{"rendered":"<p>Mez\u0151panit (Maros), 1883., \u2020 ?? : gazd\u00e1lkod\u00f3. \u2013. Mez\u0151panitban \u00e9s Algy\u00f3gyon v\u00e9gezte iskol\u00e1it, azut\u00e1n \u00e9desapja mellett gazd\u00e1lkodott (1900\u2013). Az els\u0151 vh.-ban a 22. gy. e.-ben az orosz fronton volt, fogs\u00e1gba esett, megsebes\u00fclt, kit\u00fcntett\u00e9k a K\u00e1roly Csapatkereszttel. A MP : , a Gazdak\u00f6r tagja, a Hangya \u00e9s a Tejsz\u00f6vetkezet p\u00e9nzt\u00e1rosa \u0151s ig. tagja, a k\u00f6zs\u00e9g b\u00edr\u00f3ja [&hellip;]<\/p>\n","protected":false},"featured_media":0,"comment_status":"open","ping_status":"closed","template":"","meta":[],"product_brand":[],"product_cat":[137],"product_tag":[],"class_list":{"0":"post-13117","1":"product","2":"type-product","3":"status-publish","5":"product_cat-maros-megyei-eletrajzi-lexikon","7":"first","8":"instock","9":"shipping-taxable","10":"product-type-simple"},"_links":{"self":[{"href":"https:\/\/uj.adatbank.ro\/lexikon\/wp-json\/wp\/v2\/product\/13117","targetHints":{"allow":["GET"]}}],"collection":[{"href":"https:\/\/uj.adatbank.ro\/lexikon\/wp-json\/wp\/v2\/product"}],"about":[{"href":"https:\/\/uj.adatbank.ro\/lexikon\/wp-json\/wp\/v2\/types\/product"}],"replies":[{"embeddable":true,"href":"https:\/\/uj.adatbank.ro\/lexikon\/wp-json\/wp\/v2\/comments?post=13117"}],"wp:attachment":[{"href":"https:\/\/uj.adatbank.ro\/lexikon\/wp-json\/wp\/v2\/media?parent=13117"}],"wp:term":[{"taxonomy":"product_brand","embeddable":true,"href":"https:\/\/uj.adatbank.ro\/lexikon\/wp-json\/wp\/v2\/product_brand?post=13117"},{"taxonomy":"product_cat","embeddable":true,"href":"https:\/\/uj.adatbank.ro\/lexikon\/wp-json\/wp\/v2\/product_cat?post=13117"},{"taxonomy":"product_tag","embeddable":true,"href":"https:\/\/uj.adatbank.ro\/lexikon\/wp-json\/wp\/v2\/product_tag?post=13117"}],"curies":[{"name":"wp","href":"https:\/\/api.w.org\/{rel}","templated":true}]}}