{"id":13122,"date":"2025-06-29T14:50:46","date_gmt":"2025-06-29T12:50:46","guid":{"rendered":"https:\/\/uj.adatbank.ro\/lexikon\/termek\/kovendi-nagy-erzsebet-dr-nagy-peterne\/"},"modified":"2025-06-29T14:50:46","modified_gmt":"2025-06-29T12:50:46","slug":"kovendi-nagy-erzsebet-dr-nagy-peterne","status":"publish","type":"product","link":"https:\/\/uj.adatbank.ro\/lexikon\/termek\/kovendi-nagy-erzsebet-dr-nagy-peterne\/","title":{"rendered":"K\u00d6VENDI NAGY Erzs\u00e9bet, dr. Nagy P\u00e9tern\u00e9"},"content":{"rendered":"<p>Sz\u00e1szfenes, 1924 \u2020 Mv., 1999. m\u00e1rc. 5.: orvos. \u2013 A MOGYI v\u00e9gzettje (1950). Mv.-en a Fert\u00f6z\u0151 Klinik\u00e1n dolgozott szakorvos, f\u0151orvos a Hepatitis oszt\u00e1lyon. Kasza L\u00e1szl\u00f3val \u00edrt dolgozatot a hepatitisr\u0151l. <br \/><strong>Irod.:<\/strong> Kiss\u2013P\u00e9terffy\u2013P\u00e9terffy; [Nekrol\u00f3g] (N\u00fa., 1999. m\u00e1rc. 6.); Kiss Cs. M 4.<\/br><\/p>\n","protected":false},"excerpt":{"rendered":"<p>Sz\u00e1szfenes, 1924 \u2020 Mv., 1999. m\u00e1rc. 5.: orvos. \u2013 A MOGYI v\u00e9gzettje (1950). Mv.-en a Fert\u00f6z\u0151 Klinik\u00e1n dolgozott szakorvos, f\u0151orvos a Hepatitis oszt\u00e1lyon. Kasza L\u00e1szl\u00f3val \u00edrt dolgozatot a hepatitisr\u0151l. Irod.: Kiss\u2013P\u00e9terffy\u2013P\u00e9terffy; [Nekrol\u00f3g] (N\u00fa., 1999. m\u00e1rc. 6.); Kiss Cs. M 4.<\/p>\n","protected":false},"featured_media":0,"comment_status":"open","ping_status":"closed","template":"","meta":[],"product_brand":[],"product_cat":[137],"product_tag":[],"class_list":{"0":"post-13122","1":"product","2":"type-product","3":"status-publish","5":"product_cat-maros-megyei-eletrajzi-lexikon","7":"first","8":"instock","9":"shipping-taxable","10":"product-type-simple"},"_links":{"self":[{"href":"https:\/\/uj.adatbank.ro\/lexikon\/wp-json\/wp\/v2\/product\/13122","targetHints":{"allow":["GET"]}}],"collection":[{"href":"https:\/\/uj.adatbank.ro\/lexikon\/wp-json\/wp\/v2\/product"}],"about":[{"href":"https:\/\/uj.adatbank.ro\/lexikon\/wp-json\/wp\/v2\/types\/product"}],"replies":[{"embeddable":true,"href":"https:\/\/uj.adatbank.ro\/lexikon\/wp-json\/wp\/v2\/comments?post=13122"}],"wp:attachment":[{"href":"https:\/\/uj.adatbank.ro\/lexikon\/wp-json\/wp\/v2\/media?parent=13122"}],"wp:term":[{"taxonomy":"product_brand","embeddable":true,"href":"https:\/\/uj.adatbank.ro\/lexikon\/wp-json\/wp\/v2\/product_brand?post=13122"},{"taxonomy":"product_cat","embeddable":true,"href":"https:\/\/uj.adatbank.ro\/lexikon\/wp-json\/wp\/v2\/product_cat?post=13122"},{"taxonomy":"product_tag","embeddable":true,"href":"https:\/\/uj.adatbank.ro\/lexikon\/wp-json\/wp\/v2\/product_tag?post=13122"}],"curies":[{"name":"wp","href":"https:\/\/api.w.org\/{rel}","templated":true}]}}