{"id":13123,"date":"2025-06-29T14:50:48","date_gmt":"2025-06-29T12:50:48","guid":{"rendered":"https:\/\/uj.adatbank.ro\/lexikon\/termek\/kovendi-samuel\/"},"modified":"2025-06-29T14:50:48","modified_gmt":"2025-06-29T12:50:48","slug":"kovendi-samuel","status":"publish","type":"product","link":"https:\/\/uj.adatbank.ro\/lexikon\/termek\/kovendi-samuel\/","title":{"rendered":"K\u00d6VENDI S\u00e1muel"},"content":{"rendered":"<p>? \u2020 ? : fest\u0151asztalos. \u2013 Dics\u0151szentm\u00e1rtonban dolgozott, az unit. templom mennyezet\u00e9t festette: 98 kazetta sok alakos \u00e1br\u00e1zol\u00e1ssal (1769). <br \/><strong>Irod.:<\/strong> Moln\u00e1r; Vilhelm K\u00e1roly<\/br><\/p>\n","protected":false},"excerpt":{"rendered":"<p>? \u2020 ? : fest\u0151asztalos. \u2013 Dics\u0151szentm\u00e1rtonban dolgozott, az unit. templom mennyezet\u00e9t festette: 98 kazetta sok alakos \u00e1br\u00e1zol\u00e1ssal (1769). Irod.: Moln\u00e1r; Vilhelm K\u00e1roly<\/p>\n","protected":false},"featured_media":0,"comment_status":"open","ping_status":"closed","template":"","meta":[],"product_brand":[],"product_cat":[137],"product_tag":[],"class_list":{"0":"post-13123","1":"product","2":"type-product","3":"status-publish","5":"product_cat-maros-megyei-eletrajzi-lexikon","7":"first","8":"instock","9":"shipping-taxable","10":"product-type-simple"},"_links":{"self":[{"href":"https:\/\/uj.adatbank.ro\/lexikon\/wp-json\/wp\/v2\/product\/13123","targetHints":{"allow":["GET"]}}],"collection":[{"href":"https:\/\/uj.adatbank.ro\/lexikon\/wp-json\/wp\/v2\/product"}],"about":[{"href":"https:\/\/uj.adatbank.ro\/lexikon\/wp-json\/wp\/v2\/types\/product"}],"replies":[{"embeddable":true,"href":"https:\/\/uj.adatbank.ro\/lexikon\/wp-json\/wp\/v2\/comments?post=13123"}],"wp:attachment":[{"href":"https:\/\/uj.adatbank.ro\/lexikon\/wp-json\/wp\/v2\/media?parent=13123"}],"wp:term":[{"taxonomy":"product_brand","embeddable":true,"href":"https:\/\/uj.adatbank.ro\/lexikon\/wp-json\/wp\/v2\/product_brand?post=13123"},{"taxonomy":"product_cat","embeddable":true,"href":"https:\/\/uj.adatbank.ro\/lexikon\/wp-json\/wp\/v2\/product_cat?post=13123"},{"taxonomy":"product_tag","embeddable":true,"href":"https:\/\/uj.adatbank.ro\/lexikon\/wp-json\/wp\/v2\/product_tag?post=13123"}],"curies":[{"name":"wp","href":"https:\/\/api.w.org\/{rel}","templated":true}]}}