{"id":13124,"date":"2025-06-29T14:50:50","date_gmt":"2025-06-29T12:50:50","guid":{"rendered":"https:\/\/uj.adatbank.ro\/lexikon\/termek\/kovendi-szekely-jakab\/"},"modified":"2025-06-29T14:50:50","modified_gmt":"2025-06-29T12:50:50","slug":"kovendi-szekely-jakab","status":"publish","type":"product","link":"https:\/\/uj.adatbank.ro\/lexikon\/termek\/kovendi-szekely-jakab\/","title":{"rendered":"K\u00d6VENDI SZ\u00c9KELY Jakab"},"content":{"rendered":"<p>? \u2020 ? : kamar\u00e1s. \u2013 M\u00e1ty\u00e1s kir\u00e1ly kamar\u00e1sa, adom\u00e1nyak\u00e9nt megkapta G\u00e9rest, T\u00f3h\u00e1tot, \u00d6rk\u00e9t \u00e9s Tordalak\u00e1t (1474. m\u00e1j.). <br \/><strong>Irod.:<\/strong> Magyarf\u00fclp\u00f6s<\/br><\/p>\n","protected":false},"excerpt":{"rendered":"<p>? \u2020 ? : kamar\u00e1s. \u2013 M\u00e1ty\u00e1s kir\u00e1ly kamar\u00e1sa, adom\u00e1nyak\u00e9nt megkapta G\u00e9rest, T\u00f3h\u00e1tot, \u00d6rk\u00e9t \u00e9s Tordalak\u00e1t (1474. m\u00e1j.). Irod.: Magyarf\u00fclp\u00f6s<\/p>\n","protected":false},"featured_media":0,"comment_status":"open","ping_status":"closed","template":"","meta":[],"product_brand":[],"product_cat":[137],"product_tag":[],"class_list":{"0":"post-13124","1":"product","2":"type-product","3":"status-publish","5":"product_cat-maros-megyei-eletrajzi-lexikon","7":"first","8":"instock","9":"shipping-taxable","10":"product-type-simple"},"_links":{"self":[{"href":"https:\/\/uj.adatbank.ro\/lexikon\/wp-json\/wp\/v2\/product\/13124","targetHints":{"allow":["GET"]}}],"collection":[{"href":"https:\/\/uj.adatbank.ro\/lexikon\/wp-json\/wp\/v2\/product"}],"about":[{"href":"https:\/\/uj.adatbank.ro\/lexikon\/wp-json\/wp\/v2\/types\/product"}],"replies":[{"embeddable":true,"href":"https:\/\/uj.adatbank.ro\/lexikon\/wp-json\/wp\/v2\/comments?post=13124"}],"wp:attachment":[{"href":"https:\/\/uj.adatbank.ro\/lexikon\/wp-json\/wp\/v2\/media?parent=13124"}],"wp:term":[{"taxonomy":"product_brand","embeddable":true,"href":"https:\/\/uj.adatbank.ro\/lexikon\/wp-json\/wp\/v2\/product_brand?post=13124"},{"taxonomy":"product_cat","embeddable":true,"href":"https:\/\/uj.adatbank.ro\/lexikon\/wp-json\/wp\/v2\/product_cat?post=13124"},{"taxonomy":"product_tag","embeddable":true,"href":"https:\/\/uj.adatbank.ro\/lexikon\/wp-json\/wp\/v2\/product_tag?post=13124"}],"curies":[{"name":"wp","href":"https:\/\/api.w.org\/{rel}","templated":true}]}}