{"id":13129,"date":"2025-06-29T14:50:59","date_gmt":"2025-06-29T12:50:59","guid":{"rendered":"https:\/\/uj.adatbank.ro\/lexikon\/termek\/kover-janos\/"},"modified":"2025-06-29T14:50:59","modified_gmt":"2025-06-29T12:50:59","slug":"kover-janos","status":"publish","type":"product","link":"https:\/\/uj.adatbank.ro\/lexikon\/termek\/kover-janos\/","title":{"rendered":"K\u00d6V\u00c9R J\u00e1nos"},"content":{"rendered":"<p>? 1928., \u2020 Mv., 2007. j\u00fal. 29.: labdar\u00fag\u00f3. -P\u00e1lyafut\u00e1s\u00e1t a mv.-i Mure\u015ful B oszt\u00e1lyos labdar\u00fag\u00f3 csapat\u00e1nak k\u00f6z\u00e9pcsat\u00e1rak\u00e9nt kezdte. T\u00edz\u00e9vesen labdaszed\u0151b\u0151l v\u00e1lt j\u00e1t\u00e9koss\u00e1 az Unitatea csapat\u00e1ban. Kiss \u00c1rp\u00e1d edz\u0151 ir\u00e1ny\u00edt\u00e1s\u00e1val form\u00e1l\u00f3dott, majd ifik\u00e9nt a Voin\u0163a klubj\u00e1hoz ker\u00fclt. Katonaideje alatt a buk.-i Dinamo csapat\u00e1n\u00e1l is, majd az 1959\u20131960-as id\u00e9nyt\u0151l a Voin\u0163a, Alimentara \u00e9s MTE klubok keret\u00e9b\u0151l verbuv\u00e1l\u00f3dott Muresul sz\u00edneiben j\u00e1tszott. 17 \u00e9vi futballoz\u00e1s ut\u00e1n, 32 \u00e9vesen, egy s\u00e9r\u00fcl\u00e9s vetett v\u00e9get j\u00e1t\u00e9kosi karrierj\u00e9nek. <br \/><strong>Irod.:<\/strong> N\u00e9p\u00fajs\u00e1g, 2007. j\u00fal. 31.<\/br><\/p>\n","protected":false},"excerpt":{"rendered":"<p>? 1928., \u2020 Mv., 2007. j\u00fal. 29.: labdar\u00fag\u00f3. -P\u00e1lyafut\u00e1s\u00e1t a mv.-i Mure\u015ful B oszt\u00e1lyos labdar\u00fag\u00f3 csapat\u00e1nak k\u00f6z\u00e9pcsat\u00e1rak\u00e9nt kezdte. T\u00edz\u00e9vesen labdaszed\u0151b\u0151l v\u00e1lt j\u00e1t\u00e9koss\u00e1 az Unitatea csapat\u00e1ban. Kiss \u00c1rp\u00e1d edz\u0151 ir\u00e1ny\u00edt\u00e1s\u00e1val form\u00e1l\u00f3dott, majd ifik\u00e9nt a Voin\u0163a klubj\u00e1hoz ker\u00fclt. Katonaideje alatt a buk.-i Dinamo csapat\u00e1n\u00e1l is, majd az 1959\u20131960-as id\u00e9nyt\u0151l a Voin\u0163a, Alimentara \u00e9s MTE klubok keret\u00e9b\u0151l verbuv\u00e1l\u00f3dott [&hellip;]<\/p>\n","protected":false},"featured_media":0,"comment_status":"open","ping_status":"closed","template":"","meta":[],"product_brand":[],"product_cat":[137],"product_tag":[],"class_list":{"0":"post-13129","1":"product","2":"type-product","3":"status-publish","5":"product_cat-maros-megyei-eletrajzi-lexikon","7":"first","8":"instock","9":"shipping-taxable","10":"product-type-simple"},"_links":{"self":[{"href":"https:\/\/uj.adatbank.ro\/lexikon\/wp-json\/wp\/v2\/product\/13129","targetHints":{"allow":["GET"]}}],"collection":[{"href":"https:\/\/uj.adatbank.ro\/lexikon\/wp-json\/wp\/v2\/product"}],"about":[{"href":"https:\/\/uj.adatbank.ro\/lexikon\/wp-json\/wp\/v2\/types\/product"}],"replies":[{"embeddable":true,"href":"https:\/\/uj.adatbank.ro\/lexikon\/wp-json\/wp\/v2\/comments?post=13129"}],"wp:attachment":[{"href":"https:\/\/uj.adatbank.ro\/lexikon\/wp-json\/wp\/v2\/media?parent=13129"}],"wp:term":[{"taxonomy":"product_brand","embeddable":true,"href":"https:\/\/uj.adatbank.ro\/lexikon\/wp-json\/wp\/v2\/product_brand?post=13129"},{"taxonomy":"product_cat","embeddable":true,"href":"https:\/\/uj.adatbank.ro\/lexikon\/wp-json\/wp\/v2\/product_cat?post=13129"},{"taxonomy":"product_tag","embeddable":true,"href":"https:\/\/uj.adatbank.ro\/lexikon\/wp-json\/wp\/v2\/product_tag?post=13129"}],"curies":[{"name":"wp","href":"https:\/\/api.w.org\/{rel}","templated":true}]}}