{"id":13130,"date":"2025-06-29T14:51:03","date_gmt":"2025-06-29T12:51:03","guid":{"rendered":"https:\/\/uj.adatbank.ro\/lexikon\/termek\/kover-jozsef\/"},"modified":"2025-06-29T14:51:03","modified_gmt":"2025-06-29T12:51:03","slug":"kover-jozsef","status":"publish","type":"product","link":"https:\/\/uj.adatbank.ro\/lexikon\/termek\/kover-jozsef\/","title":{"rendered":"K\u00d6V\u00c9R J\u00f3zsef"},"content":{"rendered":"<p>? 1870., \u2020 1933.: kalauz. \u2013 Iskol\u00e1it Mv.-en v\u00e9gezte. A M\u00c1V-hoz ker\u00fclt (1894) ahol 28 \u00e9vet t\u00f6lt\u00f6tt mint kalauz, t\u00f6bbsz\u00f6r lr\u00e9szes\u00fclt elismer\u00e9sben, jutalomban. <br \/><strong>Irod.:<\/strong> Sz\u00e9kelyf\u00f6ld \u00ed. k.<\/br><\/p>\n","protected":false},"excerpt":{"rendered":"<p>? 1870., \u2020 1933.: kalauz. \u2013 Iskol\u00e1it Mv.-en v\u00e9gezte. A M\u00c1V-hoz ker\u00fclt (1894) ahol 28 \u00e9vet t\u00f6lt\u00f6tt mint kalauz, t\u00f6bbsz\u00f6r lr\u00e9szes\u00fclt elismer\u00e9sben, jutalomban. Irod.: Sz\u00e9kelyf\u00f6ld \u00ed. k.<\/p>\n","protected":false},"featured_media":0,"comment_status":"open","ping_status":"closed","template":"","meta":[],"product_brand":[],"product_cat":[137],"product_tag":[],"class_list":{"0":"post-13130","1":"product","2":"type-product","3":"status-publish","5":"product_cat-maros-megyei-eletrajzi-lexikon","7":"first","8":"instock","9":"shipping-taxable","10":"product-type-simple"},"_links":{"self":[{"href":"https:\/\/uj.adatbank.ro\/lexikon\/wp-json\/wp\/v2\/product\/13130","targetHints":{"allow":["GET"]}}],"collection":[{"href":"https:\/\/uj.adatbank.ro\/lexikon\/wp-json\/wp\/v2\/product"}],"about":[{"href":"https:\/\/uj.adatbank.ro\/lexikon\/wp-json\/wp\/v2\/types\/product"}],"replies":[{"embeddable":true,"href":"https:\/\/uj.adatbank.ro\/lexikon\/wp-json\/wp\/v2\/comments?post=13130"}],"wp:attachment":[{"href":"https:\/\/uj.adatbank.ro\/lexikon\/wp-json\/wp\/v2\/media?parent=13130"}],"wp:term":[{"taxonomy":"product_brand","embeddable":true,"href":"https:\/\/uj.adatbank.ro\/lexikon\/wp-json\/wp\/v2\/product_brand?post=13130"},{"taxonomy":"product_cat","embeddable":true,"href":"https:\/\/uj.adatbank.ro\/lexikon\/wp-json\/wp\/v2\/product_cat?post=13130"},{"taxonomy":"product_tag","embeddable":true,"href":"https:\/\/uj.adatbank.ro\/lexikon\/wp-json\/wp\/v2\/product_tag?post=13130"}],"curies":[{"name":"wp","href":"https:\/\/api.w.org\/{rel}","templated":true}]}}