{"id":13131,"date":"2025-06-29T14:51:04","date_gmt":"2025-06-29T12:51:04","guid":{"rendered":"https:\/\/uj.adatbank.ro\/lexikon\/termek\/kover-pal\/"},"modified":"2025-06-29T14:51:04","modified_gmt":"2025-06-29T12:51:04","slug":"kover-pal","status":"publish","type":"product","link":"https:\/\/uj.adatbank.ro\/lexikon\/termek\/kover-pal\/","title":{"rendered":"K\u00d6V\u00c9R P\u00e1l"},"content":{"rendered":"<p>? \u2020 ? : szolgab\u00edr\u00f3. \u2013 Vajdaszentiv\u00e1nyon tev\u00e9kenykedett. R\u00e9szt vett Pesty Frigyes eg\u00e9sz Mo.-ra \u00e9s Erd\u00e9lyre kiterjedt helyn\u00e9vgy\u0171jt\u00e9s\u00e9ben (1864\u201365). \u00d6ssze\u00e1ll\u00edtotta Bala \u00e9s mez\u0151r\u00fccsi N\u00e9ma, Maross\u00e1rpatak, Mez\u0151majos, P\u00f3ka, P\u00f3kakereszt\u00far, Vajdaszentiv\u00e1ny \u00e9s V\u00e1rhegy falvainak helyn\u00e9vjegyz\u00e9k\u00e9t. <br \/><strong>Irod.:<\/strong> Pesty 2014<\/br><\/p>\n","protected":false},"excerpt":{"rendered":"<p>? \u2020 ? : szolgab\u00edr\u00f3. \u2013 Vajdaszentiv\u00e1nyon tev\u00e9kenykedett. R\u00e9szt vett Pesty Frigyes eg\u00e9sz Mo.-ra \u00e9s Erd\u00e9lyre kiterjedt helyn\u00e9vgy\u0171jt\u00e9s\u00e9ben (1864\u201365). \u00d6ssze\u00e1ll\u00edtotta Bala \u00e9s mez\u0151r\u00fccsi N\u00e9ma, Maross\u00e1rpatak, Mez\u0151majos, P\u00f3ka, P\u00f3kakereszt\u00far, Vajdaszentiv\u00e1ny \u00e9s V\u00e1rhegy falvainak helyn\u00e9vjegyz\u00e9k\u00e9t. Irod.: Pesty 2014<\/p>\n","protected":false},"featured_media":0,"comment_status":"open","ping_status":"closed","template":"","meta":[],"product_brand":[],"product_cat":[137],"product_tag":[],"class_list":{"0":"post-13131","1":"product","2":"type-product","3":"status-publish","5":"product_cat-maros-megyei-eletrajzi-lexikon","7":"first","8":"instock","9":"shipping-taxable","10":"product-type-simple"},"_links":{"self":[{"href":"https:\/\/uj.adatbank.ro\/lexikon\/wp-json\/wp\/v2\/product\/13131","targetHints":{"allow":["GET"]}}],"collection":[{"href":"https:\/\/uj.adatbank.ro\/lexikon\/wp-json\/wp\/v2\/product"}],"about":[{"href":"https:\/\/uj.adatbank.ro\/lexikon\/wp-json\/wp\/v2\/types\/product"}],"replies":[{"embeddable":true,"href":"https:\/\/uj.adatbank.ro\/lexikon\/wp-json\/wp\/v2\/comments?post=13131"}],"wp:attachment":[{"href":"https:\/\/uj.adatbank.ro\/lexikon\/wp-json\/wp\/v2\/media?parent=13131"}],"wp:term":[{"taxonomy":"product_brand","embeddable":true,"href":"https:\/\/uj.adatbank.ro\/lexikon\/wp-json\/wp\/v2\/product_brand?post=13131"},{"taxonomy":"product_cat","embeddable":true,"href":"https:\/\/uj.adatbank.ro\/lexikon\/wp-json\/wp\/v2\/product_cat?post=13131"},{"taxonomy":"product_tag","embeddable":true,"href":"https:\/\/uj.adatbank.ro\/lexikon\/wp-json\/wp\/v2\/product_tag?post=13131"}],"curies":[{"name":"wp","href":"https:\/\/api.w.org\/{rel}","templated":true}]}}