{"id":13132,"date":"2025-06-29T14:51:05","date_gmt":"2025-06-29T12:51:05","guid":{"rendered":"https:\/\/uj.adatbank.ro\/lexikon\/termek\/koves-ilona-szakas-gezane\/"},"modified":"2025-06-29T14:51:05","modified_gmt":"2025-06-29T12:51:05","slug":"koves-ilona-szakas-gezane","status":"publish","type":"product","link":"https:\/\/uj.adatbank.ro\/lexikon\/termek\/koves-ilona-szakas-gezane\/","title":{"rendered":"K\u00d6VES Ilona, Szak\u00e1s G\u00e9z\u00e1n\u00e9"},"content":{"rendered":"<p>1902 ?, \u2020 K\u00e1poszt\u00e1sszentmikl\u00f3s (Maros)., 1991. nov. 3.?. L\u0151rincfalv\u00e1n temett\u00e9k el: zongoratan\u00e1rn\u0151, ref. k\u00e1ntor. \u2013 Szak\u00e1cs G\u00e9za ref. lp. \u00f6zvegye. <br \/><strong>Irod.:<\/strong> [Nekrol\u00f3g](N\u00fa., 1991. nov. 5.)<\/br><\/p>\n","protected":false},"excerpt":{"rendered":"<p>1902 ?, \u2020 K\u00e1poszt\u00e1sszentmikl\u00f3s (Maros)., 1991. nov. 3.?. L\u0151rincfalv\u00e1n temett\u00e9k el: zongoratan\u00e1rn\u0151, ref. k\u00e1ntor. \u2013 Szak\u00e1cs G\u00e9za ref. lp. \u00f6zvegye. Irod.: [Nekrol\u00f3g](N\u00fa., 1991. nov. 5.)<\/p>\n","protected":false},"featured_media":0,"comment_status":"open","ping_status":"closed","template":"","meta":[],"product_brand":[],"product_cat":[137],"product_tag":[],"class_list":{"0":"post-13132","1":"product","2":"type-product","3":"status-publish","5":"product_cat-maros-megyei-eletrajzi-lexikon","7":"first","8":"instock","9":"shipping-taxable","10":"product-type-simple"},"_links":{"self":[{"href":"https:\/\/uj.adatbank.ro\/lexikon\/wp-json\/wp\/v2\/product\/13132","targetHints":{"allow":["GET"]}}],"collection":[{"href":"https:\/\/uj.adatbank.ro\/lexikon\/wp-json\/wp\/v2\/product"}],"about":[{"href":"https:\/\/uj.adatbank.ro\/lexikon\/wp-json\/wp\/v2\/types\/product"}],"replies":[{"embeddable":true,"href":"https:\/\/uj.adatbank.ro\/lexikon\/wp-json\/wp\/v2\/comments?post=13132"}],"wp:attachment":[{"href":"https:\/\/uj.adatbank.ro\/lexikon\/wp-json\/wp\/v2\/media?parent=13132"}],"wp:term":[{"taxonomy":"product_brand","embeddable":true,"href":"https:\/\/uj.adatbank.ro\/lexikon\/wp-json\/wp\/v2\/product_brand?post=13132"},{"taxonomy":"product_cat","embeddable":true,"href":"https:\/\/uj.adatbank.ro\/lexikon\/wp-json\/wp\/v2\/product_cat?post=13132"},{"taxonomy":"product_tag","embeddable":true,"href":"https:\/\/uj.adatbank.ro\/lexikon\/wp-json\/wp\/v2\/product_tag?post=13132"}],"curies":[{"name":"wp","href":"https:\/\/api.w.org\/{rel}","templated":true}]}}