{"id":13135,"date":"2025-06-29T14:51:12","date_gmt":"2025-06-29T12:51:12","guid":{"rendered":"https:\/\/uj.adatbank.ro\/lexikon\/termek\/kovesdi-gyula-bedei\/"},"modified":"2025-06-29T14:51:12","modified_gmt":"2025-06-29T12:51:12","slug":"kovesdi-gyula-bedei","status":"publish","type":"product","link":"https:\/\/uj.adatbank.ro\/lexikon\/termek\/kovesdi-gyula-bedei\/","title":{"rendered":"K\u00d6VESDI Gyula, bedei"},"content":{"rendered":"<p>1843.? \u2020 Mez\u0151b\u00e1nd, 1871. \u00e1pr. 26.: al\u00fcgy\u00e9sz. \u2013 Testv\u00e9rei: K. G\u00e1bor (1839 \u2013 Mez\u0151b\u00e1nd, 1883. \u00e1pr. 27.); K. K\u00e1rolina Dark\u00f3 Lajosn\u00e9 (1830 \u2013 Szenth\u00e1roms\u00e1g, 1871. m\u00e1rc. 6.). \u2013 Marossz\u00e9ki t\u00f6rv\u00e9nysz\u00e9ki al\u00fcgy\u00e9sz. <br \/><strong>Irod.:<\/strong> Gy\u00e1szjelent\u0151<\/br><\/p>\n","protected":false},"excerpt":{"rendered":"<p>1843.? \u2020 Mez\u0151b\u00e1nd, 1871. \u00e1pr. 26.: al\u00fcgy\u00e9sz. \u2013 Testv\u00e9rei: K. G\u00e1bor (1839 \u2013 Mez\u0151b\u00e1nd, 1883. \u00e1pr. 27.); K. K\u00e1rolina Dark\u00f3 Lajosn\u00e9 (1830 \u2013 Szenth\u00e1roms\u00e1g, 1871. m\u00e1rc. 6.). \u2013 Marossz\u00e9ki t\u00f6rv\u00e9nysz\u00e9ki al\u00fcgy\u00e9sz. Irod.: Gy\u00e1szjelent\u0151<\/p>\n","protected":false},"featured_media":0,"comment_status":"open","ping_status":"closed","template":"","meta":[],"product_brand":[],"product_cat":[137],"product_tag":[],"class_list":{"0":"post-13135","1":"product","2":"type-product","3":"status-publish","5":"product_cat-maros-megyei-eletrajzi-lexikon","7":"first","8":"instock","9":"shipping-taxable","10":"product-type-simple"},"_links":{"self":[{"href":"https:\/\/uj.adatbank.ro\/lexikon\/wp-json\/wp\/v2\/product\/13135","targetHints":{"allow":["GET"]}}],"collection":[{"href":"https:\/\/uj.adatbank.ro\/lexikon\/wp-json\/wp\/v2\/product"}],"about":[{"href":"https:\/\/uj.adatbank.ro\/lexikon\/wp-json\/wp\/v2\/types\/product"}],"replies":[{"embeddable":true,"href":"https:\/\/uj.adatbank.ro\/lexikon\/wp-json\/wp\/v2\/comments?post=13135"}],"wp:attachment":[{"href":"https:\/\/uj.adatbank.ro\/lexikon\/wp-json\/wp\/v2\/media?parent=13135"}],"wp:term":[{"taxonomy":"product_brand","embeddable":true,"href":"https:\/\/uj.adatbank.ro\/lexikon\/wp-json\/wp\/v2\/product_brand?post=13135"},{"taxonomy":"product_cat","embeddable":true,"href":"https:\/\/uj.adatbank.ro\/lexikon\/wp-json\/wp\/v2\/product_cat?post=13135"},{"taxonomy":"product_tag","embeddable":true,"href":"https:\/\/uj.adatbank.ro\/lexikon\/wp-json\/wp\/v2\/product_tag?post=13135"}],"curies":[{"name":"wp","href":"https:\/\/api.w.org\/{rel}","templated":true}]}}