{"id":13136,"date":"2025-06-29T14:51:14","date_gmt":"2025-06-29T12:51:14","guid":{"rendered":"https:\/\/uj.adatbank.ro\/lexikon\/termek\/kovesdi-istvan\/"},"modified":"2025-06-29T14:51:14","modified_gmt":"2025-06-29T12:51:14","slug":"kovesdi-istvan","status":"publish","type":"product","link":"https:\/\/uj.adatbank.ro\/lexikon\/termek\/kovesdi-istvan\/","title":{"rendered":"K\u00d6VESDI Istv\u00e1n"},"content":{"rendered":"<p>? \u2020 ? : \u00fcgyel\u0151. \u2013 A mv.-i \u00c1llami Sz\u00e9kely Sz\u00ednh\u00e1zban (1956\u2013) dolgozott. <br \/><strong>Irod.:<\/strong> Kov\u00e1cs Levente<\/br><\/p>\n","protected":false},"excerpt":{"rendered":"<p>? \u2020 ? : \u00fcgyel\u0151. \u2013 A mv.-i \u00c1llami Sz\u00e9kely Sz\u00ednh\u00e1zban (1956\u2013) dolgozott. Irod.: Kov\u00e1cs Levente<\/p>\n","protected":false},"featured_media":0,"comment_status":"open","ping_status":"closed","template":"","meta":[],"product_brand":[],"product_cat":[137],"product_tag":[],"class_list":{"0":"post-13136","1":"product","2":"type-product","3":"status-publish","5":"product_cat-maros-megyei-eletrajzi-lexikon","7":"first","8":"instock","9":"shipping-taxable","10":"product-type-simple"},"_links":{"self":[{"href":"https:\/\/uj.adatbank.ro\/lexikon\/wp-json\/wp\/v2\/product\/13136","targetHints":{"allow":["GET"]}}],"collection":[{"href":"https:\/\/uj.adatbank.ro\/lexikon\/wp-json\/wp\/v2\/product"}],"about":[{"href":"https:\/\/uj.adatbank.ro\/lexikon\/wp-json\/wp\/v2\/types\/product"}],"replies":[{"embeddable":true,"href":"https:\/\/uj.adatbank.ro\/lexikon\/wp-json\/wp\/v2\/comments?post=13136"}],"wp:attachment":[{"href":"https:\/\/uj.adatbank.ro\/lexikon\/wp-json\/wp\/v2\/media?parent=13136"}],"wp:term":[{"taxonomy":"product_brand","embeddable":true,"href":"https:\/\/uj.adatbank.ro\/lexikon\/wp-json\/wp\/v2\/product_brand?post=13136"},{"taxonomy":"product_cat","embeddable":true,"href":"https:\/\/uj.adatbank.ro\/lexikon\/wp-json\/wp\/v2\/product_cat?post=13136"},{"taxonomy":"product_tag","embeddable":true,"href":"https:\/\/uj.adatbank.ro\/lexikon\/wp-json\/wp\/v2\/product_tag?post=13136"}],"curies":[{"name":"wp","href":"https:\/\/api.w.org\/{rel}","templated":true}]}}