{"id":13138,"date":"2025-06-29T14:51:17","date_gmt":"2025-06-29T12:51:17","guid":{"rendered":"https:\/\/uj.adatbank.ro\/lexikon\/termek\/kovesdi-janos-2\/"},"modified":"2025-06-29T14:51:17","modified_gmt":"2025-06-29T12:51:17","slug":"kovesdi-janos-2","status":"publish","type":"product","link":"https:\/\/uj.adatbank.ro\/lexikon\/termek\/kovesdi-janos-2\/","title":{"rendered":"K\u00d6VESDI J\u00e1nos"},"content":{"rendered":"<p>Mv., 1753, \u2020 Mv., 1828. m\u00e1rc. 7.: v\u00e1rosi tan\u00e1csos, orator, lev\u00e9lt\u00e1ros, szolgab\u00edr\u00f3. \u2013 A tan\u00e1r K. J. fia. Feles\u00e9ge Marusi M\u00e1ria. \u2013 Mv v\u00e1rosi esk\u00fcdt k\u00f6z\u00f6ns\u00e9g tagja (1791). Mv. lev\u00e9lt\u00e1rosa (1795\u2013 97). A magisztr\u00e1tus nem szentelt nagy figyelmet a v\u00e1ros lev\u00e9lt\u00e1r\u00e1ra, de a lev\u00e9lt\u00e1ros hanyag munk\u00e1j\u00e1t tapasztalt\u00e1k, nem csak feladatait nem v\u00e9gezte el, de a v\u00e1ros r\u00e1b\u00edzott javait \u00e9s p\u00e9nz\u00e9t is felel\u0151tlen\u00fcl kezelte. Mv. v\u00e1ros tisztvisel\u0151kar\u00e1nak tagja, az esk\u00fcdt k\u00f6z\u00f6ns\u00e9g sz\u00f3sz\u00f3l\u00f3ja (1800); tan\u00e1csos 26 \u00e9ven \u00e1t (1802\u201328), kebli sz\u00e1moltat\u00f3 eln\u00f6k (1825). <br \/><strong>Irod.:<\/strong> Csekme; Kozma; Kr\u00f3n F\u00fcz. (1940. 4\/10); Orb\u00e1n J\u00e1nos: A Kir\u00e1lyi T\u00e1bla els\u0151 k\u00e9t mv.-i sz\u00e9kh\u00e1za = St\u00edlusok, m\u0171vek, mesterek; P\u00e1l-Antal 2006, P\u00e1l-Antal 2009; Szab\u00f3 Mikl\u00f3s<\/br><\/p>\n","protected":false},"excerpt":{"rendered":"<p>Mv., 1753, \u2020 Mv., 1828. m\u00e1rc. 7.: v\u00e1rosi tan\u00e1csos, orator, lev\u00e9lt\u00e1ros, szolgab\u00edr\u00f3. \u2013 A tan\u00e1r K. J. fia. Feles\u00e9ge Marusi M\u00e1ria. \u2013 Mv v\u00e1rosi esk\u00fcdt k\u00f6z\u00f6ns\u00e9g tagja (1791). Mv. lev\u00e9lt\u00e1rosa (1795\u2013 97). A magisztr\u00e1tus nem szentelt nagy figyelmet a v\u00e1ros lev\u00e9lt\u00e1r\u00e1ra, de a lev\u00e9lt\u00e1ros hanyag munk\u00e1j\u00e1t tapasztalt\u00e1k, nem csak feladatait nem v\u00e9gezte el, de a [&hellip;]<\/p>\n","protected":false},"featured_media":0,"comment_status":"open","ping_status":"closed","template":"","meta":[],"product_brand":[],"product_cat":[137],"product_tag":[],"class_list":{"0":"post-13138","1":"product","2":"type-product","3":"status-publish","5":"product_cat-maros-megyei-eletrajzi-lexikon","7":"first","8":"instock","9":"shipping-taxable","10":"product-type-simple"},"_links":{"self":[{"href":"https:\/\/uj.adatbank.ro\/lexikon\/wp-json\/wp\/v2\/product\/13138","targetHints":{"allow":["GET"]}}],"collection":[{"href":"https:\/\/uj.adatbank.ro\/lexikon\/wp-json\/wp\/v2\/product"}],"about":[{"href":"https:\/\/uj.adatbank.ro\/lexikon\/wp-json\/wp\/v2\/types\/product"}],"replies":[{"embeddable":true,"href":"https:\/\/uj.adatbank.ro\/lexikon\/wp-json\/wp\/v2\/comments?post=13138"}],"wp:attachment":[{"href":"https:\/\/uj.adatbank.ro\/lexikon\/wp-json\/wp\/v2\/media?parent=13138"}],"wp:term":[{"taxonomy":"product_brand","embeddable":true,"href":"https:\/\/uj.adatbank.ro\/lexikon\/wp-json\/wp\/v2\/product_brand?post=13138"},{"taxonomy":"product_cat","embeddable":true,"href":"https:\/\/uj.adatbank.ro\/lexikon\/wp-json\/wp\/v2\/product_cat?post=13138"},{"taxonomy":"product_tag","embeddable":true,"href":"https:\/\/uj.adatbank.ro\/lexikon\/wp-json\/wp\/v2\/product_tag?post=13138"}],"curies":[{"name":"wp","href":"https:\/\/api.w.org\/{rel}","templated":true}]}}