{"id":13141,"date":"2025-06-29T14:51:26","date_gmt":"2025-06-29T12:51:26","guid":{"rendered":"https:\/\/uj.adatbank.ro\/lexikon\/termek\/kovesdi-kiss-ferenc-kiss-ferenc\/"},"modified":"2025-06-29T14:51:26","modified_gmt":"2025-06-29T12:51:26","slug":"kovesdi-kiss-ferenc-kiss-ferenc","status":"publish","type":"product","link":"https:\/\/uj.adatbank.ro\/lexikon\/termek\/kovesdi-kiss-ferenc-kiss-ferenc\/","title":{"rendered":"K\u00d6VESDI KISS Ferenc, Kiss Ferenc"},"content":{"rendered":"<p>Sz\u00e9kelyk\u00f6vesd, 1913. j\u00fal. 29., \u2020 Mv., 2004. j\u00fal. 22.: tan\u00edt\u00f3, tan\u00e1r, k\u00f6lt\u0151. \u2013 Feles\u00e9ge: P\u00e9ter Margit, tan\u00edt\u00f3n\u0151. \u2013 A nagyenyedi Koll.-ban tanult, a k\u00e9zdiv\u00e1s\u00e1rhelyi tan\u00edt\u00f3k\u00e9pz\u0151ben (1934), a kv.-i BBTE-n (1955\u201362), ahol m. nyelv- \u00e9s irodalomszakos tan\u00e1ri k\u00e9pes\u00edt\u00e9st nyert. Szorv\u00e1nytan\u00edt\u00f3k\u00e9nt kezdte p\u00e1ly\u00e1j\u00e1t: Maroskereszt\u00farra nevezt\u00e9k ki, (1934\u201335) igazgat\u00f3 is, ahonnan beh\u00edvt\u00e1k katon\u00e1nak, visszat\u00e9rtekor Sz\u00e9kelyf\u00f6ldv\u00e1ron tan\u00edtott (1935\u201337), ny\u00e1ron Br\u0103ilan v\u00e1llalt misszi\u00f3t, Fintah\u00e1z\u00e1n, \u00c1kosfalv\u00e1n k\u00e1ntortan\u00edt\u00f3i \u00e1ll\u00e1st kapott (1936\u201350), ott 40 tag\u00fa k\u00f3rust szervezett; Szentgeric\u00e9re helyezt\u00e9k (1941-\u2013), itt 148 tag\u00fa dal\u00e1rd\u00e1t is szervezett, r\u00e9sze volt abban, hogy a Ny\u00e1r\u00e1d mente 28 faluj\u00e1ba bevezett\u00e9k a g\u00e1zt. A h\u00e1bor\u00faban katona volt \u00e9s hadifogoly, Foc\u015fanib\u00f3l t\u00e9rt haza (1944). A tanfel\u00fcgyel\u0151s\u00e9g megb\u00edzta a tan\u00fcgyi szakszervezetek k\u00f3rus\u00e1nak vezet\u00e9s\u00e9vel (1956), Mv.-en a m\u0171v\u00e9szeti iskol\u00e1ban, majd az 5. sz\u00e1m\u00fa iskol\u00e1ban tan\u00edtott, a remeteszegi k\u00f6rzetben volt m. tan\u00e1r nyugd\u00edjaz\u00e1s\u00e1ig (1974). \u00c9lete jelent\u0151s r\u00e9sz\u00e9ben szorv\u00e1nytan\u00edt\u00f3 volt. Mint l\u00e9vita-tan\u00edt\u00f3 reggeli k\u00f6ny\u00f6rg\u00e9seket v\u00e9gezett a helyi templomban, temetett, \u00e9nekkarokat szervezett, sz\u00edndarabokat \u00edrt \u00e9s tan\u00edtott be, n\u00e9pt\u00e1nccsoportokat szervezett \u00e9s vezetett, m\u0171vel\u0151d\u00e9si \u00e9s gazads\u00e1gi el\u0151ad\u00e1sokat tartott feln\u0151ttek r\u00e9sz\u00e9re, a nagycsal\u00e1dosok megseg\u00edt\u00e9s\u00e9n f\u00e1radozott, szorv\u00e1nytal\u00e1lkoz\u00f3kat szervezett, j\u00e1rta a mez\u0151s\u00e9gi szorv\u00e1ny magyar vid\u00e9ket (1940-t\u0151l hal\u00e1l\u00e1ig), 147 falu adatait jegyezte fel, a t\u00e1rsadalmi, m\u0171vel\u0151d\u00e9si, egyh\u00e1zi viszonyok kr\u00f3nik\u00e1ja, val\u00f3s\u00e1gos kincsest\u00e1r ez a Mez\u0151s\u00e9gr\u0151l. K\u00e9ziratban maradt a Ny\u00e1r\u00e1d menti k\u00f3rusok t\u00f6rt\u00e9net\u00e9t tartalmaz\u00f3 munk\u00e1ja Bekecs alatt zeng az \u00e9nek. Tehets\u00e9ges sz\u00f3nok volt, foglalkozott az erd\u00e9lyi k\u00f3rusmozgalom t\u0151rt\u00e9net\u00e9vel. K\u00f6z\u00f6lt a J\u00f3bar\u00e1t, \u00daj \u00c9let, Falvak N\u00e9pe, M\u0171vel\u0151d\u00e9s, V. Z., N\u00fa. c. lapokban. <strong>Kit\u00fcntet\u00e9sei:<\/strong> Eml\u00e9klap a m. erd\u00e9lyi testv\u00e9ri kapcsolatok \u00e1pol\u00e1s\u00e1ban val\u00f3 egy\u00fcttm\u0171k\u0151d\u00e9s\u00e9rt (Csongr\u00e1d, 1994); K\u0151r\u00f6si Csoma S\u00e1ndor- Alap\u00edtv\u00e1ny d\u00edj k\u00e9tszer (Cs\u00edkszereda, 1995); K\u00f6nczei \u00c1d\u00e1m-d\u00edj (EMKE, 1995); \u00d6r\u00f6k\u00f6s presbiter (Bp., 1995). EMKE- szorv\u00e1ny-d\u00edjas, Cs\u00edkszered\u00e1ban Juli\u00e1nus-d\u00edjat kapott, a Magyaro.-i Egyh\u00e1z Zsinata Makkai S\u00e1ndor-d\u00edjjal t\u00fcntette ki (2003), a Magyar Reform\u00e1tus Presbiteri Sz\u00f6vets\u00e9g \u00f6r\u00f6k\u00f6s tiszteletbeli tagja, tiszteletbeli doktori c\u00edmmel is kit\u00fcntett\u00e9k Debrecenben (2003), a v\u00e1rtemplom \u00f6r\u00f6k\u00f6s presbitere. A ref. egyh\u00e1zker\u00fclet F\u00f6ldes K\u00e1roly- \u00e9s a Mo.-i Ref. Egyh\u00e1z Zsinata Makkai S\u00e1ndor-d\u00edjjal t\u00fcntette ki. \u2013 <strong>F. m.:<\/strong> Dereng\u0151 t\u0171zzel (versek Gagyi L\u00e1szl\u00f3 el\u0151szav\u00e1val; Buk., 1971); Rem\u00e9nys\u00e9gdajk\u00e1l\u00f3k (versek; Buk., 1977), Besz\u00e9lget\u00e9s a cs\u00f6nddel (versek; Sz\u00e9kelyudvarhely, 1990); M\u00e9g sz\u00f3lnak a harangok: A Mez\u0151s\u00e9g telep\u00fcl\u00e9seinek helyzetk\u00e9pe (1891\u20131991) (Bp., 1995); A nagy \u00fat amely itthonr\u00f3l haza vezet (2003); Riad\u00f3ra sz\u00f3l a harang: A Mez\u0151s\u00e9g telep\u00fcl\u00e9seinek helyzetk\u00e9pe (1891\u20131991) (Pom\u00e1z, 2006); <strong>t\u00e1rssz.:<\/strong> T\u00e9lisportlehet\u0151s\u00e9gek Keletmagyaro.-on \u00e9s Erd\u00e9lyben (Mv., 1943). <strong>K\u00e9ziratban:<\/strong> Bekecs alatt zeng az \u00e9nek. <br \/><strong>Irod.:<\/strong> Bethlen Anik\u00f3; Bodolai; Bodolai Gy\u00f6ngyi: A nagy \u00fat, amely itthonr\u00f3l haza vezet. Besz\u00e9lget\u00e9s a 90. \u00e9v\u00e9t bet\u00f6lt\u00f6tt K. F. -el (N\u00fa., 2003. j\u00fal. 9.); B\u00f6l\u00f6ni Domokos: A mez\u0151s\u00e9gi szorv\u00e1nymagyars\u00e1g kr\u00f3nik\u00e1ja (N\u00fa., 2004. j\u00fan. 23.); EMKK 2000; Erd\u00e9lyi v\u00e1rmegy\u00e9k; KM\u00cd; Kov\u00e1cs Zolt\u00e1n: In memoriam K. K. F. (\u00daj Kezdet, 10. sz., 2004. okt.); Kusz\u00e1lik; Nagy \u00d6d\u00f6n; Papp Vilmos: \u00d6r\u00f6k\u00f6s presbiter (\u00daj Kezdet, 9. sz., 2009. szept.); Ref. egyetemes n\u00e9vt\u00e1r; RMIL; RMKK; Somogyi Botond: K\u00f6vesdi K. F. nyom\u00e1ban (Erd\u00e9lyi Napl\u00f3, 31. sz., 2004. aug. 3.); Z\u00f6ld Gy\u00f6rgy: K. K. F. k\u00f6nyvbemutat\u00f3j\u00e1ra: Ferenc b\u00e1csi lrtene a sz\u00f3b\u00f3l (\u00daj Kezdet, 6\u20137. sz., 2006. j\u00fan. -j\u00fal.)<\/br><\/p>\n","protected":false},"excerpt":{"rendered":"<p>Sz\u00e9kelyk\u00f6vesd, 1913. j\u00fal. 29., \u2020 Mv., 2004. j\u00fal. 22.: tan\u00edt\u00f3, tan\u00e1r, k\u00f6lt\u0151. \u2013 Feles\u00e9ge: P\u00e9ter Margit, tan\u00edt\u00f3n\u0151. \u2013 A nagyenyedi Koll.-ban tanult, a k\u00e9zdiv\u00e1s\u00e1rhelyi tan\u00edt\u00f3k\u00e9pz\u0151ben (1934), a kv.-i BBTE-n (1955\u201362), ahol m. nyelv- \u00e9s irodalomszakos tan\u00e1ri k\u00e9pes\u00edt\u00e9st nyert. Szorv\u00e1nytan\u00edt\u00f3k\u00e9nt kezdte p\u00e1ly\u00e1j\u00e1t: Maroskereszt\u00farra nevezt\u00e9k ki, (1934\u201335) igazgat\u00f3 is, ahonnan beh\u00edvt\u00e1k katon\u00e1nak, visszat\u00e9rtekor Sz\u00e9kelyf\u00f6ldv\u00e1ron tan\u00edtott (1935\u201337), ny\u00e1ron [&hellip;]<\/p>\n","protected":false},"featured_media":0,"comment_status":"open","ping_status":"closed","template":"","meta":[],"product_brand":[],"product_cat":[137],"product_tag":[],"class_list":{"0":"post-13141","1":"product","2":"type-product","3":"status-publish","5":"product_cat-maros-megyei-eletrajzi-lexikon","7":"first","8":"instock","9":"shipping-taxable","10":"product-type-simple"},"_links":{"self":[{"href":"https:\/\/uj.adatbank.ro\/lexikon\/wp-json\/wp\/v2\/product\/13141","targetHints":{"allow":["GET"]}}],"collection":[{"href":"https:\/\/uj.adatbank.ro\/lexikon\/wp-json\/wp\/v2\/product"}],"about":[{"href":"https:\/\/uj.adatbank.ro\/lexikon\/wp-json\/wp\/v2\/types\/product"}],"replies":[{"embeddable":true,"href":"https:\/\/uj.adatbank.ro\/lexikon\/wp-json\/wp\/v2\/comments?post=13141"}],"wp:attachment":[{"href":"https:\/\/uj.adatbank.ro\/lexikon\/wp-json\/wp\/v2\/media?parent=13141"}],"wp:term":[{"taxonomy":"product_brand","embeddable":true,"href":"https:\/\/uj.adatbank.ro\/lexikon\/wp-json\/wp\/v2\/product_brand?post=13141"},{"taxonomy":"product_cat","embeddable":true,"href":"https:\/\/uj.adatbank.ro\/lexikon\/wp-json\/wp\/v2\/product_cat?post=13141"},{"taxonomy":"product_tag","embeddable":true,"href":"https:\/\/uj.adatbank.ro\/lexikon\/wp-json\/wp\/v2\/product_tag?post=13141"}],"curies":[{"name":"wp","href":"https:\/\/api.w.org\/{rel}","templated":true}]}}