{"id":13142,"date":"2025-06-29T14:51:27","date_gmt":"2025-06-29T12:51:27","guid":{"rendered":"https:\/\/uj.adatbank.ro\/lexikon\/termek\/kovesdi-miklos\/"},"modified":"2025-06-29T14:51:27","modified_gmt":"2025-06-29T12:51:27","slug":"kovesdi-miklos","status":"publish","type":"product","link":"https:\/\/uj.adatbank.ro\/lexikon\/termek\/kovesdi-miklos\/","title":{"rendered":"K\u00d6VESDI Mikl\u00f3s"},"content":{"rendered":"<p>?, \u2020 ?: nemes. \u2013 Bed\u00e9b\u0151l sz\u00e1rmazik, nemesleveket nyert (1603. j\u00fan. 10.). <br \/><strong>Irod.:<\/strong> B\u00f6l\u00f6ni Domokos: Rem\u00e9ny a Ny\u00e1ros-patak partj\u00e1n (N\u00fa., 1996. aug. 22.)<\/br><\/p>\n","protected":false},"excerpt":{"rendered":"<p>?, \u2020 ?: nemes. \u2013 Bed\u00e9b\u0151l sz\u00e1rmazik, nemesleveket nyert (1603. j\u00fan. 10.). Irod.: B\u00f6l\u00f6ni Domokos: Rem\u00e9ny a Ny\u00e1ros-patak partj\u00e1n (N\u00fa., 1996. aug. 22.)<\/p>\n","protected":false},"featured_media":0,"comment_status":"open","ping_status":"closed","template":"","meta":[],"product_brand":[],"product_cat":[137],"product_tag":[],"class_list":{"0":"post-13142","1":"product","2":"type-product","3":"status-publish","5":"product_cat-maros-megyei-eletrajzi-lexikon","7":"first","8":"instock","9":"shipping-taxable","10":"product-type-simple"},"_links":{"self":[{"href":"https:\/\/uj.adatbank.ro\/lexikon\/wp-json\/wp\/v2\/product\/13142","targetHints":{"allow":["GET"]}}],"collection":[{"href":"https:\/\/uj.adatbank.ro\/lexikon\/wp-json\/wp\/v2\/product"}],"about":[{"href":"https:\/\/uj.adatbank.ro\/lexikon\/wp-json\/wp\/v2\/types\/product"}],"replies":[{"embeddable":true,"href":"https:\/\/uj.adatbank.ro\/lexikon\/wp-json\/wp\/v2\/comments?post=13142"}],"wp:attachment":[{"href":"https:\/\/uj.adatbank.ro\/lexikon\/wp-json\/wp\/v2\/media?parent=13142"}],"wp:term":[{"taxonomy":"product_brand","embeddable":true,"href":"https:\/\/uj.adatbank.ro\/lexikon\/wp-json\/wp\/v2\/product_brand?post=13142"},{"taxonomy":"product_cat","embeddable":true,"href":"https:\/\/uj.adatbank.ro\/lexikon\/wp-json\/wp\/v2\/product_cat?post=13142"},{"taxonomy":"product_tag","embeddable":true,"href":"https:\/\/uj.adatbank.ro\/lexikon\/wp-json\/wp\/v2\/product_tag?post=13142"}],"curies":[{"name":"wp","href":"https:\/\/api.w.org\/{rel}","templated":true}]}}