{"id":13143,"date":"2025-06-29T14:51:29","date_gmt":"2025-06-29T12:51:29","guid":{"rendered":"https:\/\/uj.adatbank.ro\/lexikon\/termek\/kovesdi-samuel\/"},"modified":"2025-06-29T14:51:29","modified_gmt":"2025-06-29T12:51:29","slug":"kovesdi-samuel","status":"publish","type":"product","link":"https:\/\/uj.adatbank.ro\/lexikon\/termek\/kovesdi-samuel\/","title":{"rendered":"K\u00d6VESDI S\u00e1muel"},"content":{"rendered":"<p>?, \u2020 ?: fest\u0151, asztalos. \u2013 Dics\u0151szentm\u00e1rtoni rom\u00e1nkori templomot g\u00f3tikuss\u00e1 \u00e9p\u00edtett\u00e9k, a kazett\u00e1s mennyezet\u00e9t k\u00e9sz\u00edtette (1769). <br \/><strong>Irod.:<\/strong> Keresztes Gyula: Dics\u0151szentm\u00e1rton k\u00f6z\u00e9pkori temploma (N\u00fa., 1999. szept. 17.); L\u00e9sty\u00e1n \u2013 templomok 2.<\/br><\/p>\n","protected":false},"excerpt":{"rendered":"<p>?, \u2020 ?: fest\u0151, asztalos. \u2013 Dics\u0151szentm\u00e1rtoni rom\u00e1nkori templomot g\u00f3tikuss\u00e1 \u00e9p\u00edtett\u00e9k, a kazett\u00e1s mennyezet\u00e9t k\u00e9sz\u00edtette (1769). Irod.: Keresztes Gyula: Dics\u0151szentm\u00e1rton k\u00f6z\u00e9pkori temploma (N\u00fa., 1999. szept. 17.); L\u00e9sty\u00e1n \u2013 templomok 2.<\/p>\n","protected":false},"featured_media":0,"comment_status":"open","ping_status":"closed","template":"","meta":[],"product_brand":[],"product_cat":[137],"product_tag":[],"class_list":{"0":"post-13143","1":"product","2":"type-product","3":"status-publish","5":"product_cat-maros-megyei-eletrajzi-lexikon","7":"first","8":"instock","9":"shipping-taxable","10":"product-type-simple"},"_links":{"self":[{"href":"https:\/\/uj.adatbank.ro\/lexikon\/wp-json\/wp\/v2\/product\/13143","targetHints":{"allow":["GET"]}}],"collection":[{"href":"https:\/\/uj.adatbank.ro\/lexikon\/wp-json\/wp\/v2\/product"}],"about":[{"href":"https:\/\/uj.adatbank.ro\/lexikon\/wp-json\/wp\/v2\/types\/product"}],"replies":[{"embeddable":true,"href":"https:\/\/uj.adatbank.ro\/lexikon\/wp-json\/wp\/v2\/comments?post=13143"}],"wp:attachment":[{"href":"https:\/\/uj.adatbank.ro\/lexikon\/wp-json\/wp\/v2\/media?parent=13143"}],"wp:term":[{"taxonomy":"product_brand","embeddable":true,"href":"https:\/\/uj.adatbank.ro\/lexikon\/wp-json\/wp\/v2\/product_brand?post=13143"},{"taxonomy":"product_cat","embeddable":true,"href":"https:\/\/uj.adatbank.ro\/lexikon\/wp-json\/wp\/v2\/product_cat?post=13143"},{"taxonomy":"product_tag","embeddable":true,"href":"https:\/\/uj.adatbank.ro\/lexikon\/wp-json\/wp\/v2\/product_tag?post=13143"}],"curies":[{"name":"wp","href":"https:\/\/api.w.org\/{rel}","templated":true}]}}