{"id":13145,"date":"2025-06-29T14:51:32","date_gmt":"2025-06-29T12:51:32","guid":{"rendered":"https:\/\/uj.adatbank.ro\/lexikon\/termek\/kovi-maria-zalai-laszlone\/"},"modified":"2025-06-29T14:51:32","modified_gmt":"2025-06-29T12:51:32","slug":"kovi-maria-zalai-laszlone","status":"publish","type":"product","link":"https:\/\/uj.adatbank.ro\/lexikon\/termek\/kovi-maria-zalai-laszlone\/","title":{"rendered":"K\u00d6VI M\u00e1ria, Zalai L\u00e1szl\u00f3n\u00e9"},"content":{"rendered":"<p>Mv., 1924. okt. 20., \u2020 ? : torn\u00e1sz. \u2013 A Post\u00e1s (1939\u20131949), a Vasas torn\u00e1sza (1949\u20131952). -Olimpiai 2. (1948, 1952: \u00f6ssz. csapat); olimpiai 3. (1952: k\u00e9ziszercsapat); olimpiai 5. (1948: l\u00f3ugr\u00e1s); f\u0151isk. vb 2. (1949, 1952: \u00f6ssz. csapat), f\u0151isk. vb 5. (1949, l\u00f3ugr\u00e1s); Balk\u00e1n J\u00e1t\u00e9kok gy\u0151ztese(1947: \u00f6ssz. csapat); magyar bajnok (1946: k\u00e9ziszer, l\u00f3ugr\u00e1s). Magyar v\u00e1logatott (1946\u20131952).-irod.: R\u00daL<\/br><\/p>\n","protected":false},"excerpt":{"rendered":"<p>Mv., 1924. okt. 20., \u2020 ? : torn\u00e1sz. \u2013 A Post\u00e1s (1939\u20131949), a Vasas torn\u00e1sza (1949\u20131952). -Olimpiai 2. (1948, 1952: \u00f6ssz. csapat); olimpiai 3. (1952: k\u00e9ziszercsapat); olimpiai 5. (1948: l\u00f3ugr\u00e1s); f\u0151isk. vb 2. (1949, 1952: \u00f6ssz. csapat), f\u0151isk. vb 5. (1949, l\u00f3ugr\u00e1s); Balk\u00e1n J\u00e1t\u00e9kok gy\u0151ztese(1947: \u00f6ssz. csapat); magyar bajnok (1946: k\u00e9ziszer, l\u00f3ugr\u00e1s). Magyar v\u00e1logatott (1946\u20131952).-irod.: [&hellip;]<\/p>\n","protected":false},"featured_media":0,"comment_status":"open","ping_status":"closed","template":"","meta":[],"product_brand":[],"product_cat":[137],"product_tag":[],"class_list":{"0":"post-13145","1":"product","2":"type-product","3":"status-publish","5":"product_cat-maros-megyei-eletrajzi-lexikon","7":"first","8":"instock","9":"shipping-taxable","10":"product-type-simple"},"_links":{"self":[{"href":"https:\/\/uj.adatbank.ro\/lexikon\/wp-json\/wp\/v2\/product\/13145","targetHints":{"allow":["GET"]}}],"collection":[{"href":"https:\/\/uj.adatbank.ro\/lexikon\/wp-json\/wp\/v2\/product"}],"about":[{"href":"https:\/\/uj.adatbank.ro\/lexikon\/wp-json\/wp\/v2\/types\/product"}],"replies":[{"embeddable":true,"href":"https:\/\/uj.adatbank.ro\/lexikon\/wp-json\/wp\/v2\/comments?post=13145"}],"wp:attachment":[{"href":"https:\/\/uj.adatbank.ro\/lexikon\/wp-json\/wp\/v2\/media?parent=13145"}],"wp:term":[{"taxonomy":"product_brand","embeddable":true,"href":"https:\/\/uj.adatbank.ro\/lexikon\/wp-json\/wp\/v2\/product_brand?post=13145"},{"taxonomy":"product_cat","embeddable":true,"href":"https:\/\/uj.adatbank.ro\/lexikon\/wp-json\/wp\/v2\/product_cat?post=13145"},{"taxonomy":"product_tag","embeddable":true,"href":"https:\/\/uj.adatbank.ro\/lexikon\/wp-json\/wp\/v2\/product_tag?post=13145"}],"curies":[{"name":"wp","href":"https:\/\/api.w.org\/{rel}","templated":true}]}}