{"id":13147,"date":"2025-06-29T14:51:37","date_gmt":"2025-06-29T12:51:37","guid":{"rendered":"https:\/\/uj.adatbank.ro\/lexikon\/termek\/kovrig-janos-samuel\/"},"modified":"2025-06-29T14:51:37","modified_gmt":"2025-06-29T12:51:37","slug":"kovrig-janos-samuel","status":"publish","type":"product","link":"https:\/\/uj.adatbank.ro\/lexikon\/termek\/kovrig-janos-samuel\/","title":{"rendered":"KOVRIG J\u00e1nos S\u00e1muel"},"content":{"rendered":"<p>Ny\u00e1r\u00e1dt\u0151, 1905. szept. 4. \u2020 ? : gazd\u00e1lkod\u00f3. A kollekt\u00edviz\u00e1l\u00e1s elleni ny\u00e1r\u00e1dt\u0151i megmozdul\u00e1sban r\u00e9sztvev\u0151k egyike, b\u00edr\u00f3s\u00e1g el\u00e9 \u00e1ll\u00edtott\u00e1k. <br \/><strong>Irod.:<\/strong> 1956 Erd\u00e9lyben<\/br><\/p>\n","protected":false},"excerpt":{"rendered":"<p>Ny\u00e1r\u00e1dt\u0151, 1905. szept. 4. \u2020 ? : gazd\u00e1lkod\u00f3. A kollekt\u00edviz\u00e1l\u00e1s elleni ny\u00e1r\u00e1dt\u0151i megmozdul\u00e1sban r\u00e9sztvev\u0151k egyike, b\u00edr\u00f3s\u00e1g el\u00e9 \u00e1ll\u00edtott\u00e1k. Irod.: 1956 Erd\u00e9lyben<\/p>\n","protected":false},"featured_media":0,"comment_status":"open","ping_status":"closed","template":"","meta":[],"product_brand":[],"product_cat":[137],"product_tag":[],"class_list":{"0":"post-13147","1":"product","2":"type-product","3":"status-publish","5":"product_cat-maros-megyei-eletrajzi-lexikon","7":"first","8":"instock","9":"shipping-taxable","10":"product-type-simple"},"_links":{"self":[{"href":"https:\/\/uj.adatbank.ro\/lexikon\/wp-json\/wp\/v2\/product\/13147","targetHints":{"allow":["GET"]}}],"collection":[{"href":"https:\/\/uj.adatbank.ro\/lexikon\/wp-json\/wp\/v2\/product"}],"about":[{"href":"https:\/\/uj.adatbank.ro\/lexikon\/wp-json\/wp\/v2\/types\/product"}],"replies":[{"embeddable":true,"href":"https:\/\/uj.adatbank.ro\/lexikon\/wp-json\/wp\/v2\/comments?post=13147"}],"wp:attachment":[{"href":"https:\/\/uj.adatbank.ro\/lexikon\/wp-json\/wp\/v2\/media?parent=13147"}],"wp:term":[{"taxonomy":"product_brand","embeddable":true,"href":"https:\/\/uj.adatbank.ro\/lexikon\/wp-json\/wp\/v2\/product_brand?post=13147"},{"taxonomy":"product_cat","embeddable":true,"href":"https:\/\/uj.adatbank.ro\/lexikon\/wp-json\/wp\/v2\/product_cat?post=13147"},{"taxonomy":"product_tag","embeddable":true,"href":"https:\/\/uj.adatbank.ro\/lexikon\/wp-json\/wp\/v2\/product_tag?post=13147"}],"curies":[{"name":"wp","href":"https:\/\/api.w.org\/{rel}","templated":true}]}}